{"id":8522,"date":"2018-11-27T18:43:43","date_gmt":"2018-11-27T18:43:43","guid":{"rendered":"http:\/\/esrawe.com\/2018esrawe\/?page_id=8522"},"modified":"2018-11-27T18:53:00","modified_gmt":"2018-11-27T18:53:00","slug":"frame-awards-2018","status":"publish","type":"page","link":"https:\/\/esrawe.com\/2018esrawe\/noticias\/frame-awards-2018\/","title":{"rendered":"Frame Awards 2018"},"content":{"rendered":"<p><img loading=\"lazy\" class=\"alignnone wp-image-8529\" src=\"https:\/\/i1.wp.com\/esrawe.com\/2018esrawe\/wp-content\/uploads\/2018\/11\/ESRAWE_NEWSF.jpg?resize=500%2C500&#038;ssl=1\" alt=\"\" width=\"500\" height=\"500\" srcset=\"https:\/\/i1.wp.com\/esrawe.com\/2018esrawe\/wp-content\/uploads\/2018\/11\/ESRAWE_NEWSF.jpg?w=750&amp;ssl=1 750w, https:\/\/i1.wp.com\/esrawe.com\/2018esrawe\/wp-content\/uploads\/2018\/11\/ESRAWE_NEWSF.jpg?resize=150%2C150&amp;ssl=1 150w, https:\/\/i1.wp.com\/esrawe.com\/2018esrawe\/wp-content\/uploads\/2018\/11\/ESRAWE_NEWSF.jpg?resize=300%2C300&amp;ssl=1 300w\" sizes=\"(max-width: 500px) 100vw, 500px\" data-recalc-dims=\"1\" \/><\/p>\n<h1 class=\"title_interior\" style=\"font-size: 11px; padding-top: 46px; padding-bottom: 26px; text-align: center;\"><strong>Frame Awards 2018<\/strong><\/h1>\n<p id=\"tw-target-text\" class=\"parrafo\" dir=\"ltr\" style=\"text-align: center; font-size: 11px; padding-bottom: 20px; padding-left: 10%; padding-right: 10%;\" data-placeholder=\"Traducci\u00f3n\"><span lang=\"es\">Los premios Frame Awards son los primeros y \u00fanicos premios mundiales de dise\u00f1o de interiores con un enfoque verdaderamente hol\u00edstico. Los premios honran a los mejores proyectos de interiores del mundo, pero tambi\u00e9n a las personas detr\u00e1s de ellos. Este a\u00f1o nos complace ser nominados en la categor\u00eda de Restaurante del A\u00f1o con el proyecto \u00abEl Califa\u00bb.<\/span><\/p>\n","protected":false},"excerpt":{"rendered":"<p>Frame Awards 2018 Los premios Frame Awards son los primeros y \u00fanicos premios mundiales de dise\u00f1o de interiores con un enfoque verdaderamente hol\u00edstico. Los premios honran a los mejores proyectos de interiores del mundo, pero tambi\u00e9n a las personas detr\u00e1s de ellos. Este a\u00f1o nos complace ser nominados en la categor\u00eda de Restaurante del A\u00f1o&#8230;<\/p>\n","protected":false},"author":2,"featured_media":0,"parent":4895,"menu_order":0,"comment_status":"closed","ping_status":"closed","template":"","meta":[],"categories":[67],"tags":[],"_links":{"self":[{"href":"https:\/\/esrawe.com\/2018esrawe\/wp-json\/wp\/v2\/pages\/8522"}],"collection":[{"href":"https:\/\/esrawe.com\/2018esrawe\/wp-json\/wp\/v2\/pages"}],"about":[{"href":"https:\/\/esrawe.com\/2018esrawe\/wp-json\/wp\/v2\/types\/page"}],"author":[{"embeddable":true,"href":"https:\/\/esrawe.com\/2018esrawe\/wp-json\/wp\/v2\/users\/2"}],"replies":[{"embeddable":true,"href":"https:\/\/esrawe.com\/2018esrawe\/wp-json\/wp\/v2\/comments?post=8522"}],"version-history":[{"count":6,"href":"https:\/\/esrawe.com\/2018esrawe\/wp-json\/wp\/v2\/pages\/8522\/revisions"}],"predecessor-version":[{"id":9334,"href":"https:\/\/esrawe.com\/2018esrawe\/wp-json\/wp\/v2\/pages\/8522\/revisions\/9334"}],"up":[{"embeddable":true,"href":"https:\/\/esrawe.com\/2018esrawe\/wp-json\/wp\/v2\/pages\/4895"}],"wp:attachment":[{"href":"https:\/\/esrawe.com\/2018esrawe\/wp-json\/wp\/v2\/media?parent=8522"}],"wp:term":[{"taxonomy":"category","embeddable":true,"href":"https:\/\/esrawe.com\/2018esrawe\/wp-json\/wp\/v2\/categories?post=8522"},{"taxonomy":"post_tag","embeddable":true,"href":"https:\/\/esrawe.com\/2018esrawe\/wp-json\/wp\/v2\/tags?post=8522"}],"curies":[{"name":"wp","href":"https:\/\/api.w.org\/{rel}","templated":true}]}}