{"id":5560,"date":"2015-01-15T18:08:22","date_gmt":"2015-01-15T18:08:22","guid":{"rendered":"http:\/\/esrawe.com\/2018esrawe\/?page_id=5560"},"modified":"2023-06-01T16:33:36","modified_gmt":"2023-06-01T16:33:36","slug":"corporativo-a","status":"publish","type":"page","link":"https:\/\/esrawe.com\/2018esrawe\/interiores\/corporativo-a\/","title":{"rendered":"Corporativo A \/ CDMX, M\u00e9xico \/ 2015"},"content":{"rendered":"<p><img loading=\"lazy\" class=\"alignnone size-full wp-image-5562\" src=\"https:\/\/i1.wp.com\/esrawe.com\/2018esrawe\/wp-content\/uploads\/2018\/07\/A4.jpg?resize=1188%2C681&#038;ssl=1\" alt=\"\" width=\"1188\" height=\"681\" srcset=\"https:\/\/i1.wp.com\/esrawe.com\/2018esrawe\/wp-content\/uploads\/2018\/07\/A4.jpg?w=1188&amp;ssl=1 1188w, https:\/\/i1.wp.com\/esrawe.com\/2018esrawe\/wp-content\/uploads\/2018\/07\/A4.jpg?resize=300%2C172&amp;ssl=1 300w, https:\/\/i1.wp.com\/esrawe.com\/2018esrawe\/wp-content\/uploads\/2018\/07\/A4.jpg?resize=768%2C440&amp;ssl=1 768w, https:\/\/i1.wp.com\/esrawe.com\/2018esrawe\/wp-content\/uploads\/2018\/07\/A4.jpg?resize=1024%2C587&amp;ssl=1 1024w\" sizes=\"(max-width: 1188px) 100vw, 1188px\" data-recalc-dims=\"1\" \/><\/p>\n<h1 class=\"title_interior\" style=\"font-size: 13px; padding-top: 46px; padding-bottom: 26px; text-align: center;\"><strong>Corporativo A<\/strong><\/h1>\n<p class=\"parrafo\" style=\"font-size: 11px; padding-bottom: 20px; padding-left: 10%; padding-right: 10%; text-align: left;\">Esrawe Studio desarrolla las oficinas corporativas para un Fondo de Inversi\u00f3n, en una planta cuadrada de 900 m2, es una propuesta que nace de la din\u00e1mica y filosof\u00eda del grupo, una estructura en constante interacci\u00f3n y movimiento, todas las \u00e1reas se articulan y complementan en la operaci\u00f3n diaria, es un engranaje preciso donde la analog\u00eda correcta es una maquinaria de reloj, la de concebir el espacio mismo como una herramienta de trabajo, lo que nos lleva a proponer un circulo circunscrito dentro de una planta cuadrada.<\/p>\n<p class=\"parrafo\" style=\"font-size: 11px; padding-bottom: 20px; padding-left: 10%; padding-right: 10%; text-align: left;\">El per\u00edmetro aloja direcciones generales, direcciones de \u00e1rea y salas de juntas, est\u00e1 delimitado por una celos\u00eda de madera radial, la cual hace las veces de <em>louver<\/em>, permite la entrada de luz y logra dar una continuidad visual en todo el proyecto. Una superficie central y abierta queda dentro del c\u00edrculo formado por la celos\u00eda, en ella est\u00e1n los lugares del equipo de trabajo.<\/p>\n<p class=\"parrafo\" style=\"font-size: 11px; padding-bottom: 20px; padding-left: 10%; padding-right: 10%; text-align: left;\">La radialidad se acent\u00faa con elementos textiles suspendidos en el plaf\u00f3n que ademas de proveer una soluci\u00f3n ac\u00fastica refuerzan la concepci\u00f3n operativa del corporativo y fortalecen la idea arquitect\u00f3nica.<\/p>\n<p class=\"parrafo\" style=\"font-size: 11px; padding-bottom: 20px; padding-left: 10%; padding-right: 10%; text-align: left;\">Dentro del espacio central existe un \u00e1rea polivalente que se utiliza de manera flexible, en ocasiones aloja reuniones de trabajo o presentaciones, en otras se utiliza como un lugar de esparcimiento para todos los colaboradores(Lounge).<\/p>\n<p class=\"parrafo\" style=\"font-size: 11px; padding-bottom: 20px; padding-left: 10%; padding-right: 10%; text-align: left;\">Corporativo A es un lugar vivo y atemporal que refleja la eficiencia, la vanguardia y el dinamismo del grupo.<\/p>\n<div class=\"tiled-gallery type-rectangular tiled-gallery-unresized\" data-original-width=\"1200\" data-carousel-extra='null' itemscope itemtype=\"http:\/\/schema.org\/ImageGallery\" > <div class=\"gallery-row\" style=\"width: 1200px; height: 696px;\" data-original-width=\"1200\" data-original-height=\"696\" > <div class=\"gallery-group images-1\" style=\"width: 600px; height: 696px;\" data-original-width=\"600\" data-original-height=\"696\" > <div class=\"tiled-gallery-item tiled-gallery-item-large\" itemprop=\"associatedMedia\" itemscope itemtype=\"http:\/\/schema.org\/ImageObject\"> <a href=\"https:\/\/esrawe.com\/2018esrawe\/interiores\/corporativo-a\/portadaa-2\/\" border=\"0\" itemprop=\"url\"> <meta itemprop=\"width\" content=\"596\"> <meta itemprop=\"height\" content=\"692\"> <img data-attachment-id=\"5699\" data-orig-file=\"https:\/\/esrawe.com\/2018esrawe\/wp-content\/uploads\/2018\/07\/portadaA-1.jpg\" data-orig-size=\"1189,1381\" data-comments-opened=\"\" data-image-meta=\"{&quot;aperture&quot;:&quot;0&quot;,&quot;credit&quot;:&quot;&quot;,&quot;camera&quot;:&quot;&quot;,&quot;caption&quot;:&quot;&quot;,&quot;created_timestamp&quot;:&quot;0&quot;,&quot;copyright&quot;:&quot;&quot;,&quot;focal_length&quot;:&quot;0&quot;,&quot;iso&quot;:&quot;0&quot;,&quot;shutter_speed&quot;:&quot;0&quot;,&quot;title&quot;:&quot;&quot;,&quot;orientation&quot;:&quot;0&quot;}\" data-image-title=\"portadaA\" data-image-description=\"\" data-medium-file=\"https:\/\/i1.wp.com\/esrawe.com\/2018esrawe\/wp-content\/uploads\/2018\/07\/portadaA-1.jpg?fit=258%2C300&#038;ssl=1\" data-large-file=\"https:\/\/i1.wp.com\/esrawe.com\/2018esrawe\/wp-content\/uploads\/2018\/07\/portadaA-1.jpg?fit=882%2C1024&#038;ssl=1\" src=\"https:\/\/i1.wp.com\/esrawe.com\/2018esrawe\/wp-content\/uploads\/2018\/07\/portadaA-1.jpg?ssl=1&#038;w=596&#038;h=692\" width=\"596\" height=\"692\" data-original-width=\"596\" data-original-height=\"692\" itemprop=\"http:\/\/schema.org\/image\" title=\"portadaA\" alt=\"portadaA\" style=\"width: 596px; height: 692px;\" \/> <\/a> <\/div> <\/div> <!-- close group --> <div class=\"gallery-group images-1\" style=\"width: 600px; height: 696px;\" data-original-width=\"600\" data-original-height=\"696\" > <div class=\"tiled-gallery-item tiled-gallery-item-large\" itemprop=\"associatedMedia\" itemscope itemtype=\"http:\/\/schema.org\/ImageObject\"> <a href=\"https:\/\/esrawe.com\/2018esrawe\/interiores\/corporativo-a\/a2\/\" border=\"0\" itemprop=\"url\"> <meta itemprop=\"width\" content=\"596\"> <meta itemprop=\"height\" content=\"692\"> <img data-attachment-id=\"5564\" data-orig-file=\"https:\/\/esrawe.com\/2018esrawe\/wp-content\/uploads\/2018\/07\/A2.jpg\" data-orig-size=\"1189,1381\" data-comments-opened=\"\" data-image-meta=\"{&quot;aperture&quot;:&quot;0&quot;,&quot;credit&quot;:&quot;&quot;,&quot;camera&quot;:&quot;&quot;,&quot;caption&quot;:&quot;&quot;,&quot;created_timestamp&quot;:&quot;0&quot;,&quot;copyright&quot;:&quot;&quot;,&quot;focal_length&quot;:&quot;0&quot;,&quot;iso&quot;:&quot;0&quot;,&quot;shutter_speed&quot;:&quot;0&quot;,&quot;title&quot;:&quot;&quot;,&quot;orientation&quot;:&quot;0&quot;}\" data-image-title=\"A2\" data-image-description=\"\" data-medium-file=\"https:\/\/i2.wp.com\/esrawe.com\/2018esrawe\/wp-content\/uploads\/2018\/07\/A2.jpg?fit=258%2C300&#038;ssl=1\" data-large-file=\"https:\/\/i2.wp.com\/esrawe.com\/2018esrawe\/wp-content\/uploads\/2018\/07\/A2.jpg?fit=882%2C1024&#038;ssl=1\" src=\"https:\/\/i2.wp.com\/esrawe.com\/2018esrawe\/wp-content\/uploads\/2018\/07\/A2.jpg?ssl=1&#038;w=596&#038;h=692\" width=\"596\" height=\"692\" data-original-width=\"596\" data-original-height=\"692\" itemprop=\"http:\/\/schema.org\/image\" title=\"A2\" alt=\"A2\" style=\"width: 596px; height: 692px;\" \/> <\/a> <\/div> <\/div> <!-- close group --> <\/div> <!-- close row --> <\/div>\n<p><img loading=\"lazy\" class=\"alignnone size-full wp-image-5567\" src=\"https:\/\/i1.wp.com\/esrawe.com\/2018esrawe\/wp-content\/uploads\/2018\/07\/A1.jpg?resize=1188%2C681&#038;ssl=1\" alt=\"\" width=\"1188\" height=\"681\" srcset=\"https:\/\/i1.wp.com\/esrawe.com\/2018esrawe\/wp-content\/uploads\/2018\/07\/A1.jpg?w=1188&amp;ssl=1 1188w, https:\/\/i1.wp.com\/esrawe.com\/2018esrawe\/wp-content\/uploads\/2018\/07\/A1.jpg?resize=300%2C172&amp;ssl=1 300w, https:\/\/i1.wp.com\/esrawe.com\/2018esrawe\/wp-content\/uploads\/2018\/07\/A1.jpg?resize=768%2C440&amp;ssl=1 768w, https:\/\/i1.wp.com\/esrawe.com\/2018esrawe\/wp-content\/uploads\/2018\/07\/A1.jpg?resize=1024%2C587&amp;ssl=1 1024w\" sizes=\"(max-width: 1188px) 100vw, 1188px\" data-recalc-dims=\"1\" \/><\/p>\n<h2><\/h2>\n<h2 class=\"ficha\" style=\"font-size: 10px; line-height: 12px; text-align: right; padding-bottom: 20px;\"><strong>Interiores \/ Esrawe Studio \/ 2015<\/strong><br \/>\n<strong>Equipo de dise\u00f1o<\/strong> \/\u00a0H\u00e9ctor Esrawe, Arturo Ortiz, Jorge Bracho,<br \/>\nDaniela Padilla, Ana Paula de Alba, Eduardo Alvarez<\/h2>\n","protected":false},"excerpt":{"rendered":"<p>Corporativo A Esrawe Studio desarrolla las oficinas corporativas para un Fondo de Inversi\u00f3n, en una planta cuadrada de 900 m2, es una propuesta que nace de la din\u00e1mica y filosof\u00eda del grupo, una estructura en constante interacci\u00f3n y movimiento, todas las \u00e1reas se articulan y complementan en la operaci\u00f3n diaria, es un engranaje preciso donde&#8230;<\/p>\n","protected":false},"author":2,"featured_media":5570,"parent":902,"menu_order":0,"comment_status":"closed","ping_status":"closed","template":"","meta":[],"categories":[218],"tags":[],"_links":{"self":[{"href":"https:\/\/esrawe.com\/2018esrawe\/wp-json\/wp\/v2\/pages\/5560"}],"collection":[{"href":"https:\/\/esrawe.com\/2018esrawe\/wp-json\/wp\/v2\/pages"}],"about":[{"href":"https:\/\/esrawe.com\/2018esrawe\/wp-json\/wp\/v2\/types\/page"}],"author":[{"embeddable":true,"href":"https:\/\/esrawe.com\/2018esrawe\/wp-json\/wp\/v2\/users\/2"}],"replies":[{"embeddable":true,"href":"https:\/\/esrawe.com\/2018esrawe\/wp-json\/wp\/v2\/comments?post=5560"}],"version-history":[{"count":9,"href":"https:\/\/esrawe.com\/2018esrawe\/wp-json\/wp\/v2\/pages\/5560\/revisions"}],"predecessor-version":[{"id":26644,"href":"https:\/\/esrawe.com\/2018esrawe\/wp-json\/wp\/v2\/pages\/5560\/revisions\/26644"}],"up":[{"embeddable":true,"href":"https:\/\/esrawe.com\/2018esrawe\/wp-json\/wp\/v2\/pages\/902"}],"wp:featuredmedia":[{"embeddable":true,"href":"https:\/\/esrawe.com\/2018esrawe\/wp-json\/wp\/v2\/media\/5570"}],"wp:attachment":[{"href":"https:\/\/esrawe.com\/2018esrawe\/wp-json\/wp\/v2\/media?parent=5560"}],"wp:term":[{"taxonomy":"category","embeddable":true,"href":"https:\/\/esrawe.com\/2018esrawe\/wp-json\/wp\/v2\/categories?post=5560"},{"taxonomy":"post_tag","embeddable":true,"href":"https:\/\/esrawe.com\/2018esrawe\/wp-json\/wp\/v2\/tags?post=5560"}],"curies":[{"name":"wp","href":"https:\/\/api.w.org\/{rel}","templated":true}]}}