{"id":4895,"date":"2018-06-30T02:30:49","date_gmt":"2018-06-30T02:30:49","guid":{"rendered":"http:\/\/esrawe.com\/2018esrawe\/?page_id=4895"},"modified":"2020-06-26T16:46:08","modified_gmt":"2020-06-26T16:46:08","slug":"noticias","status":"publish","type":"page","link":"https:\/\/esrawe.com\/2018esrawe\/noticias\/","title":{"rendered":"Noticias"},"content":{"rendered":"<div class=\"pt-cv-wrapper\"><div class=\"pt-cv-view pt-cv-grid pt-cv-colsys pt-cv-sharp-buttons\" id=\"pt-cv-view-538ee0clha\"><div data-id=\"pt-cv-page-1\" class=\"pt-cv-page\" data-cvc=\"1\"><div class=\"col-md-12 col-sm-12 col-xs-12 pt-cv-content-item pt-cv-1-col\"  data-pid=\"11158\"><div class='pt-cv-ifield'><div class=\"pt-cv-content\"><p><img loading=\"lazy\" class=\"alignnone wp-image-11159 size-full\" src=\"https:\/\/i1.wp.com\/esrawe.com\/2018esrawe\/wp-content\/uploads\/2019\/12\/ESRAWE_NEWS-BoY2019-1.jpg?resize=500%2C500&#038;ssl=1\" alt=\"\" width=\"500\" height=\"500\" srcset=\"https:\/\/i1.wp.com\/esrawe.com\/2018esrawe\/wp-content\/uploads\/2019\/12\/ESRAWE_NEWS-BoY2019-1.jpg?w=500&amp;ssl=1 500w, https:\/\/i1.wp.com\/esrawe.com\/2018esrawe\/wp-content\/uploads\/2019\/12\/ESRAWE_NEWS-BoY2019-1.jpg?resize=150%2C150&amp;ssl=1 150w, https:\/\/i1.wp.com\/esrawe.com\/2018esrawe\/wp-content\/uploads\/2019\/12\/ESRAWE_NEWS-BoY2019-1.jpg?resize=300%2C300&amp;ssl=1 300w\" sizes=\"(max-width: 500px) 100vw, 500px\" data-recalc-dims=\"1\" \/><\/p>\n<h1 class=\"title_interior\" style=\"font-size: 11px; padding-top: 46px; padding-bottom: 26px; text-align: center;\"><strong>Best of Year Awards 2019<\/strong><\/h1>\n<p id=\"tw-target-text\" class=\"parrafo\" dir=\"ltr\" style=\"text-align: center; font-size: 11px; padding-bottom: 20px; padding-left: 10%; padding-right: 10%;\" data-placeholder=\"Traducci\u00f3n\">Emocionados de haber ganado el Premio Best of Year por Grupo Arca Guadalajara Design Center en la categor\u00eda de showroom.<\/p>\n<\/div><\/div><\/div>\n<div class=\"col-md-12 col-sm-12 col-xs-12 pt-cv-content-item pt-cv-1-col\"  data-pid=\"11048\"><div class='pt-cv-ifield'><div class=\"pt-cv-content\"><p><img loading=\"lazy\" class=\"alignnone wp-image-11057 size-full\" src=\"https:\/\/i1.wp.com\/esrawe.com\/2018esrawe\/wp-content\/uploads\/2019\/09\/ESRAWE_NEWS-Firenze-Entremuros-2.jpg?resize=500%2C500&#038;ssl=1\" alt=\"\" width=\"500\" height=\"500\" srcset=\"https:\/\/i1.wp.com\/esrawe.com\/2018esrawe\/wp-content\/uploads\/2019\/09\/ESRAWE_NEWS-Firenze-Entremuros-2.jpg?w=500&amp;ssl=1 500w, https:\/\/i1.wp.com\/esrawe.com\/2018esrawe\/wp-content\/uploads\/2019\/09\/ESRAWE_NEWS-Firenze-Entremuros-2.jpg?resize=150%2C150&amp;ssl=1 150w, https:\/\/i1.wp.com\/esrawe.com\/2018esrawe\/wp-content\/uploads\/2019\/09\/ESRAWE_NEWS-Firenze-Entremuros-2.jpg?resize=300%2C300&amp;ssl=1 300w\" sizes=\"(max-width: 500px) 100vw, 500px\" data-recalc-dims=\"1\" \/><\/p>\n<h1 class=\"title_interior\" style=\"font-size: 11px; padding-top: 46px; padding-bottom: 26px; text-align: center;\"><strong>Premio Firenze Entremuros 2019<\/strong><\/h1>\n<p id=\"tw-target-text\" class=\"parrafo\" dir=\"ltr\" style=\"text-align: center; font-size: 11px; padding-bottom: 20px; padding-left: 10%; padding-right: 10%;\" data-placeholder=\"Traducci\u00f3n\"><span lang=\"es\">Por tercer a\u00f1o consecutivo, Firenze en colaboraci\u00f3n con Grupo Reforma, reconocen a lo mejor de la arquitectura y el interiorismo en M\u00e9xico.\u00a0<\/span><span lang=\"es\">H\u00e9ctor Esrawe fue distinguido como <span style=\"text-decoration: underline;\"><a href=\"https:\/\/vimeo.com\/361093818\">Mejor Interiorista de M\u00e9xico.<\/a><\/span><br \/>\n<\/span><\/p>\n<\/div><\/div><\/div>\n<div class=\"col-md-12 col-sm-12 col-xs-12 pt-cv-content-item pt-cv-1-col\"  data-pid=\"9359\"><div class='pt-cv-ifield'><div class=\"pt-cv-content\"><p><img loading=\"lazy\" class=\"alignnone wp-image-9360 size-full\" src=\"https:\/\/i1.wp.com\/esrawe.com\/2018esrawe\/wp-content\/uploads\/2019\/03\/Trama-Collection-e1551835492788.jpg?resize=500%2C500&#038;ssl=1\" alt=\"\" width=\"500\" height=\"500\" data-recalc-dims=\"1\" \/><\/p>\n<h1 class=\"title_interior\" style=\"font-size: 11px; padding-top: 46px; padding-bottom: 26px; text-align: center;\"><strong>Zona Maco 2019 \u2013 Colecci\u00f3n Trama<\/strong><\/h1>\n<p class=\"parrafo\" style=\"text-align: center; font-size: 11px; padding-bottom: 20px; padding-left: 10%; padding-right: 10%;\">Esrawe Studio presenta la colecci\u00f3n Trama en la feria internacional Zona Maco 2019, una edici\u00f3n limitada fabricada en madera y lat\u00f3n e inspirada en las estructuras temporales utilizadas en construcci\u00f3n.<\/p>\n<p id=\"tw-target-text\" class=\"parrafo\" dir=\"ltr\" style=\"text-align: center; font-size: 11px; padding-bottom: 20px; padding-left: 10%; padding-right: 10%;\" data-placeholder=\"Traducci\u00f3n\">\n<\/p><\/div><\/div><\/div>\n<div class=\"col-md-12 col-sm-12 col-xs-12 pt-cv-content-item pt-cv-1-col\"  data-pid=\"9335\"><div class='pt-cv-ifield'><div class=\"pt-cv-content\"><p><img loading=\"lazy\" class=\"alignnone wp-image-9356 size-full\" src=\"https:\/\/i1.wp.com\/esrawe.com\/2018esrawe\/wp-content\/uploads\/2019\/03\/FrameAwardsWinner-Califa.jpg?resize=500%2C500&#038;ssl=1\" alt=\"\" width=\"500\" height=\"500\" srcset=\"https:\/\/i1.wp.com\/esrawe.com\/2018esrawe\/wp-content\/uploads\/2019\/03\/FrameAwardsWinner-Califa.jpg?w=500&amp;ssl=1 500w, https:\/\/i1.wp.com\/esrawe.com\/2018esrawe\/wp-content\/uploads\/2019\/03\/FrameAwardsWinner-Califa.jpg?resize=150%2C150&amp;ssl=1 150w, https:\/\/i1.wp.com\/esrawe.com\/2018esrawe\/wp-content\/uploads\/2019\/03\/FrameAwardsWinner-Califa.jpg?resize=300%2C300&amp;ssl=1 300w\" sizes=\"(max-width: 500px) 100vw, 500px\" data-recalc-dims=\"1\" \/><\/p>\n<h1 class=\"title_interior\" style=\"font-size: 11px; padding-top: 46px; padding-bottom: 26px; text-align: center;\"><strong>Restaurante del a\u00f1o 2019 \u2013 Frame Awards<\/strong><\/h1>\n<p id=\"tw-target-text\" class=\"parrafo\" dir=\"ltr\" style=\"text-align: center; font-size: 11px; padding-bottom: 20px; padding-left: 10%; padding-right: 10%;\" data-placeholder=\"Traducci\u00f3n\"><span lang=\"es\">\u00a1El Califa es ganador! \u2013 Frame Awards. Votaci\u00f3n del p\u00fablico.\u00a0<\/span><\/p>\n<\/div><\/div><\/div>\n<div class=\"col-md-12 col-sm-12 col-xs-12 pt-cv-content-item pt-cv-1-col\"  data-pid=\"8522\"><div class='pt-cv-ifield'><div class=\"pt-cv-content\"><p><img loading=\"lazy\" class=\"alignnone wp-image-8529\" src=\"https:\/\/i1.wp.com\/esrawe.com\/2018esrawe\/wp-content\/uploads\/2018\/11\/ESRAWE_NEWSF.jpg?resize=500%2C500&#038;ssl=1\" alt=\"\" width=\"500\" height=\"500\" srcset=\"https:\/\/i1.wp.com\/esrawe.com\/2018esrawe\/wp-content\/uploads\/2018\/11\/ESRAWE_NEWSF.jpg?w=750&amp;ssl=1 750w, https:\/\/i1.wp.com\/esrawe.com\/2018esrawe\/wp-content\/uploads\/2018\/11\/ESRAWE_NEWSF.jpg?resize=150%2C150&amp;ssl=1 150w, https:\/\/i1.wp.com\/esrawe.com\/2018esrawe\/wp-content\/uploads\/2018\/11\/ESRAWE_NEWSF.jpg?resize=300%2C300&amp;ssl=1 300w\" sizes=\"(max-width: 500px) 100vw, 500px\" data-recalc-dims=\"1\" \/><\/p>\n<h1 class=\"title_interior\" style=\"font-size: 11px; padding-top: 46px; padding-bottom: 26px; text-align: center;\"><strong>Frame Awards 2018<\/strong><\/h1>\n<p id=\"tw-target-text\" class=\"parrafo\" dir=\"ltr\" style=\"text-align: center; font-size: 11px; padding-bottom: 20px; padding-left: 10%; padding-right: 10%;\" data-placeholder=\"Traducci\u00f3n\"><span lang=\"es\">Los premios Frame Awards son los primeros y \u00fanicos premios mundiales de dise\u00f1o de interiores con un enfoque verdaderamente hol\u00edstico. Los premios honran a los mejores proyectos de interiores del mundo, pero tambi\u00e9n a las personas detr\u00e1s de ellos. Este a\u00f1o nos complace ser nominados en la categor\u00eda de Restaurante del A\u00f1o con el proyecto \u00abEl Califa\u00bb.<\/span><\/p>\n<\/div><\/div><\/div>\n<div class=\"col-md-12 col-sm-12 col-xs-12 pt-cv-content-item pt-cv-1-col\"  data-pid=\"8326\"><div class='pt-cv-ifield'><div class=\"pt-cv-content\"><p><img loading=\"lazy\" class=\"alignnone wp-image-8518 size-full\" src=\"https:\/\/i2.wp.com\/esrawe.com\/2018esrawe\/wp-content\/uploads\/2018\/11\/dw18-.jpg?resize=500%2C500&#038;ssl=1\" alt=\"\" width=\"500\" height=\"500\" srcset=\"https:\/\/i2.wp.com\/esrawe.com\/2018esrawe\/wp-content\/uploads\/2018\/11\/dw18-.jpg?w=500&amp;ssl=1 500w, https:\/\/i2.wp.com\/esrawe.com\/2018esrawe\/wp-content\/uploads\/2018\/11\/dw18-.jpg?resize=150%2C150&amp;ssl=1 150w, https:\/\/i2.wp.com\/esrawe.com\/2018esrawe\/wp-content\/uploads\/2018\/11\/dw18-.jpg?resize=300%2C300&amp;ssl=1 300w\" sizes=\"(max-width: 500px) 100vw, 500px\" data-recalc-dims=\"1\" \/><\/p>\n<h1 class=\"title_interior\" style=\"font-size: 11px; padding-top: 46px; padding-bottom: 26px; text-align: center;\"><strong>Design Week 18 \/ Intervalo<\/strong><\/h1>\n<p class=\"parrafo\" style=\"text-align: center; font-size: 11px; padding-bottom: 20px; padding-left: 10%; padding-right: 10%;\">Dentro del marco de Design Week M\u00e9xico 2018, Esrawe Studio presenta cuatro nuevas piezas en su showroom bajo el t\u00edtulo Intervalo, como complem\u00adento a sus colecciones previas. Estas piezas son parte de su continuidad en el entendimiento y aprendizaje constante de nuevos procesos y desarrollos. Este proceso meticuloso y de gran destreza t\u00e9cnica y artesanal, es el sello presente en la filosof\u00eda de la marca.<\/p>\n<\/div><\/div><\/div>\n<div class=\"col-md-12 col-sm-12 col-xs-12 pt-cv-content-item pt-cv-1-col\"  data-pid=\"8221\"><div class='pt-cv-ifield'><div class=\"pt-cv-content\"><p><img loading=\"lazy\" class=\"alignnone size-full wp-image-8222\" src=\"https:\/\/i1.wp.com\/esrawe.com\/2018esrawe\/wp-content\/uploads\/2018\/09\/news_geg.jpg?resize=500%2C500&#038;ssl=1\" alt=\"\" width=\"500\" height=\"500\" srcset=\"https:\/\/i1.wp.com\/esrawe.com\/2018esrawe\/wp-content\/uploads\/2018\/09\/news_geg.jpg?w=500&amp;ssl=1 500w, https:\/\/i1.wp.com\/esrawe.com\/2018esrawe\/wp-content\/uploads\/2018\/09\/news_geg.jpg?resize=150%2C150&amp;ssl=1 150w, https:\/\/i1.wp.com\/esrawe.com\/2018esrawe\/wp-content\/uploads\/2018\/09\/news_geg.jpg?resize=300%2C300&amp;ssl=1 300w\" sizes=\"(max-width: 500px) 100vw, 500px\" data-recalc-dims=\"1\" \/><\/p>\n<h1 class=\"title_product title_interior\" style=\"font-size: 11px; padding-top: 46px; padding-bottom: 26px; text-align: center;\"><strong>H\u00e9ctor Esrawe \/ Contextual<\/strong><\/h1>\n<p class=\"parrafo\" style=\"text-align: center; font-size: 11px; padding-bottom: 20px; padding-left: 10%; padding-right: 10%;\">H\u00e9ctor Esrawe presenta por primera vez en Galer\u00eda Enrique Guerrero, una muestra que integra obras originales y de edici\u00f3n limitada, creadas de la mano de talleres mexicanos. Las piezas seleccionadas, nacen de la inquietud personal de explorar y del deseo de desarrollar piezas fuera de la producci\u00f3n en serie.<\/p>\n<p class=\"parrafo\" style=\"text-align: center; font-size: 11px; padding-bottom: 20px; padding-left: 10%; padding-right: 10%;\">\u201cContextual\u201d define momentos que responden a una circunstancia espec\u00edfica, a una cultura, a un pa\u00eds, a una regi\u00f3n, en s\u00ed, como su nombre lo indica, a un contexto. El punto de partida es la t\u00e9cnica y\/o el material, es explorar los l\u00edmites y la l\u00f3gica alrededor de la construcci\u00f3n de cada pieza, con cada artesano, con cada material y cada proceso.<\/p>\n<\/div><\/div><\/div>\n<div class=\"col-md-12 col-sm-12 col-xs-12 pt-cv-content-item pt-cv-1-col\"  data-pid=\"4883\"><div class='pt-cv-ifield'><div class=\"pt-cv-content\"><p><img loading=\"lazy\" class=\"alignnone size-full wp-image-4884\" src=\"https:\/\/i2.wp.com\/esrawe.com\/2018esrawe\/wp-content\/uploads\/2018\/06\/AZ-1.jpg?resize=500%2C500&#038;ssl=1\" alt=\"\" width=\"500\" height=\"500\" srcset=\"https:\/\/i2.wp.com\/esrawe.com\/2018esrawe\/wp-content\/uploads\/2018\/06\/AZ-1.jpg?w=500&amp;ssl=1 500w, https:\/\/i2.wp.com\/esrawe.com\/2018esrawe\/wp-content\/uploads\/2018\/06\/AZ-1.jpg?resize=150%2C150&amp;ssl=1 150w, https:\/\/i2.wp.com\/esrawe.com\/2018esrawe\/wp-content\/uploads\/2018\/06\/AZ-1.jpg?resize=300%2C300&amp;ssl=1 300w\" sizes=\"(max-width: 500px) 100vw, 500px\" data-recalc-dims=\"1\" \/><\/p>\n<h1 class=\"title_interior\" style=\"font-size: 13px; padding-top: 46px; padding-bottom: 26px; text-align: center;\"><strong>AZ Awards 2018<\/strong><\/h1>\n<p id=\"tw-target-text\" class=\"parrafo\" dir=\"ltr\" style=\"text-align: center; font-size: 11px; padding-bottom: 20px; padding-left: 10%; padding-right: 10%;\" data-placeholder=\"Traducci\u00f3n\"><span lang=\"es\">En 2011, AZURE lanz\u00f3 una competencia internacional abierta a arquitectos, dise\u00f1adores, fabricantes y estudiantes de disciplinas relacionadas con el dise\u00f1o. Reconociendo la excelencia y la innovaci\u00f3n, los Premios AZ exhiben los mejores proyectos de arquitectura, arquitectura de paisaje y dise\u00f1o de interiores, as\u00ed como productos, conceptos y trabajos de estudiantes de todo el mundo. El Califa gan\u00f3 en Interiores &#8211; Comercial e Institucional<\/span><\/p>\n<div><\/div>\n<\/div><\/div><\/div>\n<div class=\"col-md-12 col-sm-12 col-xs-12 pt-cv-content-item pt-cv-1-col\"  data-pid=\"4876\"><div class='pt-cv-ifield'><div class=\"pt-cv-content\"><p><img loading=\"lazy\" class=\"alignnone size-full wp-image-4877\" src=\"https:\/\/i2.wp.com\/esrawe.com\/2018esrawe\/wp-content\/uploads\/2018\/06\/vitrina-1.jpg?resize=500%2C500&#038;ssl=1\" alt=\"\" width=\"500\" height=\"500\" srcset=\"https:\/\/i2.wp.com\/esrawe.com\/2018esrawe\/wp-content\/uploads\/2018\/06\/vitrina-1.jpg?w=500&amp;ssl=1 500w, https:\/\/i2.wp.com\/esrawe.com\/2018esrawe\/wp-content\/uploads\/2018\/06\/vitrina-1.jpg?resize=150%2C150&amp;ssl=1 150w, https:\/\/i2.wp.com\/esrawe.com\/2018esrawe\/wp-content\/uploads\/2018\/06\/vitrina-1.jpg?resize=300%2C300&amp;ssl=1 300w\" sizes=\"(max-width: 500px) 100vw, 500px\" data-recalc-dims=\"1\" \/><\/p>\n<h1 class=\"title_interior\" style=\"font-size: 13px; padding-top: 46px; padding-bottom: 26px; text-align: center;\"><strong>Vitrina \/ Tercera Edici\u00f3n<\/strong><\/h1>\n<p class=\"p1 parrafo\" style=\"text-align: center; font-size: 11px; padding-bottom: 20px; padding-left: 10%; padding-right: 10%;\">El trabajo de dos vertientes del dise\u00f1o contempor\u00e1neo; Dise\u00f1o Industrial y Moda. Estas se unen para la creaci\u00f3n de una composici\u00f3n visual de gran carga est\u00e9tica, donde lo cotidiano, la t\u00e9cnica y el acto de habitar el espacio se entrelazan para la realizaci\u00f3n de esta instalaci\u00f3n, en la que la proyecci\u00f3n del trazo de un objeto de dise\u00f1o (en particular la Mesa OCD) gu\u00eda al bordado. Estos dos elementos en su origen pensados desde la funcionalidad, por un instante y un punto espec\u00edfico se vinculan en el espacio para adoptar un sentido de unidad ornamental, un todo.<\/p>\n<p class=\"p1 parrafo\" style=\"text-align: center; font-size: 11px; padding-bottom: 20px; padding-left: 10%; padding-right: 10%;\">Esrawe y\u00a0<span class=\"s1\">1\/8\u00a0<\/span>Takamura cobijados por lo ef\u00edmero, buscan atraer al espectador en un juego de planos y yuxtaposici\u00f3n para descubrir el enigma de la perspectiva en una acci\u00f3n de coexistencia. Al finalizar la instalaci\u00f3n; el todo y la memoria del mismo se diluir\u00e1n en lo individual.<\/p>\n<\/div><\/div><\/div>\n<div class=\"col-md-12 col-sm-12 col-xs-12 pt-cv-content-item pt-cv-1-col\"  data-pid=\"4869\"><div class='pt-cv-ifield'><div class=\"pt-cv-content\"><p><img loading=\"lazy\" class=\"alignnone size-full wp-image-4870\" src=\"https:\/\/i1.wp.com\/esrawe.com\/2018esrawe\/wp-content\/uploads\/2018\/06\/frame-1.jpg?resize=500%2C500&#038;ssl=1\" alt=\"\" width=\"500\" height=\"500\" srcset=\"https:\/\/i1.wp.com\/esrawe.com\/2018esrawe\/wp-content\/uploads\/2018\/06\/frame-1.jpg?w=500&amp;ssl=1 500w, https:\/\/i1.wp.com\/esrawe.com\/2018esrawe\/wp-content\/uploads\/2018\/06\/frame-1.jpg?resize=150%2C150&amp;ssl=1 150w, https:\/\/i1.wp.com\/esrawe.com\/2018esrawe\/wp-content\/uploads\/2018\/06\/frame-1.jpg?resize=300%2C300&amp;ssl=1 300w\" sizes=\"(max-width: 500px) 100vw, 500px\" data-recalc-dims=\"1\" \/><\/p>\n<h1 class=\"title_interior\" style=\"font-size: 13px; padding-top: 46px; padding-bottom: 26px; text-align: center;\"><strong>Frame Awards 2018<\/strong><\/h1>\n<p class=\"parrafo\" style=\"text-align: center; font-size: 11px; padding-bottom: 20px; padding-left: 10%; padding-right: 10%;\">Despu\u00e9s de casi 1,000 presentaciones de todo el mundo, Frame lanz\u00f3 la primera edici\u00f3n de los Frame Awards. El jurado internacional, los dise\u00f1adores y arquitectos nominados, los clientes y marcas visionarias se reunieron en Amsterdam para Frame Lab y el Show de Premios el 21 de febrero de 2018. Esrawe Studio gan\u00f3 el Stand de la Feria de Comercio con Annual Arca.<\/p>\n<\/div><\/div><\/div>\n<div class=\"col-md-12 col-sm-12 col-xs-12 pt-cv-content-item pt-cv-1-col\"  data-pid=\"4862\"><div class='pt-cv-ifield'><div class=\"pt-cv-content\"><p><img loading=\"lazy\" class=\"alignnone size-full wp-image-4863\" src=\"https:\/\/i2.wp.com\/esrawe.com\/2018esrawe\/wp-content\/uploads\/2018\/06\/wallpaper-3.jpg?resize=500%2C500&#038;ssl=1\" alt=\"\" width=\"500\" height=\"500\" srcset=\"https:\/\/i2.wp.com\/esrawe.com\/2018esrawe\/wp-content\/uploads\/2018\/06\/wallpaper-3.jpg?w=500&amp;ssl=1 500w, https:\/\/i2.wp.com\/esrawe.com\/2018esrawe\/wp-content\/uploads\/2018\/06\/wallpaper-3.jpg?resize=150%2C150&amp;ssl=1 150w, https:\/\/i2.wp.com\/esrawe.com\/2018esrawe\/wp-content\/uploads\/2018\/06\/wallpaper-3.jpg?resize=300%2C300&amp;ssl=1 300w\" sizes=\"(max-width: 500px) 100vw, 500px\" data-recalc-dims=\"1\" \/><\/p>\n<div class=\"entry-content\">\n<h1 class=\"title_interior\" style=\"font-size: 13px; padding-top: 46px; padding-bottom: 26px; text-align: center;\"><strong>Wallpaper Design Awards<\/strong><\/h1>\n<p class=\"parrafo\" style=\"text-align: center; font-size: 11px; padding-bottom: 20px; padding-left: 10%; padding-right: 10%;\">\u00a1Somos ganadores! Xin\u00fa \u2013 Mejor sobrecarga sensorial<\/p>\n<\/div>\n<div class=\"entry-footer\">\n<div class=\"row\"><\/div>\n<\/div>\n<\/div><\/div><\/div>\n<div class=\"col-md-12 col-sm-12 col-xs-12 pt-cv-content-item pt-cv-1-col\"  data-pid=\"4855\"><div class='pt-cv-ifield'><div class=\"pt-cv-content\"><p><img loading=\"lazy\" class=\"alignnone size-full wp-image-4856\" src=\"https:\/\/i0.wp.com\/esrawe.com\/2018esrawe\/wp-content\/uploads\/2018\/06\/win3-1.gif?resize=500%2C500&#038;ssl=1\" alt=\"\" width=\"500\" height=\"500\" data-recalc-dims=\"1\" \/><\/p>\n<h1 class=\"title_interior\" style=\"font-size: 13px; padding-top: 46px; padding-bottom: 26px; text-align: center;\"><strong>Win Awards 2017<\/strong><\/h1>\n<p class=\"parrafo\" style=\"text-align: center; font-size: 11px; padding-bottom: 20px; padding-left: 10%; padding-right: 10%;\">Cada a\u00f1o, los World News News Awards (WIN Awards) dan la bienvenida a las entradas de dise\u00f1adores de interiores, arquitectos y dise\u00f1adores de productos de todos los tama\u00f1os. Esrawe Studio ha sido ganador como la Mejor Categor\u00eda de Pr\u00e1ctica Interior del A\u00f1o 2017.<\/p>\n<\/div><\/div><\/div>\n<div class=\"col-md-12 col-sm-12 col-xs-12 pt-cv-content-item pt-cv-1-col\"  data-pid=\"4848\"><div class='pt-cv-ifield'><div class=\"pt-cv-content\"><p><img loading=\"lazy\" class=\"alignnone size-full wp-image-4849\" src=\"https:\/\/i1.wp.com\/esrawe.com\/2018esrawe\/wp-content\/uploads\/2018\/06\/esrawebook-1.jpg?resize=500%2C500&#038;ssl=1\" alt=\"\" width=\"500\" height=\"500\" srcset=\"https:\/\/i1.wp.com\/esrawe.com\/2018esrawe\/wp-content\/uploads\/2018\/06\/esrawebook-1.jpg?w=500&amp;ssl=1 500w, https:\/\/i1.wp.com\/esrawe.com\/2018esrawe\/wp-content\/uploads\/2018\/06\/esrawebook-1.jpg?resize=150%2C150&amp;ssl=1 150w, https:\/\/i1.wp.com\/esrawe.com\/2018esrawe\/wp-content\/uploads\/2018\/06\/esrawebook-1.jpg?resize=300%2C300&amp;ssl=1 300w\" sizes=\"(max-width: 500px) 100vw, 500px\" data-recalc-dims=\"1\" \/><\/p>\n<h1 class=\"title_interior\" style=\"font-size: 13px; padding-top: 46px; padding-bottom: 26px; text-align: center;\"><strong>Libro Esrawe<\/strong><\/h1>\n<p class=\"parrafo\" style=\"text-align: center; font-size: 11px; padding-bottom: 20px; padding-left: 10%; padding-right: 10%;\">El trabajo de H\u00e9ctor Esrawe es un movimiento hacia adelante; su iniciativa en el dise\u00f1o se alimenta de la din\u00e1mica que lo rodea. El libro presenta una selecci\u00f3n de proyectos de Esrawe Studio en la que podemos apreciar el contexto, los procesos y entornos de trabajo, as\u00ed como las conexiones culturales que genera este espacio creativo como un lugar para la experimentaci\u00f3n, a partir del conocimiento en torno de cada reto de dise\u00f1o.<\/p>\n<\/div><\/div><\/div>\n<div class=\"col-md-12 col-sm-12 col-xs-12 pt-cv-content-item pt-cv-1-col\"  data-pid=\"4839\"><div class='pt-cv-ifield'><div class=\"pt-cv-content\"><p><img loading=\"lazy\" class=\"alignnone size-full wp-image-4840\" src=\"https:\/\/i1.wp.com\/esrawe.com\/2018esrawe\/wp-content\/uploads\/2018\/06\/surface-2.jpg?resize=500%2C500&#038;ssl=1\" alt=\"\" width=\"500\" height=\"500\" srcset=\"https:\/\/i1.wp.com\/esrawe.com\/2018esrawe\/wp-content\/uploads\/2018\/06\/surface-2.jpg?w=500&amp;ssl=1 500w, https:\/\/i1.wp.com\/esrawe.com\/2018esrawe\/wp-content\/uploads\/2018\/06\/surface-2.jpg?resize=150%2C150&amp;ssl=1 150w, https:\/\/i1.wp.com\/esrawe.com\/2018esrawe\/wp-content\/uploads\/2018\/06\/surface-2.jpg?resize=300%2C300&amp;ssl=1 300w\" sizes=\"(max-width: 500px) 100vw, 500px\" data-recalc-dims=\"1\" \/><\/p>\n<h1 class=\"title_interior\" style=\"font-size: 13px; padding-top: 46px; padding-bottom: 26px; text-align: center;\"><strong>Surface Magazine<\/strong><\/h1>\n<p class=\"parrafo\" style=\"text-align: center; font-size: 11px; padding-bottom: 20px; padding-left: 10%; padding-right: 10%;\">\u201cDesde muebles a interiores a objetos, cada proyecto creado por Esrawe Studio emana una sensaci\u00f3n de refinamiento.\u00a0 Constantemente encuentra maneras ingeniosas de experimentar con el color y los materiales, lo que da como resultado propuestas inesperadas de objetos y entornos cotidianos.\u201d \u2013 Surface Magazine<\/p>\n<\/div><\/div><\/div><\/div><\/div><\/div>\t\t\t<style type=\"text\/css\" id=\"pt-cv-inline-style-75f3143v6i\">#pt-cv-view-538ee0clha.pt-cv-post-border { margin: 0; border-top-width: 1px; border-left-width: 1px }\n#pt-cv-view-538ee0clha.pt-cv-post-border { margin: 0; border-top-style: solid; border-left-style: solid }\n#pt-cv-view-538ee0clha.pt-cv-post-border .pt-cv-content-item   { border-right-width: 1px; border-bottom-width: 1px; border-right-style: solid; border-bottom-style: solid; }\n#pt-cv-view-538ee0clha .pt-cv-title a, #pt-cv-view-538ee0clha  .panel-title { font-weight: 600 !important; }\n#pt-cv-view-538ee0clha .pt-cv-readmore  { color: #ffffff !important; background-color: #00aeef !important; }\n#pt-cv-view-538ee0clha .pt-cv-readmore:hover  { color: #ffffff !important; background-color: #00aeef !important; }\n#pt-cv-view-538ee0clha  + .pt-cv-pagination-wrapper .pt-cv-more , #pt-cv-view-538ee0clha  + .pt-cv-pagination-wrapper .pagination .active a { color: #ffffff !important; background-color: #00aeef !important; }<\/style>\n\t\t\t\n","protected":false},"excerpt":{"rendered":"","protected":false},"author":1,"featured_media":0,"parent":0,"menu_order":0,"comment_status":"closed","ping_status":"closed","template":"","meta":[],"categories":[],"tags":[],"_links":{"self":[{"href":"https:\/\/esrawe.com\/2018esrawe\/wp-json\/wp\/v2\/pages\/4895"}],"collection":[{"href":"https:\/\/esrawe.com\/2018esrawe\/wp-json\/wp\/v2\/pages"}],"about":[{"href":"https:\/\/esrawe.com\/2018esrawe\/wp-json\/wp\/v2\/types\/page"}],"author":[{"embeddable":true,"href":"https:\/\/esrawe.com\/2018esrawe\/wp-json\/wp\/v2\/users\/1"}],"replies":[{"embeddable":true,"href":"https:\/\/esrawe.com\/2018esrawe\/wp-json\/wp\/v2\/comments?post=4895"}],"version-history":[{"count":2,"href":"https:\/\/esrawe.com\/2018esrawe\/wp-json\/wp\/v2\/pages\/4895\/revisions"}],"predecessor-version":[{"id":4899,"href":"https:\/\/esrawe.com\/2018esrawe\/wp-json\/wp\/v2\/pages\/4895\/revisions\/4899"}],"wp:attachment":[{"href":"https:\/\/esrawe.com\/2018esrawe\/wp-json\/wp\/v2\/media?parent=4895"}],"wp:term":[{"taxonomy":"category","embeddable":true,"href":"https:\/\/esrawe.com\/2018esrawe\/wp-json\/wp\/v2\/categories?post=4895"},{"taxonomy":"post_tag","embeddable":true,"href":"https:\/\/esrawe.com\/2018esrawe\/wp-json\/wp\/v2\/tags?post=4895"}],"curies":[{"name":"wp","href":"https:\/\/api.w.org\/{rel}","templated":true}]}}