{"id":4848,"date":"2018-06-29T22:48:09","date_gmt":"2018-06-29T22:48:09","guid":{"rendered":"http:\/\/esrawe.com\/2018esrawe\/?page_id=4848"},"modified":"2018-09-11T15:29:50","modified_gmt":"2018-09-11T15:29:50","slug":"libro-esrawe","status":"publish","type":"page","link":"https:\/\/esrawe.com\/2018esrawe\/noticias\/libro-esrawe\/","title":{"rendered":"Libro Esrawe"},"content":{"rendered":"<p><img loading=\"lazy\" class=\"alignnone size-full wp-image-4849\" src=\"https:\/\/i1.wp.com\/esrawe.com\/2018esrawe\/wp-content\/uploads\/2018\/06\/esrawebook-1.jpg?resize=500%2C500&#038;ssl=1\" alt=\"\" width=\"500\" height=\"500\" srcset=\"https:\/\/i1.wp.com\/esrawe.com\/2018esrawe\/wp-content\/uploads\/2018\/06\/esrawebook-1.jpg?w=500&amp;ssl=1 500w, https:\/\/i1.wp.com\/esrawe.com\/2018esrawe\/wp-content\/uploads\/2018\/06\/esrawebook-1.jpg?resize=150%2C150&amp;ssl=1 150w, https:\/\/i1.wp.com\/esrawe.com\/2018esrawe\/wp-content\/uploads\/2018\/06\/esrawebook-1.jpg?resize=300%2C300&amp;ssl=1 300w\" sizes=\"(max-width: 500px) 100vw, 500px\" data-recalc-dims=\"1\" \/><\/p>\n<h1 class=\"title_interior\" style=\"font-size: 13px; padding-top: 46px; padding-bottom: 26px; text-align: center;\"><strong>Libro Esrawe<\/strong><\/h1>\n<p class=\"parrafo\" style=\"text-align: center; font-size: 11px; padding-bottom: 20px; padding-left: 10%; padding-right: 10%;\">El trabajo de H\u00e9ctor Esrawe es un movimiento hacia adelante; su iniciativa en el dise\u00f1o se alimenta de la din\u00e1mica que lo rodea. El libro presenta una selecci\u00f3n de proyectos de Esrawe Studio en la que podemos apreciar el contexto, los procesos y entornos de trabajo, as\u00ed como las conexiones culturales que genera este espacio creativo como un lugar para la experimentaci\u00f3n, a partir del conocimiento en torno de cada reto de dise\u00f1o.<\/p>\n","protected":false},"excerpt":{"rendered":"<p>Libro Esrawe El trabajo de H\u00e9ctor Esrawe es un movimiento hacia adelante; su iniciativa en el dise\u00f1o se alimenta de la din\u00e1mica que lo rodea. El libro presenta una selecci\u00f3n de proyectos de Esrawe Studio en la que podemos apreciar el contexto, los procesos y entornos de trabajo, as\u00ed como las conexiones culturales que genera&#8230;<\/p>\n","protected":false},"author":2,"featured_media":0,"parent":4895,"menu_order":0,"comment_status":"closed","ping_status":"closed","template":"","meta":[],"categories":[],"tags":[],"_links":{"self":[{"href":"https:\/\/esrawe.com\/2018esrawe\/wp-json\/wp\/v2\/pages\/4848"}],"collection":[{"href":"https:\/\/esrawe.com\/2018esrawe\/wp-json\/wp\/v2\/pages"}],"about":[{"href":"https:\/\/esrawe.com\/2018esrawe\/wp-json\/wp\/v2\/types\/page"}],"author":[{"embeddable":true,"href":"https:\/\/esrawe.com\/2018esrawe\/wp-json\/wp\/v2\/users\/2"}],"replies":[{"embeddable":true,"href":"https:\/\/esrawe.com\/2018esrawe\/wp-json\/wp\/v2\/comments?post=4848"}],"version-history":[{"count":2,"href":"https:\/\/esrawe.com\/2018esrawe\/wp-json\/wp\/v2\/pages\/4848\/revisions"}],"predecessor-version":[{"id":7829,"href":"https:\/\/esrawe.com\/2018esrawe\/wp-json\/wp\/v2\/pages\/4848\/revisions\/7829"}],"up":[{"embeddable":true,"href":"https:\/\/esrawe.com\/2018esrawe\/wp-json\/wp\/v2\/pages\/4895"}],"wp:attachment":[{"href":"https:\/\/esrawe.com\/2018esrawe\/wp-json\/wp\/v2\/media?parent=4848"}],"wp:term":[{"taxonomy":"category","embeddable":true,"href":"https:\/\/esrawe.com\/2018esrawe\/wp-json\/wp\/v2\/categories?post=4848"},{"taxonomy":"post_tag","embeddable":true,"href":"https:\/\/esrawe.com\/2018esrawe\/wp-json\/wp\/v2\/tags?post=4848"}],"curies":[{"name":"wp","href":"https:\/\/api.w.org\/{rel}","templated":true}]}}