{"id":4611,"date":"2018-06-28T17:10:05","date_gmt":"2018-06-28T17:10:05","guid":{"rendered":"http:\/\/esrawe.com\/2018esrawe\/?page_id=4611"},"modified":"2020-06-11T22:33:56","modified_gmt":"2020-06-11T22:33:56","slug":"vari-collection","status":"publish","type":"page","link":"https:\/\/esrawe.com\/2018esrawe\/limited-edition\/vari-collection\/","title":{"rendered":"Vari Collection \/ 2015-2016"},"content":{"rendered":"<p><img loading=\"lazy\" src=\"https:\/\/i0.wp.com\/esrawe.com\/2018esrawe\/wp-content\/uploads\/2018\/08\/Vari_floor.jpg?resize=1188%2C681&#038;ssl=1\" alt=\"\" width=\"1188\" height=\"681\" data-recalc-dims=\"1\" \/><\/p>\n<h1 class=\"title_product\" style=\"font-size: 11px; padding-top: 56px; padding-bottom: 56px; text-align: center;\"><strong>\u00a0Vari Floor Lamp<\/strong><\/h1>\n<div class=\"tiled-gallery type-rectangular tiled-gallery-unresized\" data-original-width=\"1200\" data-carousel-extra='null' itemscope itemtype=\"http:\/\/schema.org\/ImageGallery\" > <div class=\"gallery-row\" style=\"width: 1200px; height: 697px;\" data-original-width=\"1200\" data-original-height=\"697\" > <div class=\"gallery-group images-1\" style=\"width: 600px; height: 697px;\" data-original-width=\"600\" data-original-height=\"697\" > <div class=\"tiled-gallery-item tiled-gallery-item-large\" itemprop=\"associatedMedia\" itemscope itemtype=\"http:\/\/schema.org\/ImageObject\"> <a href=\"https:\/\/esrawe.com\/2018esrawe\/?attachment_id=1783\" border=\"0\" itemprop=\"url\"> <meta itemprop=\"width\" content=\"596\"> <meta itemprop=\"height\" content=\"693\"> <img data-attachment-id=\"1783\" data-orig-file=\"https:\/\/esrawe.com\/2018esrawe\/wp-content\/uploads\/2018\/06\/1.1-1-10.jpg\" data-orig-size=\"1118,1300\" data-comments-opened=\"\" data-image-meta=\"{&quot;aperture&quot;:&quot;0&quot;,&quot;credit&quot;:&quot;&quot;,&quot;camera&quot;:&quot;&quot;,&quot;caption&quot;:&quot;&quot;,&quot;created_timestamp&quot;:&quot;0&quot;,&quot;copyright&quot;:&quot;&quot;,&quot;focal_length&quot;:&quot;0&quot;,&quot;iso&quot;:&quot;0&quot;,&quot;shutter_speed&quot;:&quot;0&quot;,&quot;title&quot;:&quot;&quot;,&quot;orientation&quot;:&quot;0&quot;}\" data-image-title=\"1.1&#8212;\" data-image-description=\"\" data-medium-file=\"https:\/\/i0.wp.com\/esrawe.com\/2018esrawe\/wp-content\/uploads\/2018\/06\/1.1-1-10.jpg?fit=258%2C300&#038;ssl=1\" data-large-file=\"https:\/\/i0.wp.com\/esrawe.com\/2018esrawe\/wp-content\/uploads\/2018\/06\/1.1-1-10.jpg?fit=881%2C1024&#038;ssl=1\" src=\"https:\/\/i0.wp.com\/esrawe.com\/2018esrawe\/wp-content\/uploads\/2018\/06\/1.1-1-10.jpg?ssl=1&#038;w=596&#038;h=693\" width=\"596\" height=\"693\" data-original-width=\"596\" data-original-height=\"693\" itemprop=\"http:\/\/schema.org\/image\" title=\"1.1---\" alt=\"1.1---\" style=\"width: 596px; height: 693px;\" \/> <\/a> <\/div> <\/div> <!-- close group --> <div class=\"gallery-group images-1\" style=\"width: 600px; height: 697px;\" data-original-width=\"600\" data-original-height=\"697\" > <div class=\"tiled-gallery-item tiled-gallery-item-large\" itemprop=\"associatedMedia\" itemscope itemtype=\"http:\/\/schema.org\/ImageObject\"> <a href=\"https:\/\/esrawe.com\/2018esrawe\/limited-edition\/vari-collection\/vari_chica-2\/\" border=\"0\" itemprop=\"url\"> <meta itemprop=\"width\" content=\"596\"> <meta itemprop=\"height\" content=\"693\"> <img data-attachment-id=\"7556\" data-orig-file=\"https:\/\/esrawe.com\/2018esrawe\/wp-content\/uploads\/2018\/08\/vari_chica-1.jpg\" data-orig-size=\"571,663\" data-comments-opened=\"\" data-image-meta=\"{&quot;aperture&quot;:&quot;0&quot;,&quot;credit&quot;:&quot;&quot;,&quot;camera&quot;:&quot;&quot;,&quot;caption&quot;:&quot;&quot;,&quot;created_timestamp&quot;:&quot;0&quot;,&quot;copyright&quot;:&quot;&quot;,&quot;focal_length&quot;:&quot;0&quot;,&quot;iso&quot;:&quot;0&quot;,&quot;shutter_speed&quot;:&quot;0&quot;,&quot;title&quot;:&quot;&quot;,&quot;orientation&quot;:&quot;0&quot;}\" data-image-title=\"vari_chica\" data-image-description=\"\" data-medium-file=\"https:\/\/i1.wp.com\/esrawe.com\/2018esrawe\/wp-content\/uploads\/2018\/08\/vari_chica-1.jpg?fit=258%2C300&#038;ssl=1\" data-large-file=\"https:\/\/i1.wp.com\/esrawe.com\/2018esrawe\/wp-content\/uploads\/2018\/08\/vari_chica-1.jpg?fit=571%2C663&#038;ssl=1\" src=\"https:\/\/i1.wp.com\/esrawe.com\/2018esrawe\/wp-content\/uploads\/2018\/08\/vari_chica-1.jpg?ssl=1&#038;w=596&#038;h=693\" width=\"596\" height=\"693\" data-original-width=\"596\" data-original-height=\"693\" itemprop=\"http:\/\/schema.org\/image\" title=\"vari_chica\" alt=\"vari_chica\" style=\"width: 596px; height: 693px;\" \/> <\/a> <\/div> <\/div> <!-- close group --> <\/div> <!-- close row --> <\/div>\n<h1><img loading=\"lazy\" src=\"https:\/\/i1.wp.com\/esrawe.com\/2018esrawe\/wp-content\/uploads\/2018\/08\/Gif_Vari1-1.gif?resize=1188%2C681&#038;ssl=1\" alt=\"\" width=\"1188\" height=\"681\" data-recalc-dims=\"1\" \/><\/h1>\n<h1 class=\"title_product\" style=\"font-size: 11px; padding-top: 56px; padding-bottom: 56px; text-align: center;\"><strong>Vari 2<\/strong><\/h1>\n<div class=\"tiled-gallery type-rectangular tiled-gallery-unresized\" data-original-width=\"1200\" data-carousel-extra='null' itemscope itemtype=\"http:\/\/schema.org\/ImageGallery\" > <div class=\"gallery-row\" style=\"width: 1200px; height: 696px;\" data-original-width=\"1200\" data-original-height=\"696\" > <div class=\"gallery-group images-1\" style=\"width: 600px; height: 696px;\" data-original-width=\"600\" data-original-height=\"696\" > <div class=\"tiled-gallery-item tiled-gallery-item-large\" itemprop=\"associatedMedia\" itemscope itemtype=\"http:\/\/schema.org\/ImageObject\"> <a href=\"https:\/\/esrawe.com\/2018esrawe\/?attachment_id=3351\" border=\"0\" itemprop=\"url\"> <meta itemprop=\"width\" content=\"596\"> <meta itemprop=\"height\" content=\"692\"> <img data-attachment-id=\"3351\" data-orig-file=\"https:\/\/esrawe.com\/2018esrawe\/wp-content\/uploads\/2018\/06\/vari2-1.jpg\" data-orig-size=\"571,663\" data-comments-opened=\"\" data-image-meta=\"{&quot;aperture&quot;:&quot;0&quot;,&quot;credit&quot;:&quot;&quot;,&quot;camera&quot;:&quot;&quot;,&quot;caption&quot;:&quot;&quot;,&quot;created_timestamp&quot;:&quot;0&quot;,&quot;copyright&quot;:&quot;&quot;,&quot;focal_length&quot;:&quot;0&quot;,&quot;iso&quot;:&quot;0&quot;,&quot;shutter_speed&quot;:&quot;0&quot;,&quot;title&quot;:&quot;&quot;,&quot;orientation&quot;:&quot;0&quot;}\" data-image-title=\"vari2\" data-image-description=\"\" data-medium-file=\"https:\/\/i2.wp.com\/esrawe.com\/2018esrawe\/wp-content\/uploads\/2018\/06\/vari2-1.jpg?fit=258%2C300&#038;ssl=1\" data-large-file=\"https:\/\/i2.wp.com\/esrawe.com\/2018esrawe\/wp-content\/uploads\/2018\/06\/vari2-1.jpg?fit=571%2C663&#038;ssl=1\" src=\"https:\/\/i2.wp.com\/esrawe.com\/2018esrawe\/wp-content\/uploads\/2018\/06\/vari2-1.jpg?ssl=1&#038;w=596&#038;h=692\" width=\"596\" height=\"692\" data-original-width=\"596\" data-original-height=\"692\" itemprop=\"http:\/\/schema.org\/image\" title=\"vari2\" alt=\"vari2\" style=\"width: 596px; height: 692px;\" \/> <\/a> <\/div> <\/div> <!-- close group --> <div class=\"gallery-group images-1\" style=\"width: 600px; height: 696px;\" data-original-width=\"600\" data-original-height=\"696\" > <div class=\"tiled-gallery-item tiled-gallery-item-large\" itemprop=\"associatedMedia\" itemscope itemtype=\"http:\/\/schema.org\/ImageObject\"> <a href=\"https:\/\/esrawe.com\/2018esrawe\/?attachment_id=1622\" border=\"0\" itemprop=\"url\"> <meta itemprop=\"width\" content=\"596\"> <meta itemprop=\"height\" content=\"692\"> <img data-attachment-id=\"1622\" data-orig-file=\"https:\/\/esrawe.com\/2018esrawe\/wp-content\/uploads\/2018\/06\/3.1-1-7.jpg\" data-orig-size=\"571,663\" data-comments-opened=\"\" data-image-meta=\"{&quot;aperture&quot;:&quot;0&quot;,&quot;credit&quot;:&quot;&quot;,&quot;camera&quot;:&quot;&quot;,&quot;caption&quot;:&quot;&quot;,&quot;created_timestamp&quot;:&quot;0&quot;,&quot;copyright&quot;:&quot;&quot;,&quot;focal_length&quot;:&quot;0&quot;,&quot;iso&quot;:&quot;0&quot;,&quot;shutter_speed&quot;:&quot;0&quot;,&quot;title&quot;:&quot;&quot;,&quot;orientation&quot;:&quot;0&quot;}\" data-image-title=\"3.1&#8212;\" data-image-description=\"\" data-medium-file=\"https:\/\/i0.wp.com\/esrawe.com\/2018esrawe\/wp-content\/uploads\/2018\/06\/3.1-1-7.jpg?fit=258%2C300&#038;ssl=1\" data-large-file=\"https:\/\/i0.wp.com\/esrawe.com\/2018esrawe\/wp-content\/uploads\/2018\/06\/3.1-1-7.jpg?fit=571%2C663&#038;ssl=1\" src=\"https:\/\/i0.wp.com\/esrawe.com\/2018esrawe\/wp-content\/uploads\/2018\/06\/3.1-1-7.jpg?ssl=1&#038;w=596&#038;h=692\" width=\"596\" height=\"692\" data-original-width=\"596\" data-original-height=\"692\" itemprop=\"http:\/\/schema.org\/image\" title=\"3.1---\" alt=\"3.1---\" style=\"width: 596px; height: 692px;\" \/> <\/a> <\/div> <\/div> <!-- close group --> <\/div> <!-- close row --> <\/div>\n<p><img loading=\"lazy\" src=\"https:\/\/i2.wp.com\/esrawe.com\/2018esrawe\/wp-content\/uploads\/2018\/08\/vari_A_manu.jpg?resize=1188%2C681&#038;ssl=1\" alt=\"\" width=\"1188\" height=\"681\" data-recalc-dims=\"1\" \/><\/p>\n<h1 class=\"title_product\" style=\"font-size: 11px; padding-top: 56px; padding-bottom: 56px; text-align: center;\"><strong>Vari 3<\/strong><\/h1>\n<h1><img loading=\"lazy\" src=\"https:\/\/i1.wp.com\/esrawe.com\/2018esrawe\/wp-content\/uploads\/2018\/08\/vari_A.1_manu.jpg?resize=1188%2C681&#038;ssl=1\" alt=\"\" width=\"1188\" height=\"681\" data-recalc-dims=\"1\" \/><img loading=\"lazy\" src=\"https:\/\/i0.wp.com\/esrawe.com\/2018esrawe\/wp-content\/uploads\/2018\/08\/vari_A.2_manu.jpg?resize=1188%2C681&#038;ssl=1\" alt=\"\" width=\"1188\" height=\"681\" data-recalc-dims=\"1\" \/><img loading=\"lazy\" src=\"https:\/\/i1.wp.com\/esrawe.com\/2018esrawe\/wp-content\/uploads\/2018\/08\/ezgif.com-resize-4.gif?resize=1188%2C681&#038;ssl=1\" alt=\"\" width=\"1188\" height=\"681\" data-recalc-dims=\"1\" \/><img loading=\"lazy\" src=\"https:\/\/i2.wp.com\/esrawe.com\/2018esrawe\/wp-content\/uploads\/2018\/08\/vari_b_manu.jpg?resize=1188%2C681&#038;ssl=1\" alt=\"\" width=\"1188\" height=\"681\" data-recalc-dims=\"1\" \/><\/h1>\n<h1 class=\"title_product\" style=\"font-size: 11px; padding-top: 56px; padding-bottom: 56px; text-align: center;\"><strong>Vari 4<\/strong><\/h1>\n<p><img loading=\"lazy\" src=\"https:\/\/i0.wp.com\/esrawe.com\/2018esrawe\/wp-content\/uploads\/2018\/08\/vari_b2_manu.jpg?resize=1188%2C681&#038;ssl=1\" alt=\"\" width=\"1188\" height=\"681\" data-recalc-dims=\"1\" \/><img loading=\"lazy\" src=\"https:\/\/i1.wp.com\/esrawe.com\/2018esrawe\/wp-content\/uploads\/2018\/08\/vari_b3_manu.jpg?resize=1188%2C681&#038;ssl=1\" alt=\"\" width=\"1188\" height=\"681\" data-recalc-dims=\"1\" \/><img loading=\"lazy\" src=\"https:\/\/i2.wp.com\/esrawe.com\/2018esrawe\/wp-content\/uploads\/2018\/08\/ezgif.com-resize-5.gif?resize=1188%2C681&#038;ssl=1\" alt=\"\" width=\"1188\" height=\"681\" data-recalc-dims=\"1\" \/><\/p>\n<h2><\/h2>\n<h2 class=\"ficha\" style=\"font-size: 10px; line-height: 12px; text-align: right; padding-bottom: 20px;\"><strong>Esrawe Studio \/ 2015-2016<\/strong><br \/>\n<strong>Material<\/strong> \/ Wood \/ brass \/ bronze<br \/>\n<strong>Design<\/strong> \/ H\u00e9ctor Esrawe, Iv\u00e1n Abreu, Manuel Ba\u00f1\u00f3<br \/>\n<strong>Exhibitions<\/strong> \/ Zona Maco 2015, 2016<br \/>\nArchivo de Dise\u00f1o y Arquitectura 2017<br \/>\nGallery S. Bensimon Paris 2017-2018<br \/>\n<strong>Photography<\/strong> \/ Jaime Navarro<\/h2>\n<h2 class=\"ficha\" style=\"font-size: 10px; line-height: 12px; text-align: right; padding-bottom: 20px;\"><strong>Vari Floor Lamp<\/strong> \/ 15 x 26 x 200h cm<br \/>\n<strong>Vari 2<\/strong> \/ 7 x 50 x 20h cm<br \/>\n<strong>Vari 3<\/strong> \/\u00a07 x 50 x 15h cm<br \/>\n<strong>Vari 4<\/strong> \/\u00a016 x 70 x 8.8h cm<\/h2>\n<h2 class=\"ficha\" style=\"font-size: 10px; line-height: 12px; text-align: right; padding-bottom: 20px;\"><\/h2>\n","protected":false},"excerpt":{"rendered":"<p>\u00a0Vari Floor Lamp Vari 2 Vari 3 Vari 4 Esrawe Studio \/ 2015-2016 Material \/ Wood \/ brass \/ bronze Design \/ H\u00e9ctor Esrawe, Iv\u00e1n Abreu, Manuel Ba\u00f1\u00f3 Exhibitions \/ Zona Maco 2015, 2016 Archivo de Dise\u00f1o y Arquitectura 2017 Gallery S. Bensimon Paris 2017-2018 Photography \/ Jaime Navarro Vari Floor Lamp \/ 15 x&#8230;<\/p>\n","protected":false},"author":2,"featured_media":5138,"parent":503,"menu_order":0,"comment_status":"closed","ping_status":"closed","template":"","meta":[],"categories":[216],"tags":[],"_links":{"self":[{"href":"https:\/\/esrawe.com\/2018esrawe\/wp-json\/wp\/v2\/pages\/4611"}],"collection":[{"href":"https:\/\/esrawe.com\/2018esrawe\/wp-json\/wp\/v2\/pages"}],"about":[{"href":"https:\/\/esrawe.com\/2018esrawe\/wp-json\/wp\/v2\/types\/page"}],"author":[{"embeddable":true,"href":"https:\/\/esrawe.com\/2018esrawe\/wp-json\/wp\/v2\/users\/2"}],"replies":[{"embeddable":true,"href":"https:\/\/esrawe.com\/2018esrawe\/wp-json\/wp\/v2\/comments?post=4611"}],"version-history":[{"count":20,"href":"https:\/\/esrawe.com\/2018esrawe\/wp-json\/wp\/v2\/pages\/4611\/revisions"}],"predecessor-version":[{"id":13340,"href":"https:\/\/esrawe.com\/2018esrawe\/wp-json\/wp\/v2\/pages\/4611\/revisions\/13340"}],"up":[{"embeddable":true,"href":"https:\/\/esrawe.com\/2018esrawe\/wp-json\/wp\/v2\/pages\/503"}],"wp:featuredmedia":[{"embeddable":true,"href":"https:\/\/esrawe.com\/2018esrawe\/wp-json\/wp\/v2\/media\/5138"}],"wp:attachment":[{"href":"https:\/\/esrawe.com\/2018esrawe\/wp-json\/wp\/v2\/media?parent=4611"}],"wp:term":[{"taxonomy":"category","embeddable":true,"href":"https:\/\/esrawe.com\/2018esrawe\/wp-json\/wp\/v2\/categories?post=4611"},{"taxonomy":"post_tag","embeddable":true,"href":"https:\/\/esrawe.com\/2018esrawe\/wp-json\/wp\/v2\/tags?post=4611"}],"curies":[{"name":"wp","href":"https:\/\/api.w.org\/{rel}","templated":true}]}}