{"id":408,"date":"2016-03-12T22:56:10","date_gmt":"2016-03-12T22:56:10","guid":{"rendered":"http:\/\/esrawe.com\/2018esrawe\/?page_id=408"},"modified":"2023-06-01T16:18:53","modified_gmt":"2023-06-01T16:18:53","slug":"tierra-garat-toreo","status":"publish","type":"page","link":"https:\/\/esrawe.com\/2018esrawe\/interiores\/tierra-garat-toreo\/","title":{"rendered":"Tierra Garat Toreo \/ CDMX, M\u00e9xico \/ 2016"},"content":{"rendered":"<p><img loading=\"lazy\" class=\"alignnone wp-image-3772 size-full\" src=\"https:\/\/i2.wp.com\/esrawe.com\/2018esrawe\/wp-content\/uploads\/2018\/06\/1.1-1-34.jpg?resize=1188%2C681&#038;ssl=1\" alt=\"\" width=\"1188\" height=\"681\" srcset=\"https:\/\/i2.wp.com\/esrawe.com\/2018esrawe\/wp-content\/uploads\/2018\/06\/1.1-1-34.jpg?w=1188&amp;ssl=1 1188w, https:\/\/i2.wp.com\/esrawe.com\/2018esrawe\/wp-content\/uploads\/2018\/06\/1.1-1-34.jpg?resize=300%2C172&amp;ssl=1 300w, https:\/\/i2.wp.com\/esrawe.com\/2018esrawe\/wp-content\/uploads\/2018\/06\/1.1-1-34.jpg?resize=768%2C440&amp;ssl=1 768w, https:\/\/i2.wp.com\/esrawe.com\/2018esrawe\/wp-content\/uploads\/2018\/06\/1.1-1-34.jpg?resize=1024%2C587&amp;ssl=1 1024w\" sizes=\"(max-width: 1188px) 100vw, 1188px\" data-recalc-dims=\"1\" \/><\/p>\n<h1 class=\"title_interior\" style=\"font-size: 13px; padding-top: 46px; padding-bottom: 26px; text-align: center;\"><strong>Tierra Garat Toreo<\/strong><\/h1>\n<p class=\"parrafo\" style=\"font-size: 11px; padding-bottom: 20px; padding-left: 10%; padding-right: 10%; text-align: left;\">Caf\u00e9 Garat tiene una s\u00f3lida historia en la vida de los mexicanos, pues fue el primer caf\u00e9 gourmet disponible en tiendas de autoservicio. Hoy la marca se reinventa y como TIERRA\u00b7GARAT\u00ae presenta una propuesta aut\u00e9ntica, honesta y contempor\u00e1nea. El concepto integral nos transporta a la magia de las fincas cafetaleras. Ah\u00ed nace y nos habla de la tierra para narrar una historia multisensorial nunca antes contada en torno al caf\u00e9 mexicano.<\/p>\n<p class=\"parrafo\" style=\"font-size: 11px; padding-bottom: 20px; padding-left: 10%; padding-right: 10%; text-align: left;\">TIERRA\u00b7GARAT\u00ae evoca a la magia y el origen del campo, de las fincas y los ranchos que nos transportan a un M\u00e9xico natural y honesto, simple y sofisticado, construido de texturas y aromas del cuero y la tierra, los hierros y los costales, de un M\u00e9xico monocrom\u00e1tico, de un M\u00e9xico \u201ccaf\u00e9\u201d.<\/p>\n<p class=\"parrafo\" style=\"font-size: 11px; padding-bottom: 20px; padding-left: 10%; padding-right: 10%; text-align: left;\">TIERRA\u00b7GARAT\u00ae es el origen, lo primero, lo aut\u00e9ntico\u2026 como nuestro caf\u00e9. La calidad espacial, los materiales, la iluminaci\u00f3n, el mobiliario, las vajillas y accesorios se originan a partir de un lenguaje vern\u00e1culo que define una expresi\u00f3n b\u00e1sica pero sofisticada, confortable y c\u00e1lida, y se presenta dentro de un concepto hol\u00edstico y contempor\u00e1neo.<\/p>\n<p class=\"parrafo\" style=\"font-size: 11px; padding-bottom: 20px; padding-left: 10%; padding-right: 10%; text-align: left;\">Texturas extra\u00eddas del cuero bordado, los relieves de la piel, los tejidos y la tierra conforman el lenguaje que permite la integraci\u00f3n de los elementos en distintas aplicaciones, imprimiendo una personalidad particular a la marca.<\/p>\n<p class=\"parrafo\" style=\"font-size: 11px; padding-bottom: 20px; padding-left: 10%; padding-right: 10%; text-align: left;\">La oferta gastron\u00f3mica es muy simple y contundente: caf\u00e9 y chocolate complementados con productos que nos recuerdan los sabores y aromas de pueblos m\u00e1gicos, maravillosos ranchos y paisajes rurales de un rico e inigualable pa\u00eds.<\/p>\n<p><img loading=\"lazy\" class=\"alignnone size-full wp-image-3776\" src=\"https:\/\/i2.wp.com\/esrawe.com\/2018esrawe\/wp-content\/uploads\/2018\/06\/2.1-1-16.jpg?resize=1188%2C681&#038;ssl=1\" alt=\"\" width=\"1188\" height=\"681\" srcset=\"https:\/\/i2.wp.com\/esrawe.com\/2018esrawe\/wp-content\/uploads\/2018\/06\/2.1-1-16.jpg?w=1188&amp;ssl=1 1188w, https:\/\/i2.wp.com\/esrawe.com\/2018esrawe\/wp-content\/uploads\/2018\/06\/2.1-1-16.jpg?resize=300%2C172&amp;ssl=1 300w, https:\/\/i2.wp.com\/esrawe.com\/2018esrawe\/wp-content\/uploads\/2018\/06\/2.1-1-16.jpg?resize=768%2C440&amp;ssl=1 768w, https:\/\/i2.wp.com\/esrawe.com\/2018esrawe\/wp-content\/uploads\/2018\/06\/2.1-1-16.jpg?resize=1024%2C587&amp;ssl=1 1024w\" sizes=\"(max-width: 1188px) 100vw, 1188px\" data-recalc-dims=\"1\" \/> <img loading=\"lazy\" class=\"alignnone size-full wp-image-3777\" src=\"https:\/\/i1.wp.com\/esrawe.com\/2018esrawe\/wp-content\/uploads\/2018\/06\/3.1-1-19.jpg?resize=1188%2C681&#038;ssl=1\" alt=\"\" width=\"1188\" height=\"681\" srcset=\"https:\/\/i1.wp.com\/esrawe.com\/2018esrawe\/wp-content\/uploads\/2018\/06\/3.1-1-19.jpg?w=1188&amp;ssl=1 1188w, https:\/\/i1.wp.com\/esrawe.com\/2018esrawe\/wp-content\/uploads\/2018\/06\/3.1-1-19.jpg?resize=300%2C172&amp;ssl=1 300w, https:\/\/i1.wp.com\/esrawe.com\/2018esrawe\/wp-content\/uploads\/2018\/06\/3.1-1-19.jpg?resize=768%2C440&amp;ssl=1 768w, https:\/\/i1.wp.com\/esrawe.com\/2018esrawe\/wp-content\/uploads\/2018\/06\/3.1-1-19.jpg?resize=1024%2C587&amp;ssl=1 1024w\" sizes=\"(max-width: 1188px) 100vw, 1188px\" data-recalc-dims=\"1\" \/> <img loading=\"lazy\" class=\"alignnone size-full wp-image-3778\" src=\"https:\/\/i1.wp.com\/esrawe.com\/2018esrawe\/wp-content\/uploads\/2018\/06\/4.1-1-19.jpg?resize=1188%2C681&#038;ssl=1\" alt=\"\" width=\"1188\" height=\"681\" srcset=\"https:\/\/i1.wp.com\/esrawe.com\/2018esrawe\/wp-content\/uploads\/2018\/06\/4.1-1-19.jpg?w=1188&amp;ssl=1 1188w, https:\/\/i1.wp.com\/esrawe.com\/2018esrawe\/wp-content\/uploads\/2018\/06\/4.1-1-19.jpg?resize=300%2C172&amp;ssl=1 300w, https:\/\/i1.wp.com\/esrawe.com\/2018esrawe\/wp-content\/uploads\/2018\/06\/4.1-1-19.jpg?resize=768%2C440&amp;ssl=1 768w, https:\/\/i1.wp.com\/esrawe.com\/2018esrawe\/wp-content\/uploads\/2018\/06\/4.1-1-19.jpg?resize=1024%2C587&amp;ssl=1 1024w\" sizes=\"(max-width: 1188px) 100vw, 1188px\" data-recalc-dims=\"1\" \/><img loading=\"lazy\" class=\"alignnone size-full wp-image-3769\" src=\"https:\/\/i0.wp.com\/esrawe.com\/2018esrawe\/wp-content\/uploads\/2018\/06\/5.1-1-15.jpg?resize=1188%2C681&#038;ssl=1\" alt=\"\" width=\"1188\" height=\"681\" srcset=\"https:\/\/i0.wp.com\/esrawe.com\/2018esrawe\/wp-content\/uploads\/2018\/06\/5.1-1-15.jpg?w=1188&amp;ssl=1 1188w, https:\/\/i0.wp.com\/esrawe.com\/2018esrawe\/wp-content\/uploads\/2018\/06\/5.1-1-15.jpg?resize=300%2C172&amp;ssl=1 300w, https:\/\/i0.wp.com\/esrawe.com\/2018esrawe\/wp-content\/uploads\/2018\/06\/5.1-1-15.jpg?resize=768%2C440&amp;ssl=1 768w, https:\/\/i0.wp.com\/esrawe.com\/2018esrawe\/wp-content\/uploads\/2018\/06\/5.1-1-15.jpg?resize=1024%2C587&amp;ssl=1 1024w\" sizes=\"(max-width: 1188px) 100vw, 1188px\" data-recalc-dims=\"1\" \/><\/p>\n<h2><\/h2>\n<h2 class=\"ficha\" style=\"font-size: 10px; line-height: 12px; text-align: right; padding-bottom: 20px;\"><strong>Concepto + Experiencia \/ Esrawe + Cadena \/ 2016<\/strong><br \/>\n<strong>Dise\u00f1o Interior + Mobiliario<\/strong> \/ Esrawe Studio<br \/>\n<strong>Branding<\/strong> \/ Cadena + Asociados Concept Design<br \/>\n<strong>Equipo de Dise\u00f1o<\/strong><br \/>\nEsrawe Studio \/ Javier Garc\u00eda-Rivera, Mar\u00eda Santiba\u00f1ez, Adri\u00e1n Suarez<br \/>\nCadena + Asoc. Concept Design \/ Nora Cavazos, Ricardo Bideau<br \/>\n<strong>Fotograf\u00eda<\/strong> \/ Jaime Navarro<\/h2>\n<h2 class=\"ficha\" style=\"font-size: 10px; line-height: 12px; text-align: right; padding-bottom: 20px;\"><strong>Asesores Externos<br \/>\n<\/strong><strong><br \/>\nConstructora<\/strong> \/ Diycsa<\/h2>\n<h2 class=\"ficha\" style=\"font-size: 10px; line-height: 12px; text-align: right; padding-bottom: 20px;\"><\/h2>\n","protected":false},"excerpt":{"rendered":"<p>Tierra Garat Toreo Caf\u00e9 Garat tiene una s\u00f3lida historia en la vida de los mexicanos, pues fue el primer caf\u00e9 gourmet disponible en tiendas de autoservicio. Hoy la marca se reinventa y como TIERRA\u00b7GARAT\u00ae presenta una propuesta aut\u00e9ntica, honesta y contempor\u00e1nea. El concepto integral nos transporta a la magia de las fincas cafetaleras. Ah\u00ed nace&#8230;<\/p>\n","protected":false},"author":1,"featured_media":3788,"parent":902,"menu_order":0,"comment_status":"closed","ping_status":"closed","template":"","meta":[],"categories":[218],"tags":[],"_links":{"self":[{"href":"https:\/\/esrawe.com\/2018esrawe\/wp-json\/wp\/v2\/pages\/408"}],"collection":[{"href":"https:\/\/esrawe.com\/2018esrawe\/wp-json\/wp\/v2\/pages"}],"about":[{"href":"https:\/\/esrawe.com\/2018esrawe\/wp-json\/wp\/v2\/types\/page"}],"author":[{"embeddable":true,"href":"https:\/\/esrawe.com\/2018esrawe\/wp-json\/wp\/v2\/users\/1"}],"replies":[{"embeddable":true,"href":"https:\/\/esrawe.com\/2018esrawe\/wp-json\/wp\/v2\/comments?post=408"}],"version-history":[{"count":45,"href":"https:\/\/esrawe.com\/2018esrawe\/wp-json\/wp\/v2\/pages\/408\/revisions"}],"predecessor-version":[{"id":26633,"href":"https:\/\/esrawe.com\/2018esrawe\/wp-json\/wp\/v2\/pages\/408\/revisions\/26633"}],"up":[{"embeddable":true,"href":"https:\/\/esrawe.com\/2018esrawe\/wp-json\/wp\/v2\/pages\/902"}],"wp:featuredmedia":[{"embeddable":true,"href":"https:\/\/esrawe.com\/2018esrawe\/wp-json\/wp\/v2\/media\/3788"}],"wp:attachment":[{"href":"https:\/\/esrawe.com\/2018esrawe\/wp-json\/wp\/v2\/media?parent=408"}],"wp:term":[{"taxonomy":"category","embeddable":true,"href":"https:\/\/esrawe.com\/2018esrawe\/wp-json\/wp\/v2\/categories?post=408"},{"taxonomy":"post_tag","embeddable":true,"href":"https:\/\/esrawe.com\/2018esrawe\/wp-json\/wp\/v2\/tags?post=408"}],"curies":[{"name":"wp","href":"https:\/\/api.w.org\/{rel}","templated":true}]}}