{"id":3869,"date":"2016-03-12T18:23:40","date_gmt":"2016-03-12T18:23:40","guid":{"rendered":"http:\/\/esrawe.com\/2018esrawe\/?page_id=3869"},"modified":"2023-06-01T16:19:52","modified_gmt":"2023-06-01T16:19:52","slug":"tierra-garat-toreo-2","status":"publish","type":"page","link":"https:\/\/esrawe.com\/2018esrawe\/interiors\/tierra-garat-toreo-2\/","title":{"rendered":"Tierra Garat Toreo \/ Mexico City, Mexico \/ 2016"},"content":{"rendered":"<p><img loading=\"lazy\" class=\"alignnone wp-image-3772 size-full\" src=\"https:\/\/i2.wp.com\/esrawe.com\/2018esrawe\/wp-content\/uploads\/2018\/06\/1.1-1-34.jpg?resize=1188%2C681&#038;ssl=1\" alt=\"\" width=\"1188\" height=\"681\" srcset=\"https:\/\/i2.wp.com\/esrawe.com\/2018esrawe\/wp-content\/uploads\/2018\/06\/1.1-1-34.jpg?w=1188&amp;ssl=1 1188w, https:\/\/i2.wp.com\/esrawe.com\/2018esrawe\/wp-content\/uploads\/2018\/06\/1.1-1-34.jpg?resize=300%2C172&amp;ssl=1 300w, https:\/\/i2.wp.com\/esrawe.com\/2018esrawe\/wp-content\/uploads\/2018\/06\/1.1-1-34.jpg?resize=768%2C440&amp;ssl=1 768w, https:\/\/i2.wp.com\/esrawe.com\/2018esrawe\/wp-content\/uploads\/2018\/06\/1.1-1-34.jpg?resize=1024%2C587&amp;ssl=1 1024w\" sizes=\"(max-width: 1188px) 100vw, 1188px\" data-recalc-dims=\"1\" \/><\/p>\n<h1 class=\"p1 title_interior\" style=\"font-size: 13px; padding-top: 46px; padding-bottom: 26px; text-align: center;\"><strong><span class=\"s1\">Tierra Garat Toreo<\/span><\/strong><\/h1>\n<p class=\"p3 parrafo\" style=\"font-size: 11px; padding-bottom: 20px; padding-left: 10%; padding-right: 10%; text-align: left;\"><span class=\"s1\">Caf\u00e9 Garat has a solid history in the life of Mexicans as the first gourmet coffee available in supermarkets. Reinventing itself as TIERRA\u00b7GARAT\u00ae, the brand now introduces an authentic, forthright and contemporary Mexican concept. The overall idea takes us on a multi-sensory journey to alluring coffee farms \u2013 to the source of a wonderful experience \u2013 and brings us back to the roots of earth, disclosing the untold story of Mexican coffee.<\/span><\/p>\n<p class=\"p3 parrafo\" style=\"font-size: 11px; padding-bottom: 20px; padding-left: 10%; padding-right: 10%; text-align: left;\"><span class=\"s1\">TIERRA\u00b7GARAT\u00ae evokes the magic and its origin, the coffee field and farms that transport us to a natural, honest, simple, and sophisticated Mexico; forged out of textures, the aroma of leather and earth, iron and knits of a \u201cCoffee Brown\u201d monochromatic Mexico.<\/span><\/p>\n<p class=\"p3 parrafo\" style=\"font-size: 11px; padding-bottom: 20px; padding-left: 10%; padding-right: 10%; text-align: left;\"><span class=\"s1\">TIERRA\u00b7GARAT\u00ae evokes the origin, the essence, the authenticity and sincerity of Mexican coffee. The materials, lighting, furnishings, tableware and accessories stem from a vernacular language that brings to the mind a simple but sophisticated, comfortable yet warm expression; encompassed by a contemporary and holistic concept, authentic and unparalleled.<\/span><span class=\"s1\">The textures taken from embroidered leather, embossed hide, knits, and the earth comprise a language that allows the integration of elements in distinct applications, imprinting a particular personality to the brand.<\/span><span class=\"s1\">The gastronomic offer is simple and straightforward: coffee and chocolate complemented with products that remind us of the flavors and scents of magical places, marvelous farms and rural landscapes of a rich and incomparable country.<\/span><\/p>\n<h2 class=\"p1 ficha\" style=\"font-size: 10px; line-height: 12px; text-align: right; padding-bottom: 20px;\"><\/h2>\n<p><img loading=\"lazy\" class=\"alignnone size-full wp-image-3776\" src=\"https:\/\/i2.wp.com\/esrawe.com\/2018esrawe\/wp-content\/uploads\/2018\/06\/2.1-1-16.jpg?resize=1188%2C681&#038;ssl=1\" alt=\"\" width=\"1188\" height=\"681\" srcset=\"https:\/\/i2.wp.com\/esrawe.com\/2018esrawe\/wp-content\/uploads\/2018\/06\/2.1-1-16.jpg?w=1188&amp;ssl=1 1188w, https:\/\/i2.wp.com\/esrawe.com\/2018esrawe\/wp-content\/uploads\/2018\/06\/2.1-1-16.jpg?resize=300%2C172&amp;ssl=1 300w, https:\/\/i2.wp.com\/esrawe.com\/2018esrawe\/wp-content\/uploads\/2018\/06\/2.1-1-16.jpg?resize=768%2C440&amp;ssl=1 768w, https:\/\/i2.wp.com\/esrawe.com\/2018esrawe\/wp-content\/uploads\/2018\/06\/2.1-1-16.jpg?resize=1024%2C587&amp;ssl=1 1024w\" sizes=\"(max-width: 1188px) 100vw, 1188px\" data-recalc-dims=\"1\" \/> <img loading=\"lazy\" class=\"alignnone size-full wp-image-3777\" src=\"https:\/\/i1.wp.com\/esrawe.com\/2018esrawe\/wp-content\/uploads\/2018\/06\/3.1-1-19.jpg?resize=1188%2C681&#038;ssl=1\" alt=\"\" width=\"1188\" height=\"681\" srcset=\"https:\/\/i1.wp.com\/esrawe.com\/2018esrawe\/wp-content\/uploads\/2018\/06\/3.1-1-19.jpg?w=1188&amp;ssl=1 1188w, https:\/\/i1.wp.com\/esrawe.com\/2018esrawe\/wp-content\/uploads\/2018\/06\/3.1-1-19.jpg?resize=300%2C172&amp;ssl=1 300w, https:\/\/i1.wp.com\/esrawe.com\/2018esrawe\/wp-content\/uploads\/2018\/06\/3.1-1-19.jpg?resize=768%2C440&amp;ssl=1 768w, https:\/\/i1.wp.com\/esrawe.com\/2018esrawe\/wp-content\/uploads\/2018\/06\/3.1-1-19.jpg?resize=1024%2C587&amp;ssl=1 1024w\" sizes=\"(max-width: 1188px) 100vw, 1188px\" data-recalc-dims=\"1\" \/> <img loading=\"lazy\" class=\"alignnone size-full wp-image-3778\" src=\"https:\/\/i1.wp.com\/esrawe.com\/2018esrawe\/wp-content\/uploads\/2018\/06\/4.1-1-19.jpg?resize=1188%2C681&#038;ssl=1\" alt=\"\" width=\"1188\" height=\"681\" srcset=\"https:\/\/i1.wp.com\/esrawe.com\/2018esrawe\/wp-content\/uploads\/2018\/06\/4.1-1-19.jpg?w=1188&amp;ssl=1 1188w, https:\/\/i1.wp.com\/esrawe.com\/2018esrawe\/wp-content\/uploads\/2018\/06\/4.1-1-19.jpg?resize=300%2C172&amp;ssl=1 300w, https:\/\/i1.wp.com\/esrawe.com\/2018esrawe\/wp-content\/uploads\/2018\/06\/4.1-1-19.jpg?resize=768%2C440&amp;ssl=1 768w, https:\/\/i1.wp.com\/esrawe.com\/2018esrawe\/wp-content\/uploads\/2018\/06\/4.1-1-19.jpg?resize=1024%2C587&amp;ssl=1 1024w\" sizes=\"(max-width: 1188px) 100vw, 1188px\" data-recalc-dims=\"1\" \/><img loading=\"lazy\" class=\"alignnone size-full wp-image-3769\" src=\"https:\/\/i0.wp.com\/esrawe.com\/2018esrawe\/wp-content\/uploads\/2018\/06\/5.1-1-15.jpg?resize=1188%2C681&#038;ssl=1\" alt=\"\" width=\"1188\" height=\"681\" srcset=\"https:\/\/i0.wp.com\/esrawe.com\/2018esrawe\/wp-content\/uploads\/2018\/06\/5.1-1-15.jpg?w=1188&amp;ssl=1 1188w, https:\/\/i0.wp.com\/esrawe.com\/2018esrawe\/wp-content\/uploads\/2018\/06\/5.1-1-15.jpg?resize=300%2C172&amp;ssl=1 300w, https:\/\/i0.wp.com\/esrawe.com\/2018esrawe\/wp-content\/uploads\/2018\/06\/5.1-1-15.jpg?resize=768%2C440&amp;ssl=1 768w, https:\/\/i0.wp.com\/esrawe.com\/2018esrawe\/wp-content\/uploads\/2018\/06\/5.1-1-15.jpg?resize=1024%2C587&amp;ssl=1 1024w\" sizes=\"(max-width: 1188px) 100vw, 1188px\" data-recalc-dims=\"1\" \/><\/p>\n<h2><\/h2>\n<h2 class=\"ficha\" style=\"font-size: 10px; line-height: 12px; padding-bottom: 20px; text-align: right;\"><strong>Concept + Experience \/ Esrawe Studio + Cadena \/ 2016<\/strong><br \/>\n<strong>Interior Design + Furniture<\/strong>\u00a0\/ Esrawe Studio<br \/>\n<strong>Branding<\/strong> \/ Cadena + Asociados Concept Design<br \/>\n<strong>Design Team<\/strong><br \/>\nEsrawe Studio \/ Javier Garc\u00eda-Rivera, Mar\u00eda Santiba\u00f1ez, Adri\u00e1n Suarez<br \/>\nCadena + Asoc. Concept Design \/ Nora Cavazos, Ricardo Bideau<br \/>\n<strong>Photography<\/strong> \/ Jaime Navarro<\/h2>\n<h2 class=\"ficha\" style=\"font-size: 10px; line-height: 12px; padding-bottom: 20px; text-align: right;\"><strong>External Advisors<br \/>\n<\/strong><strong><br \/>\nBuilder<\/strong> \/ Diycsa<\/h2>\n","protected":false},"excerpt":{"rendered":"<p>Tierra Garat Toreo Caf\u00e9 Garat has a solid history in the life of Mexicans as the first gourmet coffee available in supermarkets. Reinventing itself as TIERRA\u00b7GARAT\u00ae, the brand now introduces an authentic, forthright and contemporary Mexican concept. The overall idea takes us on a multi-sensory journey to alluring coffee farms \u2013 to the source of&#8230;<\/p>\n","protected":false},"author":2,"featured_media":3788,"parent":141,"menu_order":0,"comment_status":"closed","ping_status":"closed","template":"","meta":[],"categories":[214],"tags":[],"_links":{"self":[{"href":"https:\/\/esrawe.com\/2018esrawe\/wp-json\/wp\/v2\/pages\/3869"}],"collection":[{"href":"https:\/\/esrawe.com\/2018esrawe\/wp-json\/wp\/v2\/pages"}],"about":[{"href":"https:\/\/esrawe.com\/2018esrawe\/wp-json\/wp\/v2\/types\/page"}],"author":[{"embeddable":true,"href":"https:\/\/esrawe.com\/2018esrawe\/wp-json\/wp\/v2\/users\/2"}],"replies":[{"embeddable":true,"href":"https:\/\/esrawe.com\/2018esrawe\/wp-json\/wp\/v2\/comments?post=3869"}],"version-history":[{"count":12,"href":"https:\/\/esrawe.com\/2018esrawe\/wp-json\/wp\/v2\/pages\/3869\/revisions"}],"predecessor-version":[{"id":26634,"href":"https:\/\/esrawe.com\/2018esrawe\/wp-json\/wp\/v2\/pages\/3869\/revisions\/26634"}],"up":[{"embeddable":true,"href":"https:\/\/esrawe.com\/2018esrawe\/wp-json\/wp\/v2\/pages\/141"}],"wp:featuredmedia":[{"embeddable":true,"href":"https:\/\/esrawe.com\/2018esrawe\/wp-json\/wp\/v2\/media\/3788"}],"wp:attachment":[{"href":"https:\/\/esrawe.com\/2018esrawe\/wp-json\/wp\/v2\/media?parent=3869"}],"wp:term":[{"taxonomy":"category","embeddable":true,"href":"https:\/\/esrawe.com\/2018esrawe\/wp-json\/wp\/v2\/categories?post=3869"},{"taxonomy":"post_tag","embeddable":true,"href":"https:\/\/esrawe.com\/2018esrawe\/wp-json\/wp\/v2\/tags?post=3869"}],"curies":[{"name":"wp","href":"https:\/\/api.w.org\/{rel}","templated":true}]}}