{"id":3488,"date":"2016-06-12T18:29:50","date_gmt":"2016-06-12T18:29:50","guid":{"rendered":"http:\/\/esrawe.com\/2018esrawe\/?page_id=3488"},"modified":"2023-04-28T16:29:49","modified_gmt":"2023-04-28T16:29:49","slug":"cabo-nortes-clubhouse","status":"publish","type":"page","link":"https:\/\/esrawe.com\/2018esrawe\/interiors\/cabo-nortes-clubhouse\/","title":{"rendered":"Cabo Norte&#8217;s Clubhouse \/ Yucatan, Mexico \/ 2016"},"content":{"rendered":"<p><img loading=\"lazy\" class=\"alignnone wp-image-3471 size-full\" src=\"https:\/\/i0.wp.com\/esrawe.com\/2018esrawe\/wp-content\/uploads\/2018\/06\/1.1-27.jpg?resize=1200%2C731&#038;ssl=1\" alt=\"\" width=\"1200\" height=\"731\" srcset=\"https:\/\/i0.wp.com\/esrawe.com\/2018esrawe\/wp-content\/uploads\/2018\/06\/1.1-27.jpg?w=2329&amp;ssl=1 2329w, https:\/\/i0.wp.com\/esrawe.com\/2018esrawe\/wp-content\/uploads\/2018\/06\/1.1-27.jpg?resize=300%2C183&amp;ssl=1 300w, https:\/\/i0.wp.com\/esrawe.com\/2018esrawe\/wp-content\/uploads\/2018\/06\/1.1-27.jpg?resize=768%2C468&amp;ssl=1 768w, https:\/\/i0.wp.com\/esrawe.com\/2018esrawe\/wp-content\/uploads\/2018\/06\/1.1-27.jpg?resize=1024%2C624&amp;ssl=1 1024w\" sizes=\"(max-width: 1200px) 100vw, 1200px\" data-recalc-dims=\"1\" \/><\/p>\n<h1 class=\"title_interior\" style=\"font-size: 13px; padding-top: 46px; padding-bottom: 26px; text-align: center;\"><strong><a href=\"https:\/\/www.cabonorte.mx\/\">Cabo Norte\u2019s<\/a> Clubhouse<\/strong><\/h1>\n<p class=\"parrafo\" style=\"font-size: 11px; padding-bottom: 20px; padding-left: 10%; padding-right: 10%; text-align: left;\">This project is located in the northern part of the city of M\u00e9rida, approximately 5 miles from the historic downtown district. M\u00e9rida, the capital city of the sate of Yucat\u00e1n, is also the most populated, and it serves as the logistic center of the metropolitan area. <strong><a href=\"https:\/\/www.cabonorte.mx\/\">Cabo Norte<\/a><\/strong> will be a community planned with an innovative take on sustainable development that integrates residential uses with natural, recreational, educational, commercial, and entertainment areas.<\/p>\n<h2 class=\"ficha\" style=\"font-size: 10px; line-height: 12px; text-align: right; padding-bottom: 20px;\"><\/h2>\n<p><img loading=\"lazy\" class=\"alignnone wp-image-3473 size-full\" src=\"https:\/\/i2.wp.com\/esrawe.com\/2018esrawe\/wp-content\/uploads\/2018\/06\/2.1-11.jpg?resize=1200%2C731&#038;ssl=1\" alt=\"\" width=\"1200\" height=\"731\" srcset=\"https:\/\/i2.wp.com\/esrawe.com\/2018esrawe\/wp-content\/uploads\/2018\/06\/2.1-11.jpg?w=2329&amp;ssl=1 2329w, https:\/\/i2.wp.com\/esrawe.com\/2018esrawe\/wp-content\/uploads\/2018\/06\/2.1-11.jpg?resize=300%2C183&amp;ssl=1 300w, https:\/\/i2.wp.com\/esrawe.com\/2018esrawe\/wp-content\/uploads\/2018\/06\/2.1-11.jpg?resize=768%2C468&amp;ssl=1 768w, https:\/\/i2.wp.com\/esrawe.com\/2018esrawe\/wp-content\/uploads\/2018\/06\/2.1-11.jpg?resize=1024%2C624&amp;ssl=1 1024w\" sizes=\"(max-width: 1200px) 100vw, 1200px\" data-recalc-dims=\"1\" \/><\/p>\n<h2 class=\"ficha\" style=\"font-size: 11px; line-height: 12px; text-align: right; padding-bottom: 20px;\"><img loading=\"lazy\" class=\"alignnone wp-image-3475 size-full\" src=\"https:\/\/i2.wp.com\/esrawe.com\/2018esrawe\/wp-content\/uploads\/2018\/06\/3.1-17.jpg?resize=1200%2C731&#038;ssl=1\" alt=\"\" width=\"1200\" height=\"731\" srcset=\"https:\/\/i2.wp.com\/esrawe.com\/2018esrawe\/wp-content\/uploads\/2018\/06\/3.1-17.jpg?w=2329&amp;ssl=1 2329w, https:\/\/i2.wp.com\/esrawe.com\/2018esrawe\/wp-content\/uploads\/2018\/06\/3.1-17.jpg?resize=300%2C183&amp;ssl=1 300w, https:\/\/i2.wp.com\/esrawe.com\/2018esrawe\/wp-content\/uploads\/2018\/06\/3.1-17.jpg?resize=768%2C468&amp;ssl=1 768w, https:\/\/i2.wp.com\/esrawe.com\/2018esrawe\/wp-content\/uploads\/2018\/06\/3.1-17.jpg?resize=1024%2C624&amp;ssl=1 1024w\" sizes=\"(max-width: 1200px) 100vw, 1200px\" data-recalc-dims=\"1\" \/><img loading=\"lazy\" class=\"alignnone size-full wp-image-5674\" src=\"https:\/\/i2.wp.com\/esrawe.com\/2018esrawe\/wp-content\/uploads\/2018\/07\/nueva1-2.jpg?resize=1188%2C681&#038;ssl=1\" alt=\"\" width=\"1188\" height=\"681\" srcset=\"https:\/\/i2.wp.com\/esrawe.com\/2018esrawe\/wp-content\/uploads\/2018\/07\/nueva1-2.jpg?w=1188&amp;ssl=1 1188w, https:\/\/i2.wp.com\/esrawe.com\/2018esrawe\/wp-content\/uploads\/2018\/07\/nueva1-2.jpg?resize=300%2C172&amp;ssl=1 300w, https:\/\/i2.wp.com\/esrawe.com\/2018esrawe\/wp-content\/uploads\/2018\/07\/nueva1-2.jpg?resize=768%2C440&amp;ssl=1 768w, https:\/\/i2.wp.com\/esrawe.com\/2018esrawe\/wp-content\/uploads\/2018\/07\/nueva1-2.jpg?resize=1024%2C587&amp;ssl=1 1024w\" sizes=\"(max-width: 1188px) 100vw, 1188px\" data-recalc-dims=\"1\" \/> <img loading=\"lazy\" class=\"alignnone size-full wp-image-5675\" src=\"https:\/\/i2.wp.com\/esrawe.com\/2018esrawe\/wp-content\/uploads\/2018\/07\/nueva2-1.jpg?resize=1188%2C681&#038;ssl=1\" alt=\"\" width=\"1188\" height=\"681\" srcset=\"https:\/\/i2.wp.com\/esrawe.com\/2018esrawe\/wp-content\/uploads\/2018\/07\/nueva2-1.jpg?w=1188&amp;ssl=1 1188w, https:\/\/i2.wp.com\/esrawe.com\/2018esrawe\/wp-content\/uploads\/2018\/07\/nueva2-1.jpg?resize=300%2C172&amp;ssl=1 300w, https:\/\/i2.wp.com\/esrawe.com\/2018esrawe\/wp-content\/uploads\/2018\/07\/nueva2-1.jpg?resize=768%2C440&amp;ssl=1 768w, https:\/\/i2.wp.com\/esrawe.com\/2018esrawe\/wp-content\/uploads\/2018\/07\/nueva2-1.jpg?resize=1024%2C587&amp;ssl=1 1024w\" sizes=\"(max-width: 1188px) 100vw, 1188px\" data-recalc-dims=\"1\" \/> <img loading=\"lazy\" class=\"alignnone size-full wp-image-5676\" src=\"https:\/\/i0.wp.com\/esrawe.com\/2018esrawe\/wp-content\/uploads\/2018\/07\/nueva3-2.jpg?resize=1188%2C681&#038;ssl=1\" alt=\"\" width=\"1188\" height=\"681\" srcset=\"https:\/\/i0.wp.com\/esrawe.com\/2018esrawe\/wp-content\/uploads\/2018\/07\/nueva3-2.jpg?w=1188&amp;ssl=1 1188w, https:\/\/i0.wp.com\/esrawe.com\/2018esrawe\/wp-content\/uploads\/2018\/07\/nueva3-2.jpg?resize=300%2C172&amp;ssl=1 300w, https:\/\/i0.wp.com\/esrawe.com\/2018esrawe\/wp-content\/uploads\/2018\/07\/nueva3-2.jpg?resize=768%2C440&amp;ssl=1 768w, https:\/\/i0.wp.com\/esrawe.com\/2018esrawe\/wp-content\/uploads\/2018\/07\/nueva3-2.jpg?resize=1024%2C587&amp;ssl=1 1024w\" sizes=\"(max-width: 1188px) 100vw, 1188px\" data-recalc-dims=\"1\" \/><strong>Interior Design \/ Esrawe Studio \/ 2016<\/strong><br \/>\n<strong>Architecture<\/strong> \/ Arquitectura 911<br \/>\n<strong>Design Team<\/strong> \/ Christian Berdar, Daniel Rodr\u00edguez, Adri\u00e1n Tena<br \/>\n<strong>Photography<\/strong> \/ Jaime navarro<\/h2>\n","protected":false},"excerpt":{"rendered":"<p>Cabo Norte\u2019s Clubhouse This project is located in the northern part of the city of M\u00e9rida, approximately 5 miles from the historic downtown district. M\u00e9rida, the capital city of the sate of Yucat\u00e1n, is also the most populated, and it serves as the logistic center of the metropolitan area. Cabo Norte will be a community&#8230;<\/p>\n","protected":false},"author":2,"featured_media":3451,"parent":141,"menu_order":0,"comment_status":"closed","ping_status":"closed","template":"","meta":[],"categories":[214],"tags":[],"_links":{"self":[{"href":"https:\/\/esrawe.com\/2018esrawe\/wp-json\/wp\/v2\/pages\/3488"}],"collection":[{"href":"https:\/\/esrawe.com\/2018esrawe\/wp-json\/wp\/v2\/pages"}],"about":[{"href":"https:\/\/esrawe.com\/2018esrawe\/wp-json\/wp\/v2\/types\/page"}],"author":[{"embeddable":true,"href":"https:\/\/esrawe.com\/2018esrawe\/wp-json\/wp\/v2\/users\/2"}],"replies":[{"embeddable":true,"href":"https:\/\/esrawe.com\/2018esrawe\/wp-json\/wp\/v2\/comments?post=3488"}],"version-history":[{"count":13,"href":"https:\/\/esrawe.com\/2018esrawe\/wp-json\/wp\/v2\/pages\/3488\/revisions"}],"predecessor-version":[{"id":26349,"href":"https:\/\/esrawe.com\/2018esrawe\/wp-json\/wp\/v2\/pages\/3488\/revisions\/26349"}],"up":[{"embeddable":true,"href":"https:\/\/esrawe.com\/2018esrawe\/wp-json\/wp\/v2\/pages\/141"}],"wp:featuredmedia":[{"embeddable":true,"href":"https:\/\/esrawe.com\/2018esrawe\/wp-json\/wp\/v2\/media\/3451"}],"wp:attachment":[{"href":"https:\/\/esrawe.com\/2018esrawe\/wp-json\/wp\/v2\/media?parent=3488"}],"wp:term":[{"taxonomy":"category","embeddable":true,"href":"https:\/\/esrawe.com\/2018esrawe\/wp-json\/wp\/v2\/categories?post=3488"},{"taxonomy":"post_tag","embeddable":true,"href":"https:\/\/esrawe.com\/2018esrawe\/wp-json\/wp\/v2\/tags?post=3488"}],"curies":[{"name":"wp","href":"https:\/\/api.w.org\/{rel}","templated":true}]}}