{"id":3193,"date":"2017-02-15T19:36:34","date_gmt":"2017-02-15T19:36:34","guid":{"rendered":"http:\/\/esrawe.com\/2018esrawe\/?page_id=3193"},"modified":"2023-06-01T16:56:19","modified_gmt":"2023-06-01T16:56:19","slug":"tori-tori-eng","status":"publish","type":"page","link":"https:\/\/esrawe.com\/2018esrawe\/interiors\/tori-tori-eng\/","title":{"rendered":"Tori Tori Altavista \/ Mexico City, Mexico \/ 2017"},"content":{"rendered":"<p><img loading=\"lazy\" class=\"alignnone wp-image-3457 size-full\" src=\"https:\/\/i2.wp.com\/esrawe.com\/2018esrawe\/wp-content\/uploads\/2018\/06\/1.1-1-31.jpg?resize=1200%2C731&#038;ssl=1\" alt=\"\" width=\"1200\" height=\"731\" srcset=\"https:\/\/i2.wp.com\/esrawe.com\/2018esrawe\/wp-content\/uploads\/2018\/06\/1.1-1-31.jpg?w=2329&amp;ssl=1 2329w, https:\/\/i2.wp.com\/esrawe.com\/2018esrawe\/wp-content\/uploads\/2018\/06\/1.1-1-31.jpg?resize=300%2C183&amp;ssl=1 300w, https:\/\/i2.wp.com\/esrawe.com\/2018esrawe\/wp-content\/uploads\/2018\/06\/1.1-1-31.jpg?resize=768%2C468&amp;ssl=1 768w, https:\/\/i2.wp.com\/esrawe.com\/2018esrawe\/wp-content\/uploads\/2018\/06\/1.1-1-31.jpg?resize=1024%2C624&amp;ssl=1 1024w\" sizes=\"(max-width: 1200px) 100vw, 1200px\" data-recalc-dims=\"1\" \/><\/p>\n<h1 class=\"title_interior\" style=\"font-size: 13px; padding-top: 46px; padding-bottom: 26px; text-align: center;\"><strong>Tori Tori Altavista<\/strong><\/h1>\n<p class=\"parrafo\" style=\"font-size: 11px; padding-bottom: 20px; padding-left: 10%; padding-right: 10%; text-align: left;\">The main influences for this project are based on the expression of brutalist architecture, as well as historic habitats carved in mountains.<\/p>\n<p class=\"parrafo\" style=\"font-size: 11px; padding-bottom: 20px; padding-left: 10%; padding-right: 10%; text-align: left;\">Located inside a commercial plaza in the San Angel neighborhood, the space consists of two levels. The first one is a narrow interior that connects through a stairway with the second level and the green areas of its terrace. The sensation when entering the space is conditioned by a meticulous game of height variations in the marble ceiling. This generates a sense of compression and continuity, similar to the one experienced when accessing a cave. The marble ceiling descends until it almost reaches the floor in order to receive the spiral staircase that connects the ground floor with the terrace. To the right side there is a sushi bar that allows the user to see the chef \u2019s hands when preparing the sushi through the reflective qualities of the high polished brass ceiling. On the other side, lies a continuous seat with an art piece by artist Marco Rountree hanging from the wall.<\/p>\n<p class=\"parrafo\" style=\"font-size: 11px; padding-bottom: 20px; padding-left: 10%; padding-right: 10%; text-align: left;\">The upper floor is surrounded by green areas; the sensation is completely open and extroverted, enabling the user to observe the treetops of the surrounding houses, a characteristic trait of the neighborhood. Nonetheless, the memory of the previous experience is mirrored through the ground level changes covered in the same materiality of the preceding marble space.<\/p>\n<h2 class=\"ficha\" style=\"font-size: 10px; line-height: 12px; text-align: right; padding-bottom: 20px;\"><\/h2>\n<div class=\"tiled-gallery type-rectangular tiled-gallery-unresized\" data-original-width=\"1200\" data-carousel-extra='null' itemscope itemtype=\"http:\/\/schema.org\/ImageGallery\" > <div class=\"gallery-row\" style=\"width: 1200px; height: 696px;\" data-original-width=\"1200\" data-original-height=\"696\" > <div class=\"gallery-group images-1\" style=\"width: 600px; height: 696px;\" data-original-width=\"600\" data-original-height=\"696\" > <div class=\"tiled-gallery-item tiled-gallery-item-large\" itemprop=\"associatedMedia\" itemscope itemtype=\"http:\/\/schema.org\/ImageObject\"> <a href=\"https:\/\/esrawe.com\/2018esrawe\/interiores\/1320-2\/toritoricover2\/\" border=\"0\" itemprop=\"url\"> <meta itemprop=\"width\" content=\"596\"> <meta itemprop=\"height\" content=\"692\"> <img data-attachment-id=\"3454\" data-orig-file=\"https:\/\/esrawe.com\/2018esrawe\/wp-content\/uploads\/2018\/06\/toritoricover2.jpg\" data-orig-size=\"1189,1381\" data-comments-opened=\"\" data-image-meta=\"{&quot;aperture&quot;:&quot;0&quot;,&quot;credit&quot;:&quot;&quot;,&quot;camera&quot;:&quot;&quot;,&quot;caption&quot;:&quot;&quot;,&quot;created_timestamp&quot;:&quot;0&quot;,&quot;copyright&quot;:&quot;&quot;,&quot;focal_length&quot;:&quot;0&quot;,&quot;iso&quot;:&quot;0&quot;,&quot;shutter_speed&quot;:&quot;0&quot;,&quot;title&quot;:&quot;&quot;,&quot;orientation&quot;:&quot;0&quot;}\" data-image-title=\"toritoricover2\" data-image-description=\"\" data-medium-file=\"https:\/\/i0.wp.com\/esrawe.com\/2018esrawe\/wp-content\/uploads\/2018\/06\/toritoricover2.jpg?fit=258%2C300&#038;ssl=1\" data-large-file=\"https:\/\/i0.wp.com\/esrawe.com\/2018esrawe\/wp-content\/uploads\/2018\/06\/toritoricover2.jpg?fit=882%2C1024&#038;ssl=1\" src=\"https:\/\/i0.wp.com\/esrawe.com\/2018esrawe\/wp-content\/uploads\/2018\/06\/toritoricover2.jpg?ssl=1&#038;w=596&#038;h=692\" width=\"596\" height=\"692\" data-original-width=\"596\" data-original-height=\"692\" itemprop=\"http:\/\/schema.org\/image\" title=\"toritoricover2\" alt=\"toritoricover2\" style=\"width: 596px; height: 692px;\" \/> <\/a> <\/div> <\/div> <!-- close group --> <div class=\"gallery-group images-1\" style=\"width: 600px; height: 696px;\" data-original-width=\"600\" data-original-height=\"696\" > <div class=\"tiled-gallery-item tiled-gallery-item-large\" itemprop=\"associatedMedia\" itemscope itemtype=\"http:\/\/schema.org\/ImageObject\"> <a href=\"https:\/\/esrawe.com\/2018esrawe\/interiores\/1320-2\/3-1-34\/\" border=\"0\" itemprop=\"url\"> <meta itemprop=\"width\" content=\"596\"> <meta itemprop=\"height\" content=\"692\"> <img data-attachment-id=\"3455\" data-orig-file=\"https:\/\/esrawe.com\/2018esrawe\/wp-content\/uploads\/2018\/06\/3.1-1-16.jpg\" data-orig-size=\"1189,1381\" data-comments-opened=\"\" data-image-meta=\"{&quot;aperture&quot;:&quot;0&quot;,&quot;credit&quot;:&quot;&quot;,&quot;camera&quot;:&quot;&quot;,&quot;caption&quot;:&quot;&quot;,&quot;created_timestamp&quot;:&quot;0&quot;,&quot;copyright&quot;:&quot;&quot;,&quot;focal_length&quot;:&quot;0&quot;,&quot;iso&quot;:&quot;0&quot;,&quot;shutter_speed&quot;:&quot;0&quot;,&quot;title&quot;:&quot;&quot;,&quot;orientation&quot;:&quot;0&quot;}\" data-image-title=\"3.1-\" data-image-description=\"\" data-medium-file=\"https:\/\/i1.wp.com\/esrawe.com\/2018esrawe\/wp-content\/uploads\/2018\/06\/3.1-1-16.jpg?fit=258%2C300&#038;ssl=1\" data-large-file=\"https:\/\/i1.wp.com\/esrawe.com\/2018esrawe\/wp-content\/uploads\/2018\/06\/3.1-1-16.jpg?fit=882%2C1024&#038;ssl=1\" src=\"https:\/\/i1.wp.com\/esrawe.com\/2018esrawe\/wp-content\/uploads\/2018\/06\/3.1-1-16.jpg?ssl=1&#038;w=596&#038;h=692\" width=\"596\" height=\"692\" data-original-width=\"596\" data-original-height=\"692\" itemprop=\"http:\/\/schema.org\/image\" title=\"3.1-\" alt=\"3.1-\" style=\"width: 596px; height: 692px;\" \/> <\/a> <\/div> <\/div> <!-- close group --> <\/div> <!-- close row --> <\/div>\n<p><img loading=\"lazy\" class=\"alignnone wp-image-3459 size-full\" src=\"https:\/\/i0.wp.com\/esrawe.com\/2018esrawe\/wp-content\/uploads\/2018\/06\/4.1-11.jpg?resize=1200%2C731&#038;ssl=1\" alt=\"\" width=\"1200\" height=\"731\" srcset=\"https:\/\/i0.wp.com\/esrawe.com\/2018esrawe\/wp-content\/uploads\/2018\/06\/4.1-11.jpg?w=2329&amp;ssl=1 2329w, https:\/\/i0.wp.com\/esrawe.com\/2018esrawe\/wp-content\/uploads\/2018\/06\/4.1-11.jpg?resize=300%2C183&amp;ssl=1 300w, https:\/\/i0.wp.com\/esrawe.com\/2018esrawe\/wp-content\/uploads\/2018\/06\/4.1-11.jpg?resize=768%2C468&amp;ssl=1 768w, https:\/\/i0.wp.com\/esrawe.com\/2018esrawe\/wp-content\/uploads\/2018\/06\/4.1-11.jpg?resize=1024%2C624&amp;ssl=1 1024w\" sizes=\"(max-width: 1200px) 100vw, 1200px\" data-recalc-dims=\"1\" \/><img loading=\"lazy\" class=\"alignnone size-full wp-image-3460\" src=\"https:\/\/i1.wp.com\/esrawe.com\/2018esrawe\/wp-content\/uploads\/2018\/06\/5.1-7.jpg?resize=1200%2C731&#038;ssl=1\" alt=\"\" width=\"1200\" height=\"731\" srcset=\"https:\/\/i1.wp.com\/esrawe.com\/2018esrawe\/wp-content\/uploads\/2018\/06\/5.1-7.jpg?w=2329&amp;ssl=1 2329w, https:\/\/i1.wp.com\/esrawe.com\/2018esrawe\/wp-content\/uploads\/2018\/06\/5.1-7.jpg?resize=300%2C183&amp;ssl=1 300w, https:\/\/i1.wp.com\/esrawe.com\/2018esrawe\/wp-content\/uploads\/2018\/06\/5.1-7.jpg?resize=768%2C468&amp;ssl=1 768w, https:\/\/i1.wp.com\/esrawe.com\/2018esrawe\/wp-content\/uploads\/2018\/06\/5.1-7.jpg?resize=1024%2C624&amp;ssl=1 1024w\" sizes=\"(max-width: 1200px) 100vw, 1200px\" data-recalc-dims=\"1\" \/><\/p>\n<h2><\/h2>\n<h2 class=\"ficha\" style=\"font-size: 10px; line-height: 12px; text-align: right; padding-bottom: 20px;\"><strong>Concept + Interiors \/ Esrawe Studio + Rojkind Arquitectos \/ 2017<\/strong><br \/>\n<strong>Design Team<\/strong><br \/>\nEsrawe Studio \/ Jan M\u00fcller, Rodrigo L\u00f3pez, Israel Dorantes<br \/>\nRojkind Arquitectos \/ Salvador Cort\u00e9z, Jorge Ces\u00e1r Gonz\u00e1lez, Victor Manuel Vel\u00e1zquez, Cynthia Ponce, Julieta Incl\u00e1n, Pablo Herrera, Fernanda Casar, Andrea Le\u00f3n, Beatriz Zavala, Lorena Garc\u00eda Cordero-Sas\u00eda<br \/>\n<strong>Construction Supervision<\/strong> \/ Jan M\u00fcller<br \/>\n<strong>Photography<\/strong> \/ Jaime Navarro<\/h2>\n<h2 class=\"ficha\" style=\"font-size: 10px; line-height: 12px; text-align: right; padding-bottom: 20px;\"><strong>External Advisors<br \/>\n<\/strong><strong><br \/>\nBuilder<\/strong> \/ ZD+A<\/h2>\n","protected":false},"excerpt":{"rendered":"<p>Tori Tori Altavista The main influences for this project are based on the expression of brutalist architecture, as well as historic habitats carved in mountains. Located inside a commercial plaza in the San Angel neighborhood, the space consists of two levels. The first one is a narrow interior that connects through a stairway with the&#8230;<\/p>\n","protected":false},"author":2,"featured_media":1189,"parent":141,"menu_order":0,"comment_status":"closed","ping_status":"closed","template":"","meta":[],"categories":[214],"tags":[],"_links":{"self":[{"href":"https:\/\/esrawe.com\/2018esrawe\/wp-json\/wp\/v2\/pages\/3193"}],"collection":[{"href":"https:\/\/esrawe.com\/2018esrawe\/wp-json\/wp\/v2\/pages"}],"about":[{"href":"https:\/\/esrawe.com\/2018esrawe\/wp-json\/wp\/v2\/types\/page"}],"author":[{"embeddable":true,"href":"https:\/\/esrawe.com\/2018esrawe\/wp-json\/wp\/v2\/users\/2"}],"replies":[{"embeddable":true,"href":"https:\/\/esrawe.com\/2018esrawe\/wp-json\/wp\/v2\/comments?post=3193"}],"version-history":[{"count":18,"href":"https:\/\/esrawe.com\/2018esrawe\/wp-json\/wp\/v2\/pages\/3193\/revisions"}],"predecessor-version":[{"id":26653,"href":"https:\/\/esrawe.com\/2018esrawe\/wp-json\/wp\/v2\/pages\/3193\/revisions\/26653"}],"up":[{"embeddable":true,"href":"https:\/\/esrawe.com\/2018esrawe\/wp-json\/wp\/v2\/pages\/141"}],"wp:featuredmedia":[{"embeddable":true,"href":"https:\/\/esrawe.com\/2018esrawe\/wp-json\/wp\/v2\/media\/1189"}],"wp:attachment":[{"href":"https:\/\/esrawe.com\/2018esrawe\/wp-json\/wp\/v2\/media?parent=3193"}],"wp:term":[{"taxonomy":"category","embeddable":true,"href":"https:\/\/esrawe.com\/2018esrawe\/wp-json\/wp\/v2\/categories?post=3193"},{"taxonomy":"post_tag","embeddable":true,"href":"https:\/\/esrawe.com\/2018esrawe\/wp-json\/wp\/v2\/tags?post=3193"}],"curies":[{"name":"wp","href":"https:\/\/api.w.org\/{rel}","templated":true}]}}