{"id":27292,"date":"2024-11-29T20:45:02","date_gmt":"2024-11-29T20:45:02","guid":{"rendered":"https:\/\/esrawe.com\/2018esrawe\/?page_id=27292"},"modified":"2025-01-21T16:17:37","modified_gmt":"2025-01-21T16:17:37","slug":"ahama","status":"publish","type":"page","link":"https:\/\/esrawe.com\/2018esrawe\/interiores\/ahama\/","title":{"rendered":"Templo Sonoro \/ G\u00fcnl\u00fckl\u00fc Koyu, Turqu\u00eda"},"content":{"rendered":"","protected":false},"excerpt":{"rendered":"","protected":false},"author":2,"featured_media":27293,"parent":902,"menu_order":0,"comment_status":"closed","ping_status":"closed","template":"","meta":[],"categories":[218],"tags":[],"_links":{"self":[{"href":"https:\/\/esrawe.com\/2018esrawe\/wp-json\/wp\/v2\/pages\/27292"}],"collection":[{"href":"https:\/\/esrawe.com\/2018esrawe\/wp-json\/wp\/v2\/pages"}],"about":[{"href":"https:\/\/esrawe.com\/2018esrawe\/wp-json\/wp\/v2\/types\/page"}],"author":[{"embeddable":true,"href":"https:\/\/esrawe.com\/2018esrawe\/wp-json\/wp\/v2\/users\/2"}],"replies":[{"embeddable":true,"href":"https:\/\/esrawe.com\/2018esrawe\/wp-json\/wp\/v2\/comments?post=27292"}],"version-history":[{"count":14,"href":"https:\/\/esrawe.com\/2018esrawe\/wp-json\/wp\/v2\/pages\/27292\/revisions"}],"predecessor-version":[{"id":27450,"href":"https:\/\/esrawe.com\/2018esrawe\/wp-json\/wp\/v2\/pages\/27292\/revisions\/27450"}],"up":[{"embeddable":true,"href":"https:\/\/esrawe.com\/2018esrawe\/wp-json\/wp\/v2\/pages\/902"}],"wp:featuredmedia":[{"embeddable":true,"href":"https:\/\/esrawe.com\/2018esrawe\/wp-json\/wp\/v2\/media\/27293"}],"wp:attachment":[{"href":"https:\/\/esrawe.com\/2018esrawe\/wp-json\/wp\/v2\/media?parent=27292"}],"wp:term":[{"taxonomy":"category","embeddable":true,"href":"https:\/\/esrawe.com\/2018esrawe\/wp-json\/wp\/v2\/categories?post=27292"},{"taxonomy":"post_tag","embeddable":true,"href":"https:\/\/esrawe.com\/2018esrawe\/wp-json\/wp\/v2\/tags?post=27292"}],"curies":[{"name":"wp","href":"https:\/\/api.w.org\/{rel}","templated":true}]}}