{"id":26661,"date":"2017-04-14T19:16:00","date_gmt":"2017-04-14T19:16:00","guid":{"rendered":"https:\/\/esrawe.com\/2018esrawe\/?page_id=26661"},"modified":"2023-06-05T19:33:07","modified_gmt":"2023-06-05T19:33:07","slug":"mercado-san-pedro-san-pedro-garza-garcia-nuevo-leon-mexico-2017","status":"publish","type":"page","link":"https:\/\/esrawe.com\/2018esrawe\/interiores\/mercado-san-pedro-san-pedro-garza-garcia-nuevo-leon-mexico-2017\/","title":{"rendered":"Mercado San Pedro \/ San Pedro Garza Garc\u00eda, Nuevo Le\u00f3n, M\u00e9xico \/ 2017"},"content":{"rendered":"","protected":false},"excerpt":{"rendered":"","protected":false},"author":2,"featured_media":26673,"parent":902,"menu_order":0,"comment_status":"closed","ping_status":"closed","template":"","meta":[],"categories":[218],"tags":[],"_links":{"self":[{"href":"https:\/\/esrawe.com\/2018esrawe\/wp-json\/wp\/v2\/pages\/26661"}],"collection":[{"href":"https:\/\/esrawe.com\/2018esrawe\/wp-json\/wp\/v2\/pages"}],"about":[{"href":"https:\/\/esrawe.com\/2018esrawe\/wp-json\/wp\/v2\/types\/page"}],"author":[{"embeddable":true,"href":"https:\/\/esrawe.com\/2018esrawe\/wp-json\/wp\/v2\/users\/2"}],"replies":[{"embeddable":true,"href":"https:\/\/esrawe.com\/2018esrawe\/wp-json\/wp\/v2\/comments?post=26661"}],"version-history":[{"count":23,"href":"https:\/\/esrawe.com\/2018esrawe\/wp-json\/wp\/v2\/pages\/26661\/revisions"}],"predecessor-version":[{"id":26699,"href":"https:\/\/esrawe.com\/2018esrawe\/wp-json\/wp\/v2\/pages\/26661\/revisions\/26699"}],"up":[{"embeddable":true,"href":"https:\/\/esrawe.com\/2018esrawe\/wp-json\/wp\/v2\/pages\/902"}],"wp:featuredmedia":[{"embeddable":true,"href":"https:\/\/esrawe.com\/2018esrawe\/wp-json\/wp\/v2\/media\/26673"}],"wp:attachment":[{"href":"https:\/\/esrawe.com\/2018esrawe\/wp-json\/wp\/v2\/media?parent=26661"}],"wp:term":[{"taxonomy":"category","embeddable":true,"href":"https:\/\/esrawe.com\/2018esrawe\/wp-json\/wp\/v2\/categories?post=26661"},{"taxonomy":"post_tag","embeddable":true,"href":"https:\/\/esrawe.com\/2018esrawe\/wp-json\/wp\/v2\/tags?post=26661"}],"curies":[{"name":"wp","href":"https:\/\/api.w.org\/{rel}","templated":true}]}}