{"id":22827,"date":"2021-04-08T01:15:23","date_gmt":"2021-04-08T01:15:23","guid":{"rendered":"http:\/\/esrawe.com\/2018esrawe\/?page_id=22827"},"modified":"2025-04-21T22:45:49","modified_gmt":"2025-04-21T22:45:49","slug":"casa-sb-merida-yucatan-mexico-2021","status":"publish","type":"page","link":"https:\/\/esrawe.com\/2018esrawe\/interiores\/casa-sb-merida-yucatan-mexico-2021\/","title":{"rendered":"Casa SB \/ M\u00e9rida, Yucat\u00e1n, M\u00e9xico \/ 2021"},"content":{"rendered":"","protected":false},"excerpt":{"rendered":"","protected":false},"author":2,"featured_media":22828,"parent":902,"menu_order":0,"comment_status":"closed","ping_status":"closed","template":"","meta":[],"categories":[218],"tags":[],"_links":{"self":[{"href":"https:\/\/esrawe.com\/2018esrawe\/wp-json\/wp\/v2\/pages\/22827"}],"collection":[{"href":"https:\/\/esrawe.com\/2018esrawe\/wp-json\/wp\/v2\/pages"}],"about":[{"href":"https:\/\/esrawe.com\/2018esrawe\/wp-json\/wp\/v2\/types\/page"}],"author":[{"embeddable":true,"href":"https:\/\/esrawe.com\/2018esrawe\/wp-json\/wp\/v2\/users\/2"}],"replies":[{"embeddable":true,"href":"https:\/\/esrawe.com\/2018esrawe\/wp-json\/wp\/v2\/comments?post=22827"}],"version-history":[{"count":19,"href":"https:\/\/esrawe.com\/2018esrawe\/wp-json\/wp\/v2\/pages\/22827\/revisions"}],"predecessor-version":[{"id":27501,"href":"https:\/\/esrawe.com\/2018esrawe\/wp-json\/wp\/v2\/pages\/22827\/revisions\/27501"}],"up":[{"embeddable":true,"href":"https:\/\/esrawe.com\/2018esrawe\/wp-json\/wp\/v2\/pages\/902"}],"wp:featuredmedia":[{"embeddable":true,"href":"https:\/\/esrawe.com\/2018esrawe\/wp-json\/wp\/v2\/media\/22828"}],"wp:attachment":[{"href":"https:\/\/esrawe.com\/2018esrawe\/wp-json\/wp\/v2\/media?parent=22827"}],"wp:term":[{"taxonomy":"category","embeddable":true,"href":"https:\/\/esrawe.com\/2018esrawe\/wp-json\/wp\/v2\/categories?post=22827"},{"taxonomy":"post_tag","embeddable":true,"href":"https:\/\/esrawe.com\/2018esrawe\/wp-json\/wp\/v2\/tags?post=22827"}],"curies":[{"name":"wp","href":"https:\/\/api.w.org\/{rel}","templated":true}]}}