{"id":2264,"date":"2017-01-15T19:42:38","date_gmt":"2017-01-15T19:42:38","guid":{"rendered":"http:\/\/esrawe.com\/2018esrawe\/?page_id=2264"},"modified":"2023-06-01T16:50:44","modified_gmt":"2023-06-01T16:50:44","slug":"el-califa","status":"publish","type":"page","link":"https:\/\/esrawe.com\/2018esrawe\/interiors\/el-califa\/","title":{"rendered":"Taquer\u00eda El Califa \/ Mexico City, Mexico \/ 2017"},"content":{"rendered":"<p><img loading=\"lazy\" src=\"https:\/\/i1.wp.com\/esrawe.com\/2018esrawe\/wp-content\/uploads\/2018\/08\/1.jpg?resize=1188%2C681&#038;ssl=1\" alt=\"\" width=\"1188\" height=\"681\" data-recalc-dims=\"1\" \/><\/p>\n<h1 class=\"title_interior\" style=\"font-size: 11px; padding-top: 46px; padding-bottom: 26px; text-align: center;\"><strong>Taquer\u00eda El Califa<\/strong><\/h1>\n<p class=\"parrafo\" style=\"font-size: 11px; padding-bottom: 20px; padding-left: 10%; padding-right: 10%; text-align: left;\">El Califa is already a gastronomic reference if we talk about the best \u201ctaquer\u00edas\u201d in Mexico City, not only for the quality of its ingredients but also for its service and atmosphere. In 2017, the brand started an expansion process and opened a new restaurant.<\/p>\n<p class=\"parrafo\" style=\"font-size: 11px; padding-bottom: 20px; padding-left: 10%; padding-right: 10%; text-align: left;\">Esrawe Studio found its source of inspiration in the tortilla and its geometric translation to the circle, as well as in its repetition, partition and variants. The tortilla has been an important part of people\u2019s lives in Mexico since pre-hispanic times, when our ancestors used corn tortillas as a dish, food and spoon. Today everyone finds ingenious ways to use it, creating a personal touch in the way of preparing, folding and holding a taco. From all the different ways of folding a tortilla we generate a new concept to reinterpret the essence of traditional \u201ctaquer\u00edas\u201d in Mexico.<\/p>\n<p class=\"parrafo\" style=\"font-size: 11px; padding-bottom: 20px; padding-left: 10%; padding-right: 10%; text-align: left;\">&#8211; The identity &#8211;<br \/>\nThe language of the brand is intuitive and obvious. We maintain the carefree spirit of the brand, and empower it through the new graphics so that El Califa can convey an essence that has been formed naturally through time. As Mexicans, we have grown up surrounded by the graphic and cultural richness of \u201cr\u00f3tulos\u201d, a kind of traditional ads in Mexico, which evoke the casual, honest and inclusive spirit of urban food. It was in the \u201cr\u00f3tulos\u201d that we found inspiration to create the new proportions and expression of the characters that form the iconic name of El Califa. The graphic elements, subtly playful and translated in an abstract yet flirtatious way from the tablecloths found in \u201ctaquer\u00edas\u201d, respond to the urban and popular context within which El Califa and its cuisine are protagonists.<\/p>\n<p class=\"parrafo\" style=\"font-size: 11px; padding-bottom: 20px; padding-left: 10%; padding-right: 10%; text-align: left;\">&#8211; The Space &#8211;<br \/>\nBy means of an open kitchen we enhance the preparation of the tacos, and at the same time we bring the diner closer to the traditional \u201ctaco bar\u201d. This gesture generates a link between the commensal, the \u201ctaquero\u201d and the tacos, and dignifies the kitchen, causing a certain kind of admiration towards the preparation of dishes. The traditional mosaic in \u201ctaquer\u00edas\u201d is reinterpreted in the space to generate a contemporary expression that becomes the identifying element of El Califa. This mosaic speaks ingeniously through a game of volumes of one of the most basic elements in our Mexican cuisine: the tortilla.<\/p>\n<p class=\"parrafo\" style=\"font-size: 11px; padding-bottom: 20px; padding-left: 10%; padding-right: 10%; text-align: left;\">In contrast with the simple aesthetic of the mosaic, the floor is covered by the urban feeling of the terrazo embellished with an XXL grid of golden circles. Finally, the atmosphere is submerged by the warm light coming from custom bulbs that evoke the effortless atmosphere of \u201ctaquer\u00edas\u201d.<\/p>\n<p class=\"parrafo\" style=\"font-size: 11px; padding-bottom: 20px; padding-left: 10%; padding-right: 10%; text-align: left;\">The furniture and tableware of the restaurant were developed especially for the project. This allowed us to follow the formal line that originated the interior design and brand identity, strengthening its discourse. Insisting on the geometric representation of the folds of the tortilla when making a taco and starting from the expression of the forges found in the streets of Mexico, an exterior skin was added to the fa\u00e7ade, a latticework that functions as a transition between the restaurant and the city.<\/p>\n<p><img loading=\"lazy\" class=\"alignnone size-full wp-image-6554\" src=\"https:\/\/i0.wp.com\/esrawe.com\/2018esrawe\/wp-content\/uploads\/2018\/08\/2.jpg?resize=1188%2C681&#038;ssl=1\" alt=\"\" width=\"1188\" height=\"681\" srcset=\"https:\/\/i0.wp.com\/esrawe.com\/2018esrawe\/wp-content\/uploads\/2018\/08\/2.jpg?w=1188&amp;ssl=1 1188w, https:\/\/i0.wp.com\/esrawe.com\/2018esrawe\/wp-content\/uploads\/2018\/08\/2.jpg?resize=300%2C172&amp;ssl=1 300w, https:\/\/i0.wp.com\/esrawe.com\/2018esrawe\/wp-content\/uploads\/2018\/08\/2.jpg?resize=768%2C440&amp;ssl=1 768w, https:\/\/i0.wp.com\/esrawe.com\/2018esrawe\/wp-content\/uploads\/2018\/08\/2.jpg?resize=1024%2C587&amp;ssl=1 1024w\" sizes=\"(max-width: 1188px) 100vw, 1188px\" data-recalc-dims=\"1\" \/> <img loading=\"lazy\" class=\"alignnone size-full wp-image-6555\" src=\"https:\/\/i1.wp.com\/esrawe.com\/2018esrawe\/wp-content\/uploads\/2018\/08\/3.jpg?resize=1188%2C681&#038;ssl=1\" alt=\"\" width=\"1188\" height=\"681\" srcset=\"https:\/\/i1.wp.com\/esrawe.com\/2018esrawe\/wp-content\/uploads\/2018\/08\/3.jpg?w=1188&amp;ssl=1 1188w, https:\/\/i1.wp.com\/esrawe.com\/2018esrawe\/wp-content\/uploads\/2018\/08\/3.jpg?resize=300%2C172&amp;ssl=1 300w, https:\/\/i1.wp.com\/esrawe.com\/2018esrawe\/wp-content\/uploads\/2018\/08\/3.jpg?resize=768%2C440&amp;ssl=1 768w, https:\/\/i1.wp.com\/esrawe.com\/2018esrawe\/wp-content\/uploads\/2018\/08\/3.jpg?resize=1024%2C587&amp;ssl=1 1024w\" sizes=\"(max-width: 1188px) 100vw, 1188px\" data-recalc-dims=\"1\" \/> <img loading=\"lazy\" class=\"alignnone size-full wp-image-6556\" src=\"https:\/\/i1.wp.com\/esrawe.com\/2018esrawe\/wp-content\/uploads\/2018\/08\/4.jpg?resize=1188%2C681&#038;ssl=1\" alt=\"\" width=\"1188\" height=\"681\" srcset=\"https:\/\/i1.wp.com\/esrawe.com\/2018esrawe\/wp-content\/uploads\/2018\/08\/4.jpg?w=1188&amp;ssl=1 1188w, https:\/\/i1.wp.com\/esrawe.com\/2018esrawe\/wp-content\/uploads\/2018\/08\/4.jpg?resize=300%2C172&amp;ssl=1 300w, https:\/\/i1.wp.com\/esrawe.com\/2018esrawe\/wp-content\/uploads\/2018\/08\/4.jpg?resize=768%2C440&amp;ssl=1 768w, https:\/\/i1.wp.com\/esrawe.com\/2018esrawe\/wp-content\/uploads\/2018\/08\/4.jpg?resize=1024%2C587&amp;ssl=1 1024w\" sizes=\"(max-width: 1188px) 100vw, 1188px\" data-recalc-dims=\"1\" \/> <img loading=\"lazy\" class=\"alignnone size-full wp-image-6557\" src=\"https:\/\/i2.wp.com\/esrawe.com\/2018esrawe\/wp-content\/uploads\/2018\/08\/5.jpg?resize=1188%2C681&#038;ssl=1\" alt=\"\" width=\"1188\" height=\"681\" srcset=\"https:\/\/i2.wp.com\/esrawe.com\/2018esrawe\/wp-content\/uploads\/2018\/08\/5.jpg?w=1188&amp;ssl=1 1188w, https:\/\/i2.wp.com\/esrawe.com\/2018esrawe\/wp-content\/uploads\/2018\/08\/5.jpg?resize=300%2C172&amp;ssl=1 300w, https:\/\/i2.wp.com\/esrawe.com\/2018esrawe\/wp-content\/uploads\/2018\/08\/5.jpg?resize=768%2C440&amp;ssl=1 768w, https:\/\/i2.wp.com\/esrawe.com\/2018esrawe\/wp-content\/uploads\/2018\/08\/5.jpg?resize=1024%2C587&amp;ssl=1 1024w\" sizes=\"(max-width: 1188px) 100vw, 1188px\" data-recalc-dims=\"1\" \/> <img loading=\"lazy\" class=\"alignnone size-full wp-image-6558\" src=\"https:\/\/i1.wp.com\/esrawe.com\/2018esrawe\/wp-content\/uploads\/2018\/08\/6.jpg?resize=1188%2C681&#038;ssl=1\" alt=\"\" width=\"1188\" height=\"681\" srcset=\"https:\/\/i1.wp.com\/esrawe.com\/2018esrawe\/wp-content\/uploads\/2018\/08\/6.jpg?w=1188&amp;ssl=1 1188w, https:\/\/i1.wp.com\/esrawe.com\/2018esrawe\/wp-content\/uploads\/2018\/08\/6.jpg?resize=300%2C172&amp;ssl=1 300w, https:\/\/i1.wp.com\/esrawe.com\/2018esrawe\/wp-content\/uploads\/2018\/08\/6.jpg?resize=768%2C440&amp;ssl=1 768w, https:\/\/i1.wp.com\/esrawe.com\/2018esrawe\/wp-content\/uploads\/2018\/08\/6.jpg?resize=1024%2C587&amp;ssl=1 1024w\" sizes=\"(max-width: 1188px) 100vw, 1188px\" data-recalc-dims=\"1\" \/> <img loading=\"lazy\" class=\"alignnone size-full wp-image-6559\" src=\"https:\/\/i0.wp.com\/esrawe.com\/2018esrawe\/wp-content\/uploads\/2018\/08\/7.jpg?resize=1188%2C681&#038;ssl=1\" alt=\"\" width=\"1188\" height=\"681\" srcset=\"https:\/\/i0.wp.com\/esrawe.com\/2018esrawe\/wp-content\/uploads\/2018\/08\/7.jpg?w=1188&amp;ssl=1 1188w, https:\/\/i0.wp.com\/esrawe.com\/2018esrawe\/wp-content\/uploads\/2018\/08\/7.jpg?resize=300%2C172&amp;ssl=1 300w, https:\/\/i0.wp.com\/esrawe.com\/2018esrawe\/wp-content\/uploads\/2018\/08\/7.jpg?resize=768%2C440&amp;ssl=1 768w, https:\/\/i0.wp.com\/esrawe.com\/2018esrawe\/wp-content\/uploads\/2018\/08\/7.jpg?resize=1024%2C587&amp;ssl=1 1024w\" sizes=\"(max-width: 1188px) 100vw, 1188px\" data-recalc-dims=\"1\" \/> <img loading=\"lazy\" class=\"alignnone size-full wp-image-6560\" src=\"https:\/\/i2.wp.com\/esrawe.com\/2018esrawe\/wp-content\/uploads\/2018\/08\/8.jpg?resize=1188%2C681&#038;ssl=1\" alt=\"\" width=\"1188\" height=\"681\" srcset=\"https:\/\/i2.wp.com\/esrawe.com\/2018esrawe\/wp-content\/uploads\/2018\/08\/8.jpg?w=1188&amp;ssl=1 1188w, https:\/\/i2.wp.com\/esrawe.com\/2018esrawe\/wp-content\/uploads\/2018\/08\/8.jpg?resize=300%2C172&amp;ssl=1 300w, https:\/\/i2.wp.com\/esrawe.com\/2018esrawe\/wp-content\/uploads\/2018\/08\/8.jpg?resize=768%2C440&amp;ssl=1 768w, https:\/\/i2.wp.com\/esrawe.com\/2018esrawe\/wp-content\/uploads\/2018\/08\/8.jpg?resize=1024%2C587&amp;ssl=1 1024w\" sizes=\"(max-width: 1188px) 100vw, 1188px\" data-recalc-dims=\"1\" \/> <img loading=\"lazy\" class=\"alignnone size-full wp-image-6561\" src=\"https:\/\/i1.wp.com\/esrawe.com\/2018esrawe\/wp-content\/uploads\/2018\/08\/9.jpg?resize=1188%2C681&#038;ssl=1\" alt=\"\" width=\"1188\" height=\"681\" srcset=\"https:\/\/i1.wp.com\/esrawe.com\/2018esrawe\/wp-content\/uploads\/2018\/08\/9.jpg?w=1188&amp;ssl=1 1188w, https:\/\/i1.wp.com\/esrawe.com\/2018esrawe\/wp-content\/uploads\/2018\/08\/9.jpg?resize=300%2C172&amp;ssl=1 300w, https:\/\/i1.wp.com\/esrawe.com\/2018esrawe\/wp-content\/uploads\/2018\/08\/9.jpg?resize=768%2C440&amp;ssl=1 768w, https:\/\/i1.wp.com\/esrawe.com\/2018esrawe\/wp-content\/uploads\/2018\/08\/9.jpg?resize=1024%2C587&amp;ssl=1 1024w\" sizes=\"(max-width: 1188px) 100vw, 1188px\" data-recalc-dims=\"1\" \/> <img loading=\"lazy\" class=\"alignnone size-full wp-image-6562\" src=\"https:\/\/i2.wp.com\/esrawe.com\/2018esrawe\/wp-content\/uploads\/2018\/08\/10.jpg?resize=1188%2C681&#038;ssl=1\" alt=\"\" width=\"1188\" height=\"681\" srcset=\"https:\/\/i2.wp.com\/esrawe.com\/2018esrawe\/wp-content\/uploads\/2018\/08\/10.jpg?w=1188&amp;ssl=1 1188w, https:\/\/i2.wp.com\/esrawe.com\/2018esrawe\/wp-content\/uploads\/2018\/08\/10.jpg?resize=300%2C172&amp;ssl=1 300w, https:\/\/i2.wp.com\/esrawe.com\/2018esrawe\/wp-content\/uploads\/2018\/08\/10.jpg?resize=768%2C440&amp;ssl=1 768w, https:\/\/i2.wp.com\/esrawe.com\/2018esrawe\/wp-content\/uploads\/2018\/08\/10.jpg?resize=1024%2C587&amp;ssl=1 1024w\" sizes=\"(max-width: 1188px) 100vw, 1188px\" data-recalc-dims=\"1\" \/><\/p>\n<div>\n<h2><\/h2>\n<h2 class=\"ficha\" style=\"font-size: 11px; line-height: 12px; text-align: right; padding-bottom: 20px;\"><strong>Concept + Experience \/ Esrawe Studio \/ 2017<\/strong><br \/>\n<strong>Branding<\/strong> \/ Esrawe Studio<br \/>\n<strong>Design Team<\/strong> \/ Javier Garc\u00eda-Rivera, Mar\u00eda Santib\u00e1\u00f1ez, Aloisio Guerrero, Alessandro Sperdutti, Federico Stefanovich, Daniela Pulido<br \/>\n<strong>Construction Supervision<\/strong> \/ Javier Garc\u00eda-Rivera, Daniela Pulido<br \/>\n<strong>Photography<\/strong> \/ Camila Cossio<\/h2>\n<h2 class=\"ficha\" style=\"font-size: 11px; line-height: 12px; text-align: right; padding-bottom: 20px;\"><strong>External Advisors<br \/>\n<\/strong><strong><br \/>\nBuilder<\/strong> \/ Diycsa<br \/>\n<strong>Lighting<\/strong> \/ LUA Luz en Arquitectura<\/h2>\n<\/div>\n<div class=\"entry-content\"><\/div>\n<h2 class=\"ficha\" style=\"font-size: 10px; line-height: 12px; text-align: right; padding-bottom: 20px;\"><\/h2>\n","protected":false},"excerpt":{"rendered":"<p>Taquer\u00eda El Califa El Califa is already a gastronomic reference if we talk about the best \u201ctaquer\u00edas\u201d in Mexico City, not only for the quality of its ingredients but also for its service and atmosphere. In 2017, the brand started an expansion process and opened a new restaurant. Esrawe Studio found its source of inspiration&#8230;<\/p>\n","protected":false},"author":2,"featured_media":3900,"parent":141,"menu_order":0,"comment_status":"closed","ping_status":"closed","template":"","meta":[],"categories":[214],"tags":[],"_links":{"self":[{"href":"https:\/\/esrawe.com\/2018esrawe\/wp-json\/wp\/v2\/pages\/2264"}],"collection":[{"href":"https:\/\/esrawe.com\/2018esrawe\/wp-json\/wp\/v2\/pages"}],"about":[{"href":"https:\/\/esrawe.com\/2018esrawe\/wp-json\/wp\/v2\/types\/page"}],"author":[{"embeddable":true,"href":"https:\/\/esrawe.com\/2018esrawe\/wp-json\/wp\/v2\/users\/2"}],"replies":[{"embeddable":true,"href":"https:\/\/esrawe.com\/2018esrawe\/wp-json\/wp\/v2\/comments?post=2264"}],"version-history":[{"count":27,"href":"https:\/\/esrawe.com\/2018esrawe\/wp-json\/wp\/v2\/pages\/2264\/revisions"}],"predecessor-version":[{"id":26648,"href":"https:\/\/esrawe.com\/2018esrawe\/wp-json\/wp\/v2\/pages\/2264\/revisions\/26648"}],"up":[{"embeddable":true,"href":"https:\/\/esrawe.com\/2018esrawe\/wp-json\/wp\/v2\/pages\/141"}],"wp:featuredmedia":[{"embeddable":true,"href":"https:\/\/esrawe.com\/2018esrawe\/wp-json\/wp\/v2\/media\/3900"}],"wp:attachment":[{"href":"https:\/\/esrawe.com\/2018esrawe\/wp-json\/wp\/v2\/media?parent=2264"}],"wp:term":[{"taxonomy":"category","embeddable":true,"href":"https:\/\/esrawe.com\/2018esrawe\/wp-json\/wp\/v2\/categories?post=2264"},{"taxonomy":"post_tag","embeddable":true,"href":"https:\/\/esrawe.com\/2018esrawe\/wp-json\/wp\/v2\/tags?post=2264"}],"curies":[{"name":"wp","href":"https:\/\/api.w.org\/{rel}","templated":true}]}}