{"id":2124,"date":"2014-04-01T23:42:48","date_gmt":"2014-04-01T23:42:48","guid":{"rendered":"http:\/\/esrawe.com\/2018esrawe\/?page_id=2124"},"modified":"2020-06-11T20:48:05","modified_gmt":"2020-06-11T20:48:05","slug":"picasso-revelado","status":"publish","type":"page","link":"https:\/\/esrawe.com\/2018esrawe\/proyectos-temporales\/picasso-revelado\/","title":{"rendered":"Picasso Revelado \/ INBA, CDMX, M\u00e9xico \/ 2014"},"content":{"rendered":"<h1><img loading=\"lazy\" src=\"https:\/\/i0.wp.com\/esrawe.com\/2018esrawe\/wp-content\/uploads\/2018\/06\/1-8.jpg?resize=1188%2C681&#038;ssl=1\" alt=\"\" width=\"1188\" height=\"681\" data-recalc-dims=\"1\" \/><\/h1>\n<h1 class=\"title_interior\" style=\"font-size: 11px; padding-top: 46px; padding-bottom: 26px; text-align: center;\"><strong>Exposici\u00f3n INBA, Picasso revelado por David Douglas Duncan<\/strong><\/h1>\n<p class=\"p1 parrafo\" style=\"text-align: center; font-size: 11px; padding-bottom: 20px; padding-left: 10%; padding-right: 10%;\"><span class=\"s1\">Como parte de los festejos por los 80 a\u00f1os del Palacio de Bellas Artes, se organiz\u00f3 la exposici\u00f3n <i>Picasso revelado por David Douglas Duncan<\/i>. En ella se expusieron alrededor de 280 piezas, conformadas por fotograf\u00eda, pintura, cer\u00e1mica, grabado, escultura, dibujo y litograf\u00eda.<\/span><\/p>\n<p class=\"p1 parrafo\" style=\"text-align: center; font-size: 11px; padding-bottom: 20px; padding-left: 10%; padding-right: 10%;\"><span class=\"s1\">Esrawe Studio tuvo el privilegio de desarrollar el dise\u00f1o y la museograf\u00eda, curada por Tatyana Franck de Maud\u2019huy y Stephanie Ansari.<\/span><\/p>\n<p class=\"p1 parrafo\" style=\"text-align: center; font-size: 11px; padding-bottom: 20px; padding-left: 10%; padding-right: 10%;\"><span class=\"s1\">La necesidad de mostrar la extraordinaria relaci\u00f3n que exist\u00eda entre el fot\u00f3grafo y el artista llev\u00f3 al equipo a remontarse a la primera foto que le tom\u00f3. Con una fotograf\u00eda de Picasso en la tina daba inicio la exposici\u00f3n, siendo aquel el primer contacto que tuvo con David Douglas Duncan.<\/span><\/p>\n<p class=\"p1 parrafo\" style=\"text-align: center; font-size: 11px; padding-bottom: 20px; padding-left: 10%; padding-right: 10%;\"><span class=\"s1\">Mediante una estructura invasiva que habitaba de manera longitudinal la Sala Nacional se hizo referencia al espacio de creaci\u00f3n en el que se desarroll\u00f3 esta curiosa simbiosis entre los dos personajes, La Californie. El juego de vanos y muros, la acumulaci\u00f3n de obra, la perspectiva creada y la materialidad, recordaban a las estancias de La Californie y permiti\u00f3 a los visitantes caminar a trav\u00e9s de ellas hasta llegar a lo m\u00e1s profundo e \u00edntimo de la vida de Picasso, retratado por David Douglas Duncan.<\/span><\/p>\n<p class=\"p1 parrafo\" style=\"text-align: center; font-size: 11px; padding-bottom: 20px; padding-left: 10%; padding-right: 10%;\"><span class=\"s1\">Se podr\u00eda decir que la exposici\u00f3n <i>Picasso revelado por David Douglas Duncan<\/i> fue la primera en tomar la obra de dos artistas de la talla de Picasso y Duncan.<\/span><\/p>\n<p class=\"p1 parrafo\" style=\"text-align: center; font-size: 11px; padding-bottom: 20px; padding-left: 10%; padding-right: 10%;\"><span class=\"s1\">A trav\u00e9s de la museograf\u00eda, se quiso representar la relaci\u00f3n \u00edntima que Picasso y Duncan tuvieron con el espacio, la relaci\u00f3n con las habitaciones que componen La Californie; estudio, casa, espacio de convivencia, centro cultural, eje cultural de Europa en muchas ocasiones.<\/span><\/p>\n<p class=\"p1 parrafo\" style=\"text-align: center; font-size: 11px; padding-bottom: 20px; padding-left: 10%; padding-right: 10%;\"><span class=\"s1\">Fue necesario estudiar la relaci\u00f3n de las piezas con el espacio para entender las posibilidades con el museo e identificar la mejor manera de articular a las distintas disciplinas \u2013 museograf\u00eda, curadur\u00eda y dise\u00f1o en un espacio\u2013 en una relaci\u00f3n arm\u00f3nica.<\/span><\/p>\n<p class=\"p1 parrafo\" style=\"text-align: center; font-size: 11px; padding-bottom: 20px; padding-left: 10%; padding-right: 10%;\"><span class=\"s1\">Fue muy relevante entender la l\u00f3gica mental de las curadoras y traducirla al lenguaje en el que estamos habituados a hacer una investigaci\u00f3n y un an\u00e1lisis con el fin de generar un diagnostico que permitiera resolver las necesidad del proyecto y atenderlo en una metodolog\u00eda proyectual desde el punto de vista de dise\u00f1o y espacial. Desde luego, la intenci\u00f3n principal era exhibir la obra de Duncan y de Picasso.<\/span><\/p>\n<h2 class=\"ficha\" style=\"font-size: 10px; line-height: 12px; text-align: right; padding-bottom: 20px;\"><\/h2>\n<h2><img loading=\"lazy\" src=\"https:\/\/i1.wp.com\/esrawe.com\/2018esrawe\/wp-content\/uploads\/2018\/06\/2-1.jpg?resize=1188%2C681&#038;ssl=1\" alt=\"\" width=\"1188\" height=\"681\" data-recalc-dims=\"1\" \/><img loading=\"lazy\" src=\"https:\/\/i2.wp.com\/esrawe.com\/2018esrawe\/wp-content\/uploads\/2018\/06\/4-5.jpg?resize=1188%2C681&#038;ssl=1\" alt=\"\" width=\"1188\" height=\"681\" data-recalc-dims=\"1\" \/><img loading=\"lazy\" src=\"https:\/\/i1.wp.com\/esrawe.com\/2018esrawe\/wp-content\/uploads\/2018\/06\/3-1.jpg?resize=1188%2C681&#038;ssl=1\" alt=\"\" width=\"1188\" height=\"681\" data-recalc-dims=\"1\" \/><img loading=\"lazy\" src=\"https:\/\/i2.wp.com\/esrawe.com\/2018esrawe\/wp-content\/uploads\/2018\/06\/5-3.jpg?resize=1188%2C681&#038;ssl=1\" alt=\"\" width=\"1188\" height=\"681\" data-recalc-dims=\"1\" \/><img loading=\"lazy\" src=\"https:\/\/i1.wp.com\/esrawe.com\/2018esrawe\/wp-content\/uploads\/2018\/06\/6-3.jpg?resize=1188%2C681&#038;ssl=1\" alt=\"\" width=\"1188\" height=\"681\" data-recalc-dims=\"1\" \/><\/h2>\n<h2 class=\"ficha\" style=\"font-size: 11px; line-height: 12px; text-align: right; padding-bottom: 20px;\"><strong>Esrawe Studio \/ 2014<\/strong><br \/>\n<strong>Concepto y desarrollo Museogr\u00e1fico<\/strong> \/ H\u00e9ctor Esrawe,<br \/>\nJavier Garc\u00eda-Rivera, Manuel Ba\u00f1\u00f3 Granell<br \/>\n<strong>Identidad gr\u00e1fica<\/strong> \/ Ang\u00e9lica Krinis Ezquerro<br \/>\n<strong>Proyecto Ejecutivo<\/strong> \/ Mariana N\u00fa\u00f1ez S\u00e1nchez, Berenice Galindo<br \/>\n<strong>Curadur\u00eda<\/strong> \/ Tatyana Franck de Maud\u00b4huy y Stephanie Ansari<br \/>\n<strong>Museograf\u00eda INBA<\/strong> \/ Gustavo A. Garc\u00eda Galicia<br \/>\n<strong>Fotograf\u00eda<\/strong> \/ Jaime Navarro Soto<\/h2>\n<h2 class=\"ficha\" style=\"font-size: 10px; line-height: 12px; text-align: right; padding-bottom: 20px;\"><\/h2>\n","protected":false},"excerpt":{"rendered":"<p>Exposici\u00f3n INBA, Picasso revelado por David Douglas Duncan Como parte de los festejos por los 80 a\u00f1os del Palacio de Bellas Artes, se organiz\u00f3 la exposici\u00f3n Picasso revelado por David Douglas Duncan. En ella se expusieron alrededor de 280 piezas, conformadas por fotograf\u00eda, pintura, cer\u00e1mica, grabado, escultura, dibujo y litograf\u00eda. Esrawe Studio tuvo el privilegio&#8230;<\/p>\n","protected":false},"author":2,"featured_media":4110,"parent":911,"menu_order":0,"comment_status":"closed","ping_status":"closed","template":"","meta":[],"categories":[220],"tags":[],"_links":{"self":[{"href":"https:\/\/esrawe.com\/2018esrawe\/wp-json\/wp\/v2\/pages\/2124"}],"collection":[{"href":"https:\/\/esrawe.com\/2018esrawe\/wp-json\/wp\/v2\/pages"}],"about":[{"href":"https:\/\/esrawe.com\/2018esrawe\/wp-json\/wp\/v2\/types\/page"}],"author":[{"embeddable":true,"href":"https:\/\/esrawe.com\/2018esrawe\/wp-json\/wp\/v2\/users\/2"}],"replies":[{"embeddable":true,"href":"https:\/\/esrawe.com\/2018esrawe\/wp-json\/wp\/v2\/comments?post=2124"}],"version-history":[{"count":19,"href":"https:\/\/esrawe.com\/2018esrawe\/wp-json\/wp\/v2\/pages\/2124\/revisions"}],"predecessor-version":[{"id":13311,"href":"https:\/\/esrawe.com\/2018esrawe\/wp-json\/wp\/v2\/pages\/2124\/revisions\/13311"}],"up":[{"embeddable":true,"href":"https:\/\/esrawe.com\/2018esrawe\/wp-json\/wp\/v2\/pages\/911"}],"wp:featuredmedia":[{"embeddable":true,"href":"https:\/\/esrawe.com\/2018esrawe\/wp-json\/wp\/v2\/media\/4110"}],"wp:attachment":[{"href":"https:\/\/esrawe.com\/2018esrawe\/wp-json\/wp\/v2\/media?parent=2124"}],"wp:term":[{"taxonomy":"category","embeddable":true,"href":"https:\/\/esrawe.com\/2018esrawe\/wp-json\/wp\/v2\/categories?post=2124"},{"taxonomy":"post_tag","embeddable":true,"href":"https:\/\/esrawe.com\/2018esrawe\/wp-json\/wp\/v2\/tags?post=2124"}],"curies":[{"name":"wp","href":"https:\/\/api.w.org\/{rel}","templated":true}]}}