{"id":1789,"date":"2016-06-12T22:58:22","date_gmt":"2016-06-12T22:58:22","guid":{"rendered":"http:\/\/esrawe.com\/2018esrawe\/?page_id=1789"},"modified":"2023-04-28T16:28:39","modified_gmt":"2023-04-28T16:28:39","slug":"1789-2","status":"publish","type":"page","link":"https:\/\/esrawe.com\/2018esrawe\/interiores\/1789-2\/","title":{"rendered":"Casa Club Cabo Norte \/ Yucat\u00e1n, M\u00e9xico \/ 2016"},"content":{"rendered":"<p><img loading=\"lazy\" class=\"alignnone wp-image-3471 size-full\" src=\"https:\/\/i0.wp.com\/esrawe.com\/2018esrawe\/wp-content\/uploads\/2018\/06\/1.1-27.jpg?resize=1200%2C731&#038;ssl=1\" alt=\"\" width=\"1200\" height=\"731\" srcset=\"https:\/\/i0.wp.com\/esrawe.com\/2018esrawe\/wp-content\/uploads\/2018\/06\/1.1-27.jpg?w=2329&amp;ssl=1 2329w, https:\/\/i0.wp.com\/esrawe.com\/2018esrawe\/wp-content\/uploads\/2018\/06\/1.1-27.jpg?resize=300%2C183&amp;ssl=1 300w, https:\/\/i0.wp.com\/esrawe.com\/2018esrawe\/wp-content\/uploads\/2018\/06\/1.1-27.jpg?resize=768%2C468&amp;ssl=1 768w, https:\/\/i0.wp.com\/esrawe.com\/2018esrawe\/wp-content\/uploads\/2018\/06\/1.1-27.jpg?resize=1024%2C624&amp;ssl=1 1024w\" sizes=\"(max-width: 1200px) 100vw, 1200px\" data-recalc-dims=\"1\" \/><\/p>\n<h1 class=\"parrafo title_interior\" style=\"padding: 46px 10% 26px; font-size: 13px; text-align: center;\"><strong>Casa Club <a href=\"https:\/\/www.cabonorte.mx\/\">Cabo Norte<\/a><\/strong><\/h1>\n<p class=\"parrafo\" style=\"font-size: 11px; padding-bottom: 20px; padding-left: 10%; padding-right: 10%; text-align: left;\">El proyecto est\u00e1 ubicado en la parte norte de la ciudad de M\u00e9rida, aproximadamente a ocho kil\u00f3metros del centro hist\u00f3rico. M\u00e9rida, la capital del estado de Yucat\u00e1n, tambi\u00e9n es la m\u00e1s poblada y funciona como el centro log\u00edstico del \u00e1rea metropolitana.\u00a0<strong><a href=\"https:\/\/www.cabonorte.mx\/\">Cabo Norte<\/a><\/strong> ser\u00e1 una comunidad planificada con una visi\u00f3n innovadora del desarrollo sostenible que integra usos residenciales con \u00e1reas recreativas, educativas, comerciales y de entretenimiento rodeadas de naturaleza.<\/p>\n<p><img loading=\"lazy\" class=\"alignnone wp-image-3473 size-full\" src=\"https:\/\/i2.wp.com\/esrawe.com\/2018esrawe\/wp-content\/uploads\/2018\/06\/2.1-11.jpg?resize=1200%2C731&#038;ssl=1\" alt=\"\" width=\"1200\" height=\"731\" srcset=\"https:\/\/i2.wp.com\/esrawe.com\/2018esrawe\/wp-content\/uploads\/2018\/06\/2.1-11.jpg?w=2329&amp;ssl=1 2329w, https:\/\/i2.wp.com\/esrawe.com\/2018esrawe\/wp-content\/uploads\/2018\/06\/2.1-11.jpg?resize=300%2C183&amp;ssl=1 300w, https:\/\/i2.wp.com\/esrawe.com\/2018esrawe\/wp-content\/uploads\/2018\/06\/2.1-11.jpg?resize=768%2C468&amp;ssl=1 768w, https:\/\/i2.wp.com\/esrawe.com\/2018esrawe\/wp-content\/uploads\/2018\/06\/2.1-11.jpg?resize=1024%2C624&amp;ssl=1 1024w\" sizes=\"(max-width: 1200px) 100vw, 1200px\" data-recalc-dims=\"1\" \/><\/p>\n<p><img loading=\"lazy\" class=\"alignnone wp-image-3475 size-full\" src=\"https:\/\/i2.wp.com\/esrawe.com\/2018esrawe\/wp-content\/uploads\/2018\/06\/3.1-17.jpg?resize=1200%2C731&#038;ssl=1\" alt=\"\" width=\"1200\" height=\"731\" srcset=\"https:\/\/i2.wp.com\/esrawe.com\/2018esrawe\/wp-content\/uploads\/2018\/06\/3.1-17.jpg?w=2329&amp;ssl=1 2329w, https:\/\/i2.wp.com\/esrawe.com\/2018esrawe\/wp-content\/uploads\/2018\/06\/3.1-17.jpg?resize=300%2C183&amp;ssl=1 300w, https:\/\/i2.wp.com\/esrawe.com\/2018esrawe\/wp-content\/uploads\/2018\/06\/3.1-17.jpg?resize=768%2C468&amp;ssl=1 768w, https:\/\/i2.wp.com\/esrawe.com\/2018esrawe\/wp-content\/uploads\/2018\/06\/3.1-17.jpg?resize=1024%2C624&amp;ssl=1 1024w\" sizes=\"(max-width: 1200px) 100vw, 1200px\" data-recalc-dims=\"1\" \/><\/p>\n<h2 class=\"ficha\" style=\"font-size: 11px; line-height: 12px; text-align: right; padding-bottom: 20px;\"><img loading=\"lazy\" class=\"alignnone size-full wp-image-5674\" src=\"https:\/\/i2.wp.com\/esrawe.com\/2018esrawe\/wp-content\/uploads\/2018\/07\/nueva1-2.jpg?resize=1188%2C681&#038;ssl=1\" alt=\"\" width=\"1188\" height=\"681\" srcset=\"https:\/\/i2.wp.com\/esrawe.com\/2018esrawe\/wp-content\/uploads\/2018\/07\/nueva1-2.jpg?w=1188&amp;ssl=1 1188w, https:\/\/i2.wp.com\/esrawe.com\/2018esrawe\/wp-content\/uploads\/2018\/07\/nueva1-2.jpg?resize=300%2C172&amp;ssl=1 300w, https:\/\/i2.wp.com\/esrawe.com\/2018esrawe\/wp-content\/uploads\/2018\/07\/nueva1-2.jpg?resize=768%2C440&amp;ssl=1 768w, https:\/\/i2.wp.com\/esrawe.com\/2018esrawe\/wp-content\/uploads\/2018\/07\/nueva1-2.jpg?resize=1024%2C587&amp;ssl=1 1024w\" sizes=\"(max-width: 1188px) 100vw, 1188px\" data-recalc-dims=\"1\" \/> <img loading=\"lazy\" class=\"alignnone size-full wp-image-5675\" src=\"https:\/\/i2.wp.com\/esrawe.com\/2018esrawe\/wp-content\/uploads\/2018\/07\/nueva2-1.jpg?resize=1188%2C681&#038;ssl=1\" alt=\"\" width=\"1188\" height=\"681\" srcset=\"https:\/\/i2.wp.com\/esrawe.com\/2018esrawe\/wp-content\/uploads\/2018\/07\/nueva2-1.jpg?w=1188&amp;ssl=1 1188w, https:\/\/i2.wp.com\/esrawe.com\/2018esrawe\/wp-content\/uploads\/2018\/07\/nueva2-1.jpg?resize=300%2C172&amp;ssl=1 300w, https:\/\/i2.wp.com\/esrawe.com\/2018esrawe\/wp-content\/uploads\/2018\/07\/nueva2-1.jpg?resize=768%2C440&amp;ssl=1 768w, https:\/\/i2.wp.com\/esrawe.com\/2018esrawe\/wp-content\/uploads\/2018\/07\/nueva2-1.jpg?resize=1024%2C587&amp;ssl=1 1024w\" sizes=\"(max-width: 1188px) 100vw, 1188px\" data-recalc-dims=\"1\" \/> <img loading=\"lazy\" class=\"alignnone size-full wp-image-5676\" src=\"https:\/\/i0.wp.com\/esrawe.com\/2018esrawe\/wp-content\/uploads\/2018\/07\/nueva3-2.jpg?resize=1188%2C681&#038;ssl=1\" alt=\"\" width=\"1188\" height=\"681\" srcset=\"https:\/\/i0.wp.com\/esrawe.com\/2018esrawe\/wp-content\/uploads\/2018\/07\/nueva3-2.jpg?w=1188&amp;ssl=1 1188w, https:\/\/i0.wp.com\/esrawe.com\/2018esrawe\/wp-content\/uploads\/2018\/07\/nueva3-2.jpg?resize=300%2C172&amp;ssl=1 300w, https:\/\/i0.wp.com\/esrawe.com\/2018esrawe\/wp-content\/uploads\/2018\/07\/nueva3-2.jpg?resize=768%2C440&amp;ssl=1 768w, https:\/\/i0.wp.com\/esrawe.com\/2018esrawe\/wp-content\/uploads\/2018\/07\/nueva3-2.jpg?resize=1024%2C587&amp;ssl=1 1024w\" sizes=\"(max-width: 1188px) 100vw, 1188px\" data-recalc-dims=\"1\" \/> <strong>Dise\u00f1o<\/strong> <strong>Interior \/ Esrawe Studio \/ 2016<\/strong><br \/>\n<strong>Arquitectura<\/strong> \/ Arquitectura 911<br \/>\n<strong>Equipo de Dise\u00f1o<\/strong> \/ Christian Berdar, Daniel Rodr\u00edguez, Adri\u00e1n Tena<br \/>\n<strong>Fotograf\u00eda<\/strong> \/ Jaime navarro<\/h2>\n","protected":false},"excerpt":{"rendered":"<p>Casa Club Cabo Norte El proyecto est\u00e1 ubicado en la parte norte de la ciudad de M\u00e9rida, aproximadamente a ocho kil\u00f3metros del centro hist\u00f3rico. M\u00e9rida, la capital del estado de Yucat\u00e1n, tambi\u00e9n es la m\u00e1s poblada y funciona como el centro log\u00edstico del \u00e1rea metropolitana.\u00a0Cabo Norte ser\u00e1 una comunidad planificada con una visi\u00f3n innovadora del&#8230;<\/p>\n","protected":false},"author":2,"featured_media":3451,"parent":902,"menu_order":0,"comment_status":"closed","ping_status":"closed","template":"","meta":[],"categories":[218],"tags":[],"_links":{"self":[{"href":"https:\/\/esrawe.com\/2018esrawe\/wp-json\/wp\/v2\/pages\/1789"}],"collection":[{"href":"https:\/\/esrawe.com\/2018esrawe\/wp-json\/wp\/v2\/pages"}],"about":[{"href":"https:\/\/esrawe.com\/2018esrawe\/wp-json\/wp\/v2\/types\/page"}],"author":[{"embeddable":true,"href":"https:\/\/esrawe.com\/2018esrawe\/wp-json\/wp\/v2\/users\/2"}],"replies":[{"embeddable":true,"href":"https:\/\/esrawe.com\/2018esrawe\/wp-json\/wp\/v2\/comments?post=1789"}],"version-history":[{"count":19,"href":"https:\/\/esrawe.com\/2018esrawe\/wp-json\/wp\/v2\/pages\/1789\/revisions"}],"predecessor-version":[{"id":26348,"href":"https:\/\/esrawe.com\/2018esrawe\/wp-json\/wp\/v2\/pages\/1789\/revisions\/26348"}],"up":[{"embeddable":true,"href":"https:\/\/esrawe.com\/2018esrawe\/wp-json\/wp\/v2\/pages\/902"}],"wp:featuredmedia":[{"embeddable":true,"href":"https:\/\/esrawe.com\/2018esrawe\/wp-json\/wp\/v2\/media\/3451"}],"wp:attachment":[{"href":"https:\/\/esrawe.com\/2018esrawe\/wp-json\/wp\/v2\/media?parent=1789"}],"wp:term":[{"taxonomy":"category","embeddable":true,"href":"https:\/\/esrawe.com\/2018esrawe\/wp-json\/wp\/v2\/categories?post=1789"},{"taxonomy":"post_tag","embeddable":true,"href":"https:\/\/esrawe.com\/2018esrawe\/wp-json\/wp\/v2\/tags?post=1789"}],"curies":[{"name":"wp","href":"https:\/\/api.w.org\/{rel}","templated":true}]}}