{"id":1316,"date":"2016-08-15T18:00:29","date_gmt":"2016-08-15T18:00:29","guid":{"rendered":"http:\/\/esrawe.com\/2018esrawe\/?page_id=1316"},"modified":"2023-06-01T15:58:26","modified_gmt":"2023-06-01T15:58:26","slug":"gelatoscopio","status":"publish","type":"page","link":"https:\/\/esrawe.com\/2018esrawe\/interiores\/gelatoscopio\/","title":{"rendered":"Gelatoscopio \/ CDMX, M\u00e9xico \/ 2016"},"content":{"rendered":"<p><img loading=\"lazy\" class=\"alignnone size-full wp-image-3818\" src=\"https:\/\/i0.wp.com\/esrawe.com\/2018esrawe\/wp-content\/uploads\/2018\/06\/1.1-1-37.jpg?resize=1188%2C681&#038;ssl=1\" alt=\"\" width=\"1188\" height=\"681\" srcset=\"https:\/\/i0.wp.com\/esrawe.com\/2018esrawe\/wp-content\/uploads\/2018\/06\/1.1-1-37.jpg?w=1188&amp;ssl=1 1188w, https:\/\/i0.wp.com\/esrawe.com\/2018esrawe\/wp-content\/uploads\/2018\/06\/1.1-1-37.jpg?resize=300%2C172&amp;ssl=1 300w, https:\/\/i0.wp.com\/esrawe.com\/2018esrawe\/wp-content\/uploads\/2018\/06\/1.1-1-37.jpg?resize=768%2C440&amp;ssl=1 768w, https:\/\/i0.wp.com\/esrawe.com\/2018esrawe\/wp-content\/uploads\/2018\/06\/1.1-1-37.jpg?resize=1024%2C587&amp;ssl=1 1024w\" sizes=\"(max-width: 1188px) 100vw, 1188px\" data-recalc-dims=\"1\" \/><\/p>\n<h1 class=\"p1 title_interior\" style=\"font-size: 13px; padding-top: 46px; padding-bottom: 26px; text-align: center;\"><strong><span class=\"s1\">Gelatoscopio<\/span><\/strong><\/h1>\n<p class=\"p1 parrafo\" style=\"font-size: 11px; padding-bottom: 20px; padding-left: 10%; padding-right: 10%; text-align: left;\"><span class=\"s1\">Gelatoscopio\u00ae es una helader\u00eda mexicana inspirada en la b\u00fasqueda de la forma m\u00e1s divertida y aut\u00e9ntica de conectarnos con nuestras emociones, a fin de descubrir una fant\u00e1stica realidad a trav\u00e9s de sabores, texturas y aromas que nos transportan a momentos memorables. Creada por un equipo de apasionados por los postres y el dise\u00f1o, busca convertirse en un referente a trav\u00e9s de una experiencia deliciosa, \u00fanica y diferente para todos.<\/span><\/p>\n<p class=\"p2 parrafo\" style=\"font-size: 11px; padding-bottom: 20px; padding-left: 10%; padding-right: 10%; text-align: left;\"><span class=\"s1\">Es un escenario ut\u00f3pico, inspirado en las m\u00e1quinas fant\u00e1sticas que fueron y siguen siendo el imaginario de un futuro rom\u00e1ntico. La materialidad responde a objetos y naves de car\u00e1cter industrial en donde se emplean materiales met\u00e1licos y acabados brillantes. El objeto es una composici\u00f3n construida a trav\u00e9s de lentes que dialogan con el contexto: lo observan, lo deforman y lo distorsionan, alterando en forma definitiva la relaci\u00f3n de los sentidos con el producto. Los \u201clentes\u201d se componen de diversos mecanismos: lupas, caleidoscopios, espejos e iluminaci\u00f3n.<\/span><\/p>\n<h2 class=\"ficha\" style=\"font-size: 10px; line-height: 12px; text-align: right; padding-bottom: 20px;\"><\/h2>\n<div class=\"tiled-gallery type-rectangular tiled-gallery-unresized\" data-original-width=\"1200\" data-carousel-extra='null' itemscope itemtype=\"http:\/\/schema.org\/ImageGallery\" > <div class=\"gallery-row\" style=\"width: 1200px; height: 696px;\" data-original-width=\"1200\" data-original-height=\"696\" > <div class=\"gallery-group images-1\" style=\"width: 600px; height: 696px;\" data-original-width=\"600\" data-original-height=\"696\" > <div class=\"tiled-gallery-item tiled-gallery-item-large\" itemprop=\"associatedMedia\" itemscope itemtype=\"http:\/\/schema.org\/ImageObject\"> <a href=\"https:\/\/esrawe.com\/2018esrawe\/interiores\/gelatoscopio\/2-1-35\/\" border=\"0\" itemprop=\"url\"> <meta itemprop=\"width\" content=\"596\"> <meta itemprop=\"height\" content=\"692\"> <img data-attachment-id=\"3819\" data-orig-file=\"https:\/\/esrawe.com\/2018esrawe\/wp-content\/uploads\/2018\/06\/2.1-1-19.jpg\" data-orig-size=\"571,663\" data-comments-opened=\"\" data-image-meta=\"{&quot;aperture&quot;:&quot;0&quot;,&quot;credit&quot;:&quot;&quot;,&quot;camera&quot;:&quot;&quot;,&quot;caption&quot;:&quot;&quot;,&quot;created_timestamp&quot;:&quot;0&quot;,&quot;copyright&quot;:&quot;&quot;,&quot;focal_length&quot;:&quot;0&quot;,&quot;iso&quot;:&quot;0&quot;,&quot;shutter_speed&quot;:&quot;0&quot;,&quot;title&quot;:&quot;&quot;,&quot;orientation&quot;:&quot;0&quot;}\" data-image-title=\"2.1-\" data-image-description=\"\" data-medium-file=\"https:\/\/i2.wp.com\/esrawe.com\/2018esrawe\/wp-content\/uploads\/2018\/06\/2.1-1-19.jpg?fit=258%2C300&#038;ssl=1\" data-large-file=\"https:\/\/i2.wp.com\/esrawe.com\/2018esrawe\/wp-content\/uploads\/2018\/06\/2.1-1-19.jpg?fit=571%2C663&#038;ssl=1\" src=\"https:\/\/i2.wp.com\/esrawe.com\/2018esrawe\/wp-content\/uploads\/2018\/06\/2.1-1-19.jpg?ssl=1&#038;w=596&#038;h=692\" width=\"596\" height=\"692\" data-original-width=\"596\" data-original-height=\"692\" itemprop=\"http:\/\/schema.org\/image\" title=\"2.1-\" alt=\"2.1-\" style=\"width: 596px; height: 692px;\" \/> <\/a> <\/div> <\/div> <!-- close group --> <div class=\"gallery-group images-1\" style=\"width: 600px; height: 696px;\" data-original-width=\"600\" data-original-height=\"696\" > <div class=\"tiled-gallery-item tiled-gallery-item-large\" itemprop=\"associatedMedia\" itemscope itemtype=\"http:\/\/schema.org\/ImageObject\"> <a href=\"https:\/\/esrawe.com\/2018esrawe\/interiores\/gelatoscopio\/3-1-42\/\" border=\"0\" itemprop=\"url\"> <meta itemprop=\"width\" content=\"596\"> <meta itemprop=\"height\" content=\"692\"> <img data-attachment-id=\"3820\" data-orig-file=\"https:\/\/esrawe.com\/2018esrawe\/wp-content\/uploads\/2018\/06\/3.1-1-22.jpg\" data-orig-size=\"571,663\" data-comments-opened=\"\" data-image-meta=\"{&quot;aperture&quot;:&quot;0&quot;,&quot;credit&quot;:&quot;&quot;,&quot;camera&quot;:&quot;&quot;,&quot;caption&quot;:&quot;&quot;,&quot;created_timestamp&quot;:&quot;0&quot;,&quot;copyright&quot;:&quot;&quot;,&quot;focal_length&quot;:&quot;0&quot;,&quot;iso&quot;:&quot;0&quot;,&quot;shutter_speed&quot;:&quot;0&quot;,&quot;title&quot;:&quot;&quot;,&quot;orientation&quot;:&quot;0&quot;}\" data-image-title=\"3.1-\" data-image-description=\"\" data-medium-file=\"https:\/\/i1.wp.com\/esrawe.com\/2018esrawe\/wp-content\/uploads\/2018\/06\/3.1-1-22.jpg?fit=258%2C300&#038;ssl=1\" data-large-file=\"https:\/\/i1.wp.com\/esrawe.com\/2018esrawe\/wp-content\/uploads\/2018\/06\/3.1-1-22.jpg?fit=571%2C663&#038;ssl=1\" src=\"https:\/\/i1.wp.com\/esrawe.com\/2018esrawe\/wp-content\/uploads\/2018\/06\/3.1-1-22.jpg?ssl=1&#038;w=596&#038;h=692\" width=\"596\" height=\"692\" data-original-width=\"596\" data-original-height=\"692\" itemprop=\"http:\/\/schema.org\/image\" title=\"3.1-\" alt=\"3.1-\" style=\"width: 596px; height: 692px;\" \/> <\/a> <\/div> <\/div> <!-- close group --> <\/div> <!-- close row --> <\/div>\n<p><img loading=\"lazy\" class=\"alignnone size-full wp-image-3826\" src=\"https:\/\/i0.wp.com\/esrawe.com\/2018esrawe\/wp-content\/uploads\/2018\/06\/4.1-1-22.jpg?resize=1188%2C681&#038;ssl=1\" alt=\"\" width=\"1188\" height=\"681\" srcset=\"https:\/\/i0.wp.com\/esrawe.com\/2018esrawe\/wp-content\/uploads\/2018\/06\/4.1-1-22.jpg?w=1188&amp;ssl=1 1188w, https:\/\/i0.wp.com\/esrawe.com\/2018esrawe\/wp-content\/uploads\/2018\/06\/4.1-1-22.jpg?resize=300%2C172&amp;ssl=1 300w, https:\/\/i0.wp.com\/esrawe.com\/2018esrawe\/wp-content\/uploads\/2018\/06\/4.1-1-22.jpg?resize=768%2C440&amp;ssl=1 768w, https:\/\/i0.wp.com\/esrawe.com\/2018esrawe\/wp-content\/uploads\/2018\/06\/4.1-1-22.jpg?resize=1024%2C587&amp;ssl=1 1024w\" sizes=\"(max-width: 1188px) 100vw, 1188px\" data-recalc-dims=\"1\" \/><\/p>\n<h2><\/h2>\n<h2 class=\"ficha\" style=\"font-size: 10px; line-height: 12px; text-align: right; padding-bottom: 20px;\"><strong>Concepto + Experiencia \/ Esrawe + Cadena \/ 2016<\/strong><br \/>\n<strong>Branding<\/strong> \/ Cadena + Asociados Concept Design<br \/>\n<strong>Equipo de Dise\u00f1o<\/strong><br \/>\nEsrawe Studio \/ Javier Garc\u00eda-Rivera, Mar\u00eda Santiba\u00f1ez, Laura Vela, Hugo Cruz<br \/>\nCadena + Asociados Concept Design \/ Roc\u00edo Serna, Luis Medell\u00edn, Ricardo Bideau<br \/>\n<strong>Fotograf\u00eda<\/strong> \/ Jaime Navarro, Edward Way<\/h2>\n<h2 class=\"ficha\" style=\"font-size: 10px; line-height: 12px; text-align: right; padding-bottom: 20px;\"><strong>Asesores Externos<\/strong><br \/>\n<strong><br \/>\nConstructora<\/strong> \/ Retail Experts<\/h2>\n","protected":false},"excerpt":{"rendered":"<p>Gelatoscopio Gelatoscopio\u00ae es una helader\u00eda mexicana inspirada en la b\u00fasqueda de la forma m\u00e1s divertida y aut\u00e9ntica de conectarnos con nuestras emociones, a fin de descubrir una fant\u00e1stica realidad a trav\u00e9s de sabores, texturas y aromas que nos transportan a momentos memorables. Creada por un equipo de apasionados por los postres y el dise\u00f1o, busca&#8230;<\/p>\n","protected":false},"author":2,"featured_media":1151,"parent":902,"menu_order":0,"comment_status":"closed","ping_status":"closed","template":"","meta":[],"categories":[218],"tags":[],"_links":{"self":[{"href":"https:\/\/esrawe.com\/2018esrawe\/wp-json\/wp\/v2\/pages\/1316"}],"collection":[{"href":"https:\/\/esrawe.com\/2018esrawe\/wp-json\/wp\/v2\/pages"}],"about":[{"href":"https:\/\/esrawe.com\/2018esrawe\/wp-json\/wp\/v2\/types\/page"}],"author":[{"embeddable":true,"href":"https:\/\/esrawe.com\/2018esrawe\/wp-json\/wp\/v2\/users\/2"}],"replies":[{"embeddable":true,"href":"https:\/\/esrawe.com\/2018esrawe\/wp-json\/wp\/v2\/comments?post=1316"}],"version-history":[{"count":18,"href":"https:\/\/esrawe.com\/2018esrawe\/wp-json\/wp\/v2\/pages\/1316\/revisions"}],"predecessor-version":[{"id":26623,"href":"https:\/\/esrawe.com\/2018esrawe\/wp-json\/wp\/v2\/pages\/1316\/revisions\/26623"}],"up":[{"embeddable":true,"href":"https:\/\/esrawe.com\/2018esrawe\/wp-json\/wp\/v2\/pages\/902"}],"wp:featuredmedia":[{"embeddable":true,"href":"https:\/\/esrawe.com\/2018esrawe\/wp-json\/wp\/v2\/media\/1151"}],"wp:attachment":[{"href":"https:\/\/esrawe.com\/2018esrawe\/wp-json\/wp\/v2\/media?parent=1316"}],"wp:term":[{"taxonomy":"category","embeddable":true,"href":"https:\/\/esrawe.com\/2018esrawe\/wp-json\/wp\/v2\/categories?post=1316"},{"taxonomy":"post_tag","embeddable":true,"href":"https:\/\/esrawe.com\/2018esrawe\/wp-json\/wp\/v2\/tags?post=1316"}],"curies":[{"name":"wp","href":"https:\/\/api.w.org\/{rel}","templated":true}]}}