{"id":12209,"date":"2018-07-28T17:54:09","date_gmt":"2018-07-28T17:54:09","guid":{"rendered":"http:\/\/esrawe.com\/2018esrawe\/?page_id=12209"},"modified":"2025-04-21T22:48:48","modified_gmt":"2025-04-21T22:48:48","slug":"cardosanto","status":"publish","type":"page","link":"https:\/\/esrawe.com\/2018esrawe\/interiores\/cardosanto\/","title":{"rendered":"Cardo Santo \/ Valle de Bravo, Estado de M\u00e9xico, M\u00e9xico \/ 2018"},"content":{"rendered":"<p><img loading=\"lazy\" class=\"alignnone wp-image-12211 size-full\" src=\"https:\/\/i0.wp.com\/esrawe.com\/2018esrawe\/wp-content\/uploads\/2020\/05\/Cardo-Santo-2.jpg?resize=1188%2C681&#038;ssl=1\" alt=\"\" width=\"1188\" height=\"681\" srcset=\"https:\/\/i0.wp.com\/esrawe.com\/2018esrawe\/wp-content\/uploads\/2020\/05\/Cardo-Santo-2.jpg?w=1188&amp;ssl=1 1188w, https:\/\/i0.wp.com\/esrawe.com\/2018esrawe\/wp-content\/uploads\/2020\/05\/Cardo-Santo-2.jpg?resize=300%2C172&amp;ssl=1 300w, https:\/\/i0.wp.com\/esrawe.com\/2018esrawe\/wp-content\/uploads\/2020\/05\/Cardo-Santo-2.jpg?resize=768%2C440&amp;ssl=1 768w, https:\/\/i0.wp.com\/esrawe.com\/2018esrawe\/wp-content\/uploads\/2020\/05\/Cardo-Santo-2.jpg?resize=1024%2C587&amp;ssl=1 1024w\" sizes=\"(max-width: 1188px) 100vw, 1188px\" data-recalc-dims=\"1\" \/><\/p>\n<h1 class=\"title_interior title_product_bold\" style=\"font-size: 11px; padding-top: 46px; padding-bottom: 26px; text-align: center; font-weight: bold;\"><strong>Cardo Santo &#8211; Casas de campo en Valle de Bravo\u00a0<\/strong><\/h1>\n<p class=\"parrafo\" style=\"text-align: center; font-size: 11px; padding-bottom: 20px; padding-left: 10%; padding-right: 10%;\">Proyecto de car\u00e1cter sobrio y racional que vincula la arquitectura con la naturaleza convirti\u00e9ndola en la protagonista principal. Cada propiedad se encuentra al centro de un cr\u00e1ter con vegetaci\u00f3n dispuesta de forma radial, asemejando un nido, que abraza cada una de las casas generando una relaci\u00f3n de intimidad con el entorno.<\/p>\n<p class=\"parrafo\" style=\"text-align: center; font-size: 11px; padding-bottom: 20px; padding-left: 10%; padding-right: 10%;\">El proyecto integra un \u00e1rea de amenidades y un cuerpo de agua dentro de la extensi\u00f3n del terreno.<\/p>\n<p class=\"parrafo\" style=\"text-align: center; font-size: 11px; padding-bottom: 20px; padding-left: 10%; padding-right: 10%;\">\n<p><img loading=\"lazy\" class=\"alignnone wp-image-12214 size-full\" src=\"https:\/\/i0.wp.com\/esrawe.com\/2018esrawe\/wp-content\/uploads\/2020\/05\/Cardo-Santo-1.jpg?resize=1188%2C681&#038;ssl=1\" alt=\"\" width=\"1188\" height=\"681\" srcset=\"https:\/\/i0.wp.com\/esrawe.com\/2018esrawe\/wp-content\/uploads\/2020\/05\/Cardo-Santo-1.jpg?w=1188&amp;ssl=1 1188w, https:\/\/i0.wp.com\/esrawe.com\/2018esrawe\/wp-content\/uploads\/2020\/05\/Cardo-Santo-1.jpg?resize=300%2C172&amp;ssl=1 300w, https:\/\/i0.wp.com\/esrawe.com\/2018esrawe\/wp-content\/uploads\/2020\/05\/Cardo-Santo-1.jpg?resize=768%2C440&amp;ssl=1 768w, https:\/\/i0.wp.com\/esrawe.com\/2018esrawe\/wp-content\/uploads\/2020\/05\/Cardo-Santo-1.jpg?resize=1024%2C587&amp;ssl=1 1024w\" sizes=\"(max-width: 1188px) 100vw, 1188px\" data-recalc-dims=\"1\" \/> <img loading=\"lazy\" class=\"alignnone wp-image-12217 size-full\" src=\"https:\/\/i0.wp.com\/esrawe.com\/2018esrawe\/wp-content\/uploads\/2020\/05\/Cardo-Santo-4.jpg?resize=1188%2C681&#038;ssl=1\" alt=\"\" width=\"1188\" height=\"681\" srcset=\"https:\/\/i0.wp.com\/esrawe.com\/2018esrawe\/wp-content\/uploads\/2020\/05\/Cardo-Santo-4.jpg?w=1188&amp;ssl=1 1188w, https:\/\/i0.wp.com\/esrawe.com\/2018esrawe\/wp-content\/uploads\/2020\/05\/Cardo-Santo-4.jpg?resize=300%2C172&amp;ssl=1 300w, https:\/\/i0.wp.com\/esrawe.com\/2018esrawe\/wp-content\/uploads\/2020\/05\/Cardo-Santo-4.jpg?resize=768%2C440&amp;ssl=1 768w, https:\/\/i0.wp.com\/esrawe.com\/2018esrawe\/wp-content\/uploads\/2020\/05\/Cardo-Santo-4.jpg?resize=1024%2C587&amp;ssl=1 1024w\" sizes=\"(max-width: 1188px) 100vw, 1188px\" data-recalc-dims=\"1\" \/> <img loading=\"lazy\" class=\"alignnone wp-image-12219 size-full\" src=\"https:\/\/i1.wp.com\/esrawe.com\/2018esrawe\/wp-content\/uploads\/2020\/05\/Cardo-Santo-3.jpg?resize=1188%2C681&#038;ssl=1\" alt=\"\" width=\"1188\" height=\"681\" srcset=\"https:\/\/i1.wp.com\/esrawe.com\/2018esrawe\/wp-content\/uploads\/2020\/05\/Cardo-Santo-3.jpg?w=1188&amp;ssl=1 1188w, https:\/\/i1.wp.com\/esrawe.com\/2018esrawe\/wp-content\/uploads\/2020\/05\/Cardo-Santo-3.jpg?resize=300%2C172&amp;ssl=1 300w, https:\/\/i1.wp.com\/esrawe.com\/2018esrawe\/wp-content\/uploads\/2020\/05\/Cardo-Santo-3.jpg?resize=768%2C440&amp;ssl=1 768w, https:\/\/i1.wp.com\/esrawe.com\/2018esrawe\/wp-content\/uploads\/2020\/05\/Cardo-Santo-3.jpg?resize=1024%2C587&amp;ssl=1 1024w\" sizes=\"(max-width: 1188px) 100vw, 1188px\" data-recalc-dims=\"1\" \/> <img loading=\"lazy\" class=\"alignnone wp-image-12220 size-full\" src=\"https:\/\/i1.wp.com\/esrawe.com\/2018esrawe\/wp-content\/uploads\/2020\/05\/Cardo-Santo-5.jpg?resize=1188%2C681&#038;ssl=1\" alt=\"\" width=\"1188\" height=\"681\" srcset=\"https:\/\/i1.wp.com\/esrawe.com\/2018esrawe\/wp-content\/uploads\/2020\/05\/Cardo-Santo-5.jpg?w=1188&amp;ssl=1 1188w, https:\/\/i1.wp.com\/esrawe.com\/2018esrawe\/wp-content\/uploads\/2020\/05\/Cardo-Santo-5.jpg?resize=300%2C172&amp;ssl=1 300w, https:\/\/i1.wp.com\/esrawe.com\/2018esrawe\/wp-content\/uploads\/2020\/05\/Cardo-Santo-5.jpg?resize=768%2C440&amp;ssl=1 768w, https:\/\/i1.wp.com\/esrawe.com\/2018esrawe\/wp-content\/uploads\/2020\/05\/Cardo-Santo-5.jpg?resize=1024%2C587&amp;ssl=1 1024w\" sizes=\"(max-width: 1188px) 100vw, 1188px\" data-recalc-dims=\"1\" \/><\/p>\n<p class=\"parrafo\" style=\"text-align: center; font-size: 11px; padding-bottom: 20px; padding-left: 10%; padding-right: 10%;\">\n<h2 class=\"ficha\" style=\"font-size: 11px; line-height: 12px; text-align: right; padding-bottom: 20px;\"><\/h2>\n","protected":false},"excerpt":{"rendered":"<p>Cardo Santo &#8211; Casas de campo en Valle de Bravo\u00a0 Proyecto de car\u00e1cter sobrio y racional que vincula la arquitectura con la naturaleza convirti\u00e9ndola en la protagonista principal. Cada propiedad se encuentra al centro de un cr\u00e1ter con vegetaci\u00f3n dispuesta de forma radial, asemejando un nido, que abraza cada una de las casas generando una&#8230;<\/p>\n","protected":false},"author":2,"featured_media":12304,"parent":902,"menu_order":0,"comment_status":"closed","ping_status":"closed","template":"","meta":[],"categories":[218],"tags":[],"_links":{"self":[{"href":"https:\/\/esrawe.com\/2018esrawe\/wp-json\/wp\/v2\/pages\/12209"}],"collection":[{"href":"https:\/\/esrawe.com\/2018esrawe\/wp-json\/wp\/v2\/pages"}],"about":[{"href":"https:\/\/esrawe.com\/2018esrawe\/wp-json\/wp\/v2\/types\/page"}],"author":[{"embeddable":true,"href":"https:\/\/esrawe.com\/2018esrawe\/wp-json\/wp\/v2\/users\/2"}],"replies":[{"embeddable":true,"href":"https:\/\/esrawe.com\/2018esrawe\/wp-json\/wp\/v2\/comments?post=12209"}],"version-history":[{"count":17,"href":"https:\/\/esrawe.com\/2018esrawe\/wp-json\/wp\/v2\/pages\/12209\/revisions"}],"predecessor-version":[{"id":27506,"href":"https:\/\/esrawe.com\/2018esrawe\/wp-json\/wp\/v2\/pages\/12209\/revisions\/27506"}],"up":[{"embeddable":true,"href":"https:\/\/esrawe.com\/2018esrawe\/wp-json\/wp\/v2\/pages\/902"}],"wp:featuredmedia":[{"embeddable":true,"href":"https:\/\/esrawe.com\/2018esrawe\/wp-json\/wp\/v2\/media\/12304"}],"wp:attachment":[{"href":"https:\/\/esrawe.com\/2018esrawe\/wp-json\/wp\/v2\/media?parent=12209"}],"wp:term":[{"taxonomy":"category","embeddable":true,"href":"https:\/\/esrawe.com\/2018esrawe\/wp-json\/wp\/v2\/categories?post=12209"},{"taxonomy":"post_tag","embeddable":true,"href":"https:\/\/esrawe.com\/2018esrawe\/wp-json\/wp\/v2\/tags?post=12209"}],"curies":[{"name":"wp","href":"https:\/\/api.w.org\/{rel}","templated":true}]}}